{"id":769,"date":"2026-04-18T14:51:32","date_gmt":"2026-04-18T14:51:32","guid":{"rendered":"https:\/\/shopbanh.azdigi.shop\/?post_type=product&#038;p=769"},"modified":"2026-04-18T14:51:32","modified_gmt":"2026-04-18T14:51:32","slug":"banh-khuc-cay-socola-giang-sinh-truyen-thong","status":"publish","type":"product","link":"https:\/\/shopbanh.azdigi.shop\/index.php\/san-pham\/banh-khuc-cay-socola-giang-sinh-truyen-thong\/","title":{"rendered":"B\u00e1nh Kh\u00fac C\u00e2y Socola Gi\u00e1ng Sinh"},"content":{"rendered":"<h2 data-path-to-node=\"6\"><b data-path-to-node=\"6\" data-index-in-node=\"0\">B\u00e1nh kh\u00fac c\u00e2y socola \u2013 Bi\u1ec3u t\u01b0\u1ee3ng ng\u1ecdt ng\u00e0o cho m\u00f9a Gi\u00e1ng sinh<\/b><\/h2>\n<p data-path-to-node=\"7\">Khi nh\u1eefng giai \u0111i\u1ec7u Jingle Bells vang l\u00ean c\u0169ng l\u00e0 l\u00fac chi\u1ebfc <b data-path-to-node=\"7\" data-index-in-node=\"60\">b\u00e1nh kh\u00fac c\u00e2y<\/b> (B\u00fbche de No\u00ebl) xu\u1ea5t hi\u1ec7n tr\u00ean b\u00e0n ti\u1ec7c c\u1ee7a m\u1ecdi gia \u0111\u00ecnh. T\u1ea1i c\u1eeda h\u00e0ng, ch\u00fang t\u00f4i mang \u0111\u1ebfn phi\u00ean b\u1ea3n <b data-path-to-node=\"7\" data-index-in-node=\"175\">b\u00e1nh kh\u00fac c\u00e2y<\/b> socola chu\u1ea9n v\u1ecb Ph\u00e1p, k\u1ebft h\u1ee3p gi\u1eefa ngh\u1ec7 thu\u1eadt t\u1ea1o h\u00ecnh th\u1ee7 c\u00f4ng v\u00e0 nguy\u00ean li\u1ec7u cao c\u1ea5p nh\u1ea5t.<\/p>\n<h3 data-path-to-node=\"8\"><b data-path-to-node=\"8\" data-index-in-node=\"0\">\u0110i\u1ec1u g\u00ec l\u00e0m n\u00ean s\u1ee9c h\u1ea5p d\u1eabn c\u1ee7a chi\u1ebfc b\u00e1nh kh\u00fac c\u00e2y ch\u00fang t\u00f4i?<\/b><\/h3>\n<ul data-path-to-node=\"9\">\n<li>\n<p data-path-to-node=\"9,0,0\"><b data-path-to-node=\"9,0,0\" data-index-in-node=\"0\">T\u1ea1o h\u00ecnh v\u00e2n g\u1ed7 th\u1ee7 c\u00f4ng:<\/b> L\u1edbp ph\u1ee7 b\u00ean ngo\u00e0i \u0111\u01b0\u1ee3c ngh\u1ec7 nh\u00e2n c\u1ee7a ch\u00fang t\u00f4i s\u1eed d\u1ee5ng k\u1ef9 thu\u1eadt ph\u1ebft ganache t\u1ec9 m\u1ec9, t\u1ea1o n\u00ean nh\u1eefng \u0111\u01b0\u1eddng v\u00e2n g\u1ed7 t\u1ef1 nhi\u00ean r\u1eadm r\u1ea1p, khi\u1ebfn chi\u1ebfc <b data-path-to-node=\"9,0,0\" data-index-in-node=\"167\">b\u00e1nh kh\u00fac c\u00e2y<\/b> tr\u00f4ng nh\u01b0 m\u1ed9t t\u00e1c ph\u1ea9m ngh\u1ec7 thu\u1eadt b\u01b0\u1edbc ra t\u1eeb khu r\u1eebng tuy\u1ebft.<\/p>\n<\/li>\n<li>\n<p data-path-to-node=\"9,1,0\"><b data-path-to-node=\"9,1,0\" data-index-in-node=\"0\">C\u1ed1t b\u00e1nh Gato cu\u1ed9n m\u1ec1m m\u1ecbn:<\/b> Linh h\u1ed3n c\u1ee7a chi\u1ebfc <b data-path-to-node=\"9,1,0\" data-index-in-node=\"47\">b\u00e1nh kh\u00fac c\u00e2y<\/b> l\u00e0 l\u1edbp b\u00e1nh b\u00f4ng lan cu\u1ed9n kem socola m\u1ecbn m\u00e0ng. \u0110\u1ed9 \u1ea9m ho\u00e0n h\u1ea3o gi\u00fap b\u00e1nh tan ngay tr\u00ean \u0111\u1ea7u l\u01b0\u1ee1i, kh\u00f4ng g\u00e2y c\u1ea3m gi\u00e1c kh\u00f4 hay ng\u1ea5y.<\/p>\n<\/li>\n<li>\n<p data-path-to-node=\"9,2,0\"><b data-path-to-node=\"9,2,0\" data-index-in-node=\"0\">Socola \u0111en nguy\u00ean ch\u1ea5t:<\/b> Ch\u00fang t\u00f4i s\u1eed d\u1ee5ng socola h\u00e0m l\u01b0\u1ee3ng cacao cao \u0111\u1ec3 t\u1ea1o n\u00ean v\u1ecb \u0111\u1eafng thanh v\u00e0 h\u01b0\u01a1ng th\u01a1m n\u1ed3ng n\u00e0n \u0111\u1eb7c tr\u01b0ng cho m\u00f3n <b data-path-to-node=\"9,2,0\" data-index-in-node=\"135\">b\u00e1nh kh\u00fac c\u00e2y<\/b> truy\u1ec1n th\u1ed1ng.<\/p>\n<\/li>\n<\/ul>\n<h3 data-path-to-node=\"10\"><b data-path-to-node=\"10\" data-index-in-node=\"0\">Trang tr\u00ed \u0111\u1eadm ch\u1ea5t l\u1ec5 h\u1ed9i<\/b><\/h3>\n<p data-path-to-node=\"11\">M\u1ed7i chi\u1ebfc <b data-path-to-node=\"11\" data-index-in-node=\"10\">b\u00e1nh kh\u00fac c\u00e2y<\/b> \u0111\u01b0\u1ee3c \u0111i\u1ec3m xuy\u1ebft b\u1eb1ng m\u1ed9t ch\u00fat \u0111\u01b0\u1eddng b\u1ed9t tr\u1eafng t\u1ef1a tuy\u1ebft r\u01a1i, v\u00e0i nh\u00e0nh h\u01b0\u01a1ng th\u1ea3o xanh m\u01b0\u1edbt v\u00e0 nh\u1eefng qu\u1ea3 m\u1ecdng \u0111\u1ecf r\u1ef1c, t\u1ea1o n\u00ean m\u1ed9t khung c\u1ea3nh m\u00f9a \u0111\u00f4ng tuy\u1ec7t \u0111\u1eb9p ngay tr\u00ean b\u00e0n \u0103n c\u1ee7a b\u1ea1n. \u0110\u00e2y ch\u1eafc ch\u1eafn l\u00e0 m\u00f3n qu\u00e0 tinh th\u1ea7n tuy\u1ec7t v\u1eddi \u0111\u1ec3 g\u1eedi trao l\u1eddi ch\u00fac an l\u00e0nh \u0111\u1ebfn nh\u1eefng ng\u01b0\u1eddi th\u00e2n y\u00eau.<\/p>\n","protected":false},"excerpt":{"rendered":"<p>Mang kh\u00f4ng kh\u00ed Noel v\u00e0o nh\u00e0 v\u1edbi chi\u1ebfc <b data-path-to-node=\"4,4,1,0\" data-index-in-node=\"38\">b\u00e1nh kh\u00fac c\u00e2y<\/b> socola th\u01b0\u1ee3ng h\u1ea1ng. C\u1ed1t b\u00e1nh m\u1ec1m m\u1ecbn, l\u1edbp ganache \u0111\u1eadm \u0111\u00e0 t\u1ea1o h\u00ecnh v\u00e2n g\u1ed7 t\u1ef1 nhi\u00ean, m\u00f3n <b data-path-to-node=\"4,4,1,0\" data-index-in-node=\"139\">b\u00e1nh kh\u00fac c\u00e2y<\/b> ho\u00e0n h\u1ea3o cho \u0111\u00eam Gi\u00e1ng sinh \u1ea5m \u00e1p.<\/p>\n","protected":false},"featured_media":508,"comment_status":"open","ping_status":"closed","template":"","meta":[],"product_brand":[],"product_cat":[22,25],"product_tag":[],"class_list":{"0":"post-769","1":"product","2":"type-product","3":"status-publish","4":"has-post-thumbnail","6":"product_cat-banh-chau-au","7":"product_cat-banh-mua-le","9":"first","10":"instock","11":"sale","12":"shipping-taxable","13":"purchasable","14":"product-type-variable"},"yoast_head":"<!-- This site is optimized with the Yoast SEO plugin v27.1.1 - https:\/\/yoast.com\/product\/yoast-seo-wordpress\/ -->\n<title>B\u00e1nh Kh\u00fac C\u00e2y Socola Gi\u00e1ng Sinh - Beekeray<\/title>\n<meta name=\"description\" content=\"B\u1ea1n c\u1ea7n t\u00ecm b\u00e1nh kh\u00fac c\u00e2y Noel? Shop cung c\u1ea5p b\u00e1nh kh\u00fac c\u00e2y socola truy\u1ec1n th\u1ed1ng, t\u0110\u1eb7t mua b\u00e1nh kh\u00fac c\u00e2y ngay \u0111\u1ec3 nh\u1eadn \u01b0u \u0111\u00e3i Gi\u00e1ng sinh!\" \/>\n<meta name=\"robots\" content=\"index, follow, max-snippet:-1, max-image-preview:large, max-video-preview:-1\" \/>\n<link rel=\"canonical\" href=\"https:\/\/shopbanh.azdigi.shop\/index.php\/san-pham\/banh-khuc-cay-socola-giang-sinh-truyen-thong\/\" \/>\n<meta property=\"og:locale\" content=\"vi_VN\" \/>\n<meta property=\"og:type\" content=\"article\" \/>\n<meta property=\"og:title\" content=\"B\u00e1nh Kh\u00fac C\u00e2y Socola Gi\u00e1ng Sinh - Beekeray\" \/>\n<meta property=\"og:description\" content=\"B\u1ea1n c\u1ea7n t\u00ecm b\u00e1nh kh\u00fac c\u00e2y Noel? Shop cung c\u1ea5p b\u00e1nh kh\u00fac c\u00e2y socola truy\u1ec1n th\u1ed1ng, t\u0110\u1eb7t mua b\u00e1nh kh\u00fac c\u00e2y ngay \u0111\u1ec3 nh\u1eadn \u01b0u \u0111\u00e3i Gi\u00e1ng sinh!\" \/>\n<meta property=\"og:url\" content=\"https:\/\/shopbanh.azdigi.shop\/index.php\/san-pham\/banh-khuc-cay-socola-giang-sinh-truyen-thong\/\" \/>\n<meta property=\"og:site_name\" content=\"Beekeray\" \/>\n<meta property=\"og:image\" content=\"https:\/\/shopbanh.azdigi.shop\/wp-content\/uploads\/2026\/04\/download-12.jpg\" \/>\n\t<meta property=\"og:image:width\" content=\"736\" \/>\n\t<meta property=\"og:image:height\" content=\"736\" \/>\n\t<meta property=\"og:image:type\" content=\"image\/jpeg\" \/>\n<meta name=\"twitter:card\" content=\"summary_large_image\" \/>\n<meta name=\"twitter:label1\" content=\"\u01af\u1edbc t\u00ednh th\u1eddi gian \u0111\u1ecdc\" \/>\n\t<meta name=\"twitter:data1\" content=\"2 ph\u00fat\" \/>\n<script type=\"application\/ld+json\" class=\"yoast-schema-graph\">{\"@context\":\"https:\/\/schema.org\",\"@graph\":[{\"@type\":\"WebPage\",\"@id\":\"https:\/\/shopbanh.azdigi.shop\/index.php\/san-pham\/banh-khuc-cay-socola-giang-sinh-truyen-thong\/\",\"url\":\"https:\/\/shopbanh.azdigi.shop\/index.php\/san-pham\/banh-khuc-cay-socola-giang-sinh-truyen-thong\/\",\"name\":\"B\u00e1nh Kh\u00fac C\u00e2y Socola Gi\u00e1ng Sinh - Beekeray\",\"isPartOf\":{\"@id\":\"https:\/\/shopbanh.azdigi.shop\/#website\"},\"primaryImageOfPage\":{\"@id\":\"https:\/\/shopbanh.azdigi.shop\/index.php\/san-pham\/banh-khuc-cay-socola-giang-sinh-truyen-thong\/#primaryimage\"},\"image\":{\"@id\":\"https:\/\/shopbanh.azdigi.shop\/index.php\/san-pham\/banh-khuc-cay-socola-giang-sinh-truyen-thong\/#primaryimage\"},\"thumbnailUrl\":\"https:\/\/shopbanh.azdigi.shop\/wp-content\/uploads\/2026\/04\/download-12.jpg\",\"datePublished\":\"2026-04-18T14:51:32+00:00\",\"description\":\"B\u1ea1n c\u1ea7n t\u00ecm b\u00e1nh kh\u00fac c\u00e2y Noel? Shop cung c\u1ea5p b\u00e1nh kh\u00fac c\u00e2y socola truy\u1ec1n th\u1ed1ng, t\u0110\u1eb7t mua b\u00e1nh kh\u00fac c\u00e2y ngay \u0111\u1ec3 nh\u1eadn \u01b0u \u0111\u00e3i Gi\u00e1ng sinh!\",\"breadcrumb\":{\"@id\":\"https:\/\/shopbanh.azdigi.shop\/index.php\/san-pham\/banh-khuc-cay-socola-giang-sinh-truyen-thong\/#breadcrumb\"},\"inLanguage\":\"vi\",\"potentialAction\":[{\"@type\":\"ReadAction\",\"target\":[\"https:\/\/shopbanh.azdigi.shop\/index.php\/san-pham\/banh-khuc-cay-socola-giang-sinh-truyen-thong\/\"]}]},{\"@type\":\"ImageObject\",\"inLanguage\":\"vi\",\"@id\":\"https:\/\/shopbanh.azdigi.shop\/index.php\/san-pham\/banh-khuc-cay-socola-giang-sinh-truyen-thong\/#primaryimage\",\"url\":\"https:\/\/shopbanh.azdigi.shop\/wp-content\/uploads\/2026\/04\/download-12.jpg\",\"contentUrl\":\"https:\/\/shopbanh.azdigi.shop\/wp-content\/uploads\/2026\/04\/download-12.jpg\",\"width\":736,\"height\":736},{\"@type\":\"BreadcrumbList\",\"@id\":\"https:\/\/shopbanh.azdigi.shop\/index.php\/san-pham\/banh-khuc-cay-socola-giang-sinh-truyen-thong\/#breadcrumb\",\"itemListElement\":[{\"@type\":\"ListItem\",\"position\":1,\"name\":\"Home\",\"item\":\"https:\/\/shopbanh.azdigi.shop\/\"},{\"@type\":\"ListItem\",\"position\":2,\"name\":\"C\u1eeda h\u00e0ng\",\"item\":\"https:\/\/shopbanh.azdigi.shop\/index.php\/cua-hang\/\"},{\"@type\":\"ListItem\",\"position\":3,\"name\":\"B\u00e1nh Kh\u00fac C\u00e2y Socola Gi\u00e1ng Sinh\"}]},{\"@type\":\"WebSite\",\"@id\":\"https:\/\/shopbanh.azdigi.shop\/#website\",\"url\":\"https:\/\/shopbanh.azdigi.shop\/\",\"name\":\"Beekeray\",\"description\":\"\",\"publisher\":{\"@id\":\"https:\/\/shopbanh.azdigi.shop\/#\/schema\/person\/8cb6f523c7260b11946ab8fec433d460\"},\"potentialAction\":[{\"@type\":\"SearchAction\",\"target\":{\"@type\":\"EntryPoint\",\"urlTemplate\":\"https:\/\/shopbanh.azdigi.shop\/?s={search_term_string}\"},\"query-input\":{\"@type\":\"PropertyValueSpecification\",\"valueRequired\":true,\"valueName\":\"search_term_string\"}}],\"inLanguage\":\"vi\"},{\"@type\":[\"Person\",\"Organization\"],\"@id\":\"https:\/\/shopbanh.azdigi.shop\/#\/schema\/person\/8cb6f523c7260b11946ab8fec433d460\",\"name\":\"phuoc thanh\",\"image\":{\"@type\":\"ImageObject\",\"inLanguage\":\"vi\",\"@id\":\"https:\/\/shopbanh.azdigi.shop\/#\/schema\/person\/image\/\",\"url\":\"https:\/\/shopbanh.azdigi.shop\/wp-content\/uploads\/2026\/01\/ong-ban-banh-xp.png\",\"contentUrl\":\"https:\/\/shopbanh.azdigi.shop\/wp-content\/uploads\/2026\/01\/ong-ban-banh-xp.png\",\"width\":290,\"height\":290,\"caption\":\"phuoc thanh\"},\"logo\":{\"@id\":\"https:\/\/shopbanh.azdigi.shop\/#\/schema\/person\/image\/\"},\"sameAs\":[\"https:\/\/shopbanh.azdigi.shop\"]}]}<\/script>\n<!-- \/ Yoast SEO plugin. -->","yoast_head_json":{"title":"B\u00e1nh Kh\u00fac C\u00e2y Socola Gi\u00e1ng Sinh - Beekeray","description":"B\u1ea1n c\u1ea7n t\u00ecm b\u00e1nh kh\u00fac c\u00e2y Noel? Shop cung c\u1ea5p b\u00e1nh kh\u00fac c\u00e2y socola truy\u1ec1n th\u1ed1ng, t\u0110\u1eb7t mua b\u00e1nh kh\u00fac c\u00e2y ngay \u0111\u1ec3 nh\u1eadn \u01b0u \u0111\u00e3i Gi\u00e1ng sinh!","robots":{"index":"index","follow":"follow","max-snippet":"max-snippet:-1","max-image-preview":"max-image-preview:large","max-video-preview":"max-video-preview:-1"},"canonical":"https:\/\/shopbanh.azdigi.shop\/index.php\/san-pham\/banh-khuc-cay-socola-giang-sinh-truyen-thong\/","og_locale":"vi_VN","og_type":"article","og_title":"B\u00e1nh Kh\u00fac C\u00e2y Socola Gi\u00e1ng Sinh - Beekeray","og_description":"B\u1ea1n c\u1ea7n t\u00ecm b\u00e1nh kh\u00fac c\u00e2y Noel? Shop cung c\u1ea5p b\u00e1nh kh\u00fac c\u00e2y socola truy\u1ec1n th\u1ed1ng, t\u0110\u1eb7t mua b\u00e1nh kh\u00fac c\u00e2y ngay \u0111\u1ec3 nh\u1eadn \u01b0u \u0111\u00e3i Gi\u00e1ng sinh!","og_url":"https:\/\/shopbanh.azdigi.shop\/index.php\/san-pham\/banh-khuc-cay-socola-giang-sinh-truyen-thong\/","og_site_name":"Beekeray","og_image":[{"width":736,"height":736,"url":"https:\/\/shopbanh.azdigi.shop\/wp-content\/uploads\/2026\/04\/download-12.jpg","type":"image\/jpeg"}],"twitter_card":"summary_large_image","twitter_misc":{"\u01af\u1edbc t\u00ednh th\u1eddi gian \u0111\u1ecdc":"2 ph\u00fat"},"schema":{"@context":"https:\/\/schema.org","@graph":[{"@type":"WebPage","@id":"https:\/\/shopbanh.azdigi.shop\/index.php\/san-pham\/banh-khuc-cay-socola-giang-sinh-truyen-thong\/","url":"https:\/\/shopbanh.azdigi.shop\/index.php\/san-pham\/banh-khuc-cay-socola-giang-sinh-truyen-thong\/","name":"B\u00e1nh Kh\u00fac C\u00e2y Socola Gi\u00e1ng Sinh - Beekeray","isPartOf":{"@id":"https:\/\/shopbanh.azdigi.shop\/#website"},"primaryImageOfPage":{"@id":"https:\/\/shopbanh.azdigi.shop\/index.php\/san-pham\/banh-khuc-cay-socola-giang-sinh-truyen-thong\/#primaryimage"},"image":{"@id":"https:\/\/shopbanh.azdigi.shop\/index.php\/san-pham\/banh-khuc-cay-socola-giang-sinh-truyen-thong\/#primaryimage"},"thumbnailUrl":"https:\/\/shopbanh.azdigi.shop\/wp-content\/uploads\/2026\/04\/download-12.jpg","datePublished":"2026-04-18T14:51:32+00:00","description":"B\u1ea1n c\u1ea7n t\u00ecm b\u00e1nh kh\u00fac c\u00e2y Noel? Shop cung c\u1ea5p b\u00e1nh kh\u00fac c\u00e2y socola truy\u1ec1n th\u1ed1ng, t\u0110\u1eb7t mua b\u00e1nh kh\u00fac c\u00e2y ngay \u0111\u1ec3 nh\u1eadn \u01b0u \u0111\u00e3i Gi\u00e1ng sinh!","breadcrumb":{"@id":"https:\/\/shopbanh.azdigi.shop\/index.php\/san-pham\/banh-khuc-cay-socola-giang-sinh-truyen-thong\/#breadcrumb"},"inLanguage":"vi","potentialAction":[{"@type":"ReadAction","target":["https:\/\/shopbanh.azdigi.shop\/index.php\/san-pham\/banh-khuc-cay-socola-giang-sinh-truyen-thong\/"]}]},{"@type":"ImageObject","inLanguage":"vi","@id":"https:\/\/shopbanh.azdigi.shop\/index.php\/san-pham\/banh-khuc-cay-socola-giang-sinh-truyen-thong\/#primaryimage","url":"https:\/\/shopbanh.azdigi.shop\/wp-content\/uploads\/2026\/04\/download-12.jpg","contentUrl":"https:\/\/shopbanh.azdigi.shop\/wp-content\/uploads\/2026\/04\/download-12.jpg","width":736,"height":736},{"@type":"BreadcrumbList","@id":"https:\/\/shopbanh.azdigi.shop\/index.php\/san-pham\/banh-khuc-cay-socola-giang-sinh-truyen-thong\/#breadcrumb","itemListElement":[{"@type":"ListItem","position":1,"name":"Home","item":"https:\/\/shopbanh.azdigi.shop\/"},{"@type":"ListItem","position":2,"name":"C\u1eeda h\u00e0ng","item":"https:\/\/shopbanh.azdigi.shop\/index.php\/cua-hang\/"},{"@type":"ListItem","position":3,"name":"B\u00e1nh Kh\u00fac C\u00e2y Socola Gi\u00e1ng Sinh"}]},{"@type":"WebSite","@id":"https:\/\/shopbanh.azdigi.shop\/#website","url":"https:\/\/shopbanh.azdigi.shop\/","name":"Beekeray","description":"","publisher":{"@id":"https:\/\/shopbanh.azdigi.shop\/#\/schema\/person\/8cb6f523c7260b11946ab8fec433d460"},"potentialAction":[{"@type":"SearchAction","target":{"@type":"EntryPoint","urlTemplate":"https:\/\/shopbanh.azdigi.shop\/?s={search_term_string}"},"query-input":{"@type":"PropertyValueSpecification","valueRequired":true,"valueName":"search_term_string"}}],"inLanguage":"vi"},{"@type":["Person","Organization"],"@id":"https:\/\/shopbanh.azdigi.shop\/#\/schema\/person\/8cb6f523c7260b11946ab8fec433d460","name":"phuoc thanh","image":{"@type":"ImageObject","inLanguage":"vi","@id":"https:\/\/shopbanh.azdigi.shop\/#\/schema\/person\/image\/","url":"https:\/\/shopbanh.azdigi.shop\/wp-content\/uploads\/2026\/01\/ong-ban-banh-xp.png","contentUrl":"https:\/\/shopbanh.azdigi.shop\/wp-content\/uploads\/2026\/01\/ong-ban-banh-xp.png","width":290,"height":290,"caption":"phuoc thanh"},"logo":{"@id":"https:\/\/shopbanh.azdigi.shop\/#\/schema\/person\/image\/"},"sameAs":["https:\/\/shopbanh.azdigi.shop"]}]}},"_links":{"self":[{"href":"https:\/\/shopbanh.azdigi.shop\/index.php\/wp-json\/wp\/v2\/product\/769","targetHints":{"allow":["GET"]}}],"collection":[{"href":"https:\/\/shopbanh.azdigi.shop\/index.php\/wp-json\/wp\/v2\/product"}],"about":[{"href":"https:\/\/shopbanh.azdigi.shop\/index.php\/wp-json\/wp\/v2\/types\/product"}],"replies":[{"embeddable":true,"href":"https:\/\/shopbanh.azdigi.shop\/index.php\/wp-json\/wp\/v2\/comments?post=769"}],"wp:featuredmedia":[{"embeddable":true,"href":"https:\/\/shopbanh.azdigi.shop\/index.php\/wp-json\/wp\/v2\/media\/508"}],"wp:attachment":[{"href":"https:\/\/shopbanh.azdigi.shop\/index.php\/wp-json\/wp\/v2\/media?parent=769"}],"wp:term":[{"taxonomy":"product_brand","embeddable":true,"href":"https:\/\/shopbanh.azdigi.shop\/index.php\/wp-json\/wp\/v2\/product_brand?post=769"},{"taxonomy":"product_cat","embeddable":true,"href":"https:\/\/shopbanh.azdigi.shop\/index.php\/wp-json\/wp\/v2\/product_cat?post=769"},{"taxonomy":"product_tag","embeddable":true,"href":"https:\/\/shopbanh.azdigi.shop\/index.php\/wp-json\/wp\/v2\/product_tag?post=769"}],"curies":[{"name":"wp","href":"https:\/\/api.w.org\/{rel}","templated":true}]}}