{"id":658,"date":"2026-04-16T17:15:03","date_gmt":"2026-04-16T17:15:03","guid":{"rendered":"https:\/\/shopbanh.azdigi.shop\/?post_type=product&#038;p=658"},"modified":"2026-04-19T04:20:59","modified_gmt":"2026-04-19T04:20:59","slug":"banh-muffin-rau-cu","status":"publish","type":"product","link":"https:\/\/shopbanh.azdigi.shop\/index.php\/san-pham\/banh-muffin-rau-cu\/","title":{"rendered":"B\u00e1nh Muffin Rau C\u1ee7"},"content":{"rendered":"<h2 data-path-to-node=\"6\"><b data-path-to-node=\"6\" data-index-in-node=\"0\">B\u00e1nh muffin rau c\u1ee7 \u2013 Tuy\u1ec7t t\u00e1c &#8220;nhung \u0111en&#8221; t\u1eeb b\u00ed ng\u00f2i v\u00e0 socola<\/b><\/h2>\n<p data-path-to-node=\"7\">B\u1ea1n c\u00f3 tin r\u1eb1ng m\u1ed9t chi\u1ebfc <b data-path-to-node=\"7\" data-index-in-node=\"26\">b\u00e1nh muffin<\/b> socola \u0111\u1eadm \u0111\u00e0 l\u1ea1i ch\u1ee9a \u0111\u1ef1ng l\u01b0\u1ee3ng rau c\u1ee7 d\u1ed3i d\u00e0o? V\u1edbi d\u00f2ng <b data-path-to-node=\"7\" data-index-in-node=\"97\">b\u00e1nh muffin<\/b> b\u00ed ng\u00f2i socola \u0111en c\u1ee7a ch\u00fang t\u00f4i, b\u1ea1n s\u1ebd ho\u00e0n to\u00e0n b\u1ea5t ng\u1edd. \u0110\u00e2y l\u00e0 m\u00f3n b\u00e1nh d\u00e0nh cho nh\u1eefng ai \u0111ang t\u00ecm ki\u1ebfm m\u1ed9t b\u1eefa ph\u1ee5 l\u00e0nh m\u1ea1nh nh\u01b0ng v\u1eabn th\u1ecfa m\u00e3n c\u01a1n th\u00e8m ng\u1ecdt m\u1ed9t c\u00e1ch tinh t\u1ebf.<\/p>\n<h3 data-path-to-node=\"8\"><b data-path-to-node=\"8\" data-index-in-node=\"0\">B\u00ed m\u1eadt \u0111\u1eb1ng sau c\u1ed1t b\u00e1nh muffin m\u1ec1m m\u1ecbn nh\u01b0 nhung<\/b><\/h3>\n<ul data-path-to-node=\"9\">\n<li>\n<p data-path-to-node=\"9,0,0\"><b data-path-to-node=\"9,0,0\" data-index-in-node=\"0\">B\u00ed ng\u00f2i (Zucchini) \u2013 &#8220;Ng\u01b0\u1eddi h\u00f9ng th\u1ea7m l\u1eb7ng&#8221;:<\/b> B\u00ed ng\u00f2i c\u00f3 t\u00ednh ch\u1ea5t ng\u1eadm n\u01b0\u1edbc t\u1ef1 nhi\u00ean. Khi n\u01b0\u1edbng, b\u00ed ng\u00f2i tan ch\u1ea3y ho\u00e0n to\u00e0n v\u00e0o c\u1ed1t b\u00e1nh, t\u1ea1o ra \u0111\u1ed9 \u1ea9m m\u01b0\u1ee3t \u0111\u1ec9nh cao m\u00e0 kh\u00f4ng c\u1ea7n s\u1eed d\u1ee5ng qu\u00e1 nhi\u1ec1u d\u1ea7u hay b\u01a1. B\u1ea1n s\u1ebd kh\u00f4ng bao gi\u1edd nh\u1eadn ra s\u1ef1 hi\u1ec7n di\u1ec7n c\u1ee7a rau c\u1ee7, ch\u1ec9 th\u1ea5y chi\u1ebfc <b data-path-to-node=\"9,0,0\" data-index-in-node=\"277\">b\u00e1nh muffin<\/b> tan ngay tr\u00ean \u0111\u1ea7u l\u01b0\u1ee1i.<\/p>\n<\/li>\n<li>\n<p data-path-to-node=\"9,1,0\"><b data-path-to-node=\"9,1,0\" data-index-in-node=\"0\">Socola \u0111en &amp; B\u1ed9t Cacao nguy\u00ean ch\u1ea5t:<\/b> Ch\u00fang t\u00f4i s\u1eed d\u1ee5ng cacao h\u00e0m l\u01b0\u1ee3ng cao, mang l\u1ea1i v\u1ecb \u0111\u1eafng thanh tho\u00e1t, k\u1ebft h\u1ee3p v\u1edbi c\u00e1c h\u1ea1t chocolate chip nh\u1ecf xinh \u0111\u1ec3 t\u1ea1o \u0111i\u1ec3m nh\u1ea5n cho chi\u1ebfc <b data-path-to-node=\"9,1,0\" data-index-in-node=\"176\">b\u00e1nh muffin<\/b>.<\/p>\n<\/li>\n<li>\n<p data-path-to-node=\"9,2,0\"><b data-path-to-node=\"9,2,0\" data-index-in-node=\"0\">\u0110\u01b0\u1eddng La H\u00e1n Qu\u1ea3 (Monk Fruit):<\/b> Thay th\u1ebf ho\u00e0n to\u00e0n \u0111\u01b0\u1eddng tinh luy\u1ec7n, gi\u00fap chi\u1ebfc <b data-path-to-node=\"9,2,0\" data-index-in-node=\"79\">b\u00e1nh muffin<\/b> c\u00f3 ch\u1ec9 s\u1ed1 GI c\u1ef1c th\u1ea5p, an to\u00e0n cho ng\u01b0\u1eddi ti\u1ec3u \u0111\u01b0\u1eddng v\u00e0 nh\u1eefng ai \u0111ang theo \u0111u\u1ed5i ch\u1ebf \u0111\u1ed9 gi\u1ea3m c\u00e2n nghi\u00eam ng\u1eb7t.<\/p>\n<\/li>\n<\/ul>\n<h3 data-path-to-node=\"10\"><b data-path-to-node=\"10\" data-index-in-node=\"0\">L\u1ee3i \u00edch s\u1ee9c kh\u1ecfe khi ch\u1ecdn b\u00e1nh muffin veggie c\u1ee7a ch\u00fang t\u00f4i<\/b><\/h3>\n<ul data-path-to-node=\"11\">\n<li>\n<p data-path-to-node=\"11,0,0\"><b data-path-to-node=\"11,0,0\" data-index-in-node=\"0\">T\u0103ng c\u01b0\u1eddng ch\u1ea5t x\u01a1:<\/b> M\u1ed9t chi\u1ebfc <b data-path-to-node=\"11,0,0\" data-index-in-node=\"30\">b\u00e1nh muffin<\/b> cung c\u1ea5p l\u01b0\u1ee3ng x\u01a1 t\u01b0\u01a1ng \u0111\u01b0\u01a1ng m\u1ed9t ph\u1ea7n rau nh\u1ecf, h\u1ed7 tr\u1ee3 ti\u00eau h\u00f3a c\u1ef1c t\u1ed1t.<\/p>\n<\/li>\n<li>\n<p data-path-to-node=\"11,1,0\"><b data-path-to-node=\"11,1,0\" data-index-in-node=\"0\">Gi\u1ea3m l\u01b0\u1ee3ng ch\u1ea5t b\u00e9o x\u1ea5u:<\/b> Nh\u1edd \u0111\u1ed9 \u1ea9m t\u1eeb rau c\u1ee7, l\u01b0\u1ee3ng b\u01a1 \u0111\u01b0\u1ee3c c\u1eaft gi\u1ea3m t\u1ed1i \u0111a nh\u01b0ng v\u1eabn gi\u1eef \u0111\u01b0\u1ee3c \u0111\u1ed9 ngon kh\u00f3 c\u01b0\u1ee1ng.<\/p>\n<\/li>\n<li>\n<p data-path-to-node=\"11,2,0\"><b data-path-to-node=\"11,2,0\" data-index-in-node=\"0\">Gi\u00e0u ch\u1ea5t ch\u1ed1ng oxy h\u00f3a:<\/b> S\u1ef1 k\u1ebft h\u1ee3p gi\u1eefa cacao v\u00e0 b\u00ed ng\u00f2i mang l\u1ea1i ngu\u1ed3n n\u0103ng l\u01b0\u1ee3ng s\u1ea1ch v\u00e0 t\u01b0\u01a1i tr\u1ebb.<\/p>\n<\/li>\n<\/ul>\n","protected":false},"excerpt":{"rendered":"<p><span data-path-to-node=\"4,4,1,0\">Th\u01b0\u1edfng th\u1ee9c <b data-path-to-node=\"4,4,1,0\" data-index-in-node=\"12\">b\u00e1nh muffin<\/b> rau c\u1ee7 \u0111\u1ed9c \u0111\u00e1o v\u1edbi s\u1ef1 k\u1ebft h\u1ee3p c\u1ee7a b\u00ed ng\u00f2i v\u00e0 socola \u0111en. C\u1ed1t b\u00e1nh m\u1ec1m m\u1ecbn nh\u01b0 nhung, s\u1eed d\u1ee5ng \u0111\u01b0\u1eddng La H\u00e1n Qu\u1ea3, c\u1ef1c k\u1ef3 healthy v\u00e0 gi\u00e0u ch\u1ea5t x\u01a1.<\/span><\/p>\n","protected":false},"featured_media":660,"comment_status":"open","ping_status":"closed","template":"","meta":[],"product_brand":[],"product_cat":[22,24,26],"product_tag":[],"class_list":{"0":"post-658","1":"product","2":"type-product","3":"status-publish","4":"has-post-thumbnail","6":"product_cat-banh-chau-au","7":"product_cat-tieu-duong","8":"product_cat-banh-va-tra","10":"first","11":"instock","12":"sale","13":"shipping-taxable","14":"purchasable","15":"product-type-variable"},"yoast_head":"<!-- This site is optimized with the Yoast SEO plugin v27.1.1 - https:\/\/yoast.com\/product\/yoast-seo-wordpress\/ -->\n<title>B\u00e1nh Muffin Rau C\u1ee7 - Beekeray<\/title>\n<meta name=\"description\" content=\"B\u00e1nh muffin b\u00ed ng\u00f2i socola kh\u00f4ng \u0111\u01b0\u1eddng tinh luy\u1ec7n, c\u1ed1t b\u00e1nh \u1ea9m m\u01b0\u1ee3t, gi\u00e0u dinh d\u01b0\u1ee1ng. \u0110\u1eb7t mua ngay!\" \/>\n<meta name=\"robots\" content=\"index, follow, max-snippet:-1, max-image-preview:large, max-video-preview:-1\" \/>\n<link rel=\"canonical\" href=\"https:\/\/shopbanh.azdigi.shop\/index.php\/san-pham\/banh-muffin-rau-cu\/\" \/>\n<meta property=\"og:locale\" content=\"vi_VN\" \/>\n<meta property=\"og:type\" content=\"article\" \/>\n<meta property=\"og:title\" content=\"B\u00e1nh Muffin Rau C\u1ee7 - Beekeray\" \/>\n<meta property=\"og:description\" content=\"B\u00e1nh muffin b\u00ed ng\u00f2i socola kh\u00f4ng \u0111\u01b0\u1eddng tinh luy\u1ec7n, c\u1ed1t b\u00e1nh \u1ea9m m\u01b0\u1ee3t, gi\u00e0u dinh d\u01b0\u1ee1ng. \u0110\u1eb7t mua ngay!\" \/>\n<meta property=\"og:url\" content=\"https:\/\/shopbanh.azdigi.shop\/index.php\/san-pham\/banh-muffin-rau-cu\/\" \/>\n<meta property=\"og:site_name\" content=\"Beekeray\" \/>\n<meta property=\"article:modified_time\" content=\"2026-04-19T04:20:59+00:00\" \/>\n<meta property=\"og:image\" content=\"https:\/\/shopbanh.azdigi.shop\/wp-content\/uploads\/2026\/04\/Carrot-Cake-Zucchini-Muffins.jpg\" \/>\n\t<meta property=\"og:image:width\" content=\"736\" \/>\n\t<meta property=\"og:image:height\" content=\"920\" \/>\n\t<meta property=\"og:image:type\" content=\"image\/jpeg\" \/>\n<meta name=\"twitter:card\" content=\"summary_large_image\" \/>\n<meta name=\"twitter:label1\" content=\"\u01af\u1edbc t\u00ednh th\u1eddi gian \u0111\u1ecdc\" \/>\n\t<meta name=\"twitter:data1\" content=\"2 ph\u00fat\" \/>\n<script type=\"application\/ld+json\" class=\"yoast-schema-graph\">{\"@context\":\"https:\/\/schema.org\",\"@graph\":[{\"@type\":\"WebPage\",\"@id\":\"https:\/\/shopbanh.azdigi.shop\/index.php\/san-pham\/banh-muffin-rau-cu\/\",\"url\":\"https:\/\/shopbanh.azdigi.shop\/index.php\/san-pham\/banh-muffin-rau-cu\/\",\"name\":\"B\u00e1nh Muffin Rau C\u1ee7 - Beekeray\",\"isPartOf\":{\"@id\":\"https:\/\/shopbanh.azdigi.shop\/#website\"},\"primaryImageOfPage\":{\"@id\":\"https:\/\/shopbanh.azdigi.shop\/index.php\/san-pham\/banh-muffin-rau-cu\/#primaryimage\"},\"image\":{\"@id\":\"https:\/\/shopbanh.azdigi.shop\/index.php\/san-pham\/banh-muffin-rau-cu\/#primaryimage\"},\"thumbnailUrl\":\"https:\/\/shopbanh.azdigi.shop\/wp-content\/uploads\/2026\/04\/Carrot-Cake-Zucchini-Muffins.jpg\",\"datePublished\":\"2026-04-16T17:15:03+00:00\",\"dateModified\":\"2026-04-19T04:20:59+00:00\",\"description\":\"B\u00e1nh muffin b\u00ed ng\u00f2i socola kh\u00f4ng \u0111\u01b0\u1eddng tinh luy\u1ec7n, c\u1ed1t b\u00e1nh \u1ea9m m\u01b0\u1ee3t, gi\u00e0u dinh d\u01b0\u1ee1ng. \u0110\u1eb7t mua ngay!\",\"breadcrumb\":{\"@id\":\"https:\/\/shopbanh.azdigi.shop\/index.php\/san-pham\/banh-muffin-rau-cu\/#breadcrumb\"},\"inLanguage\":\"vi\",\"potentialAction\":[{\"@type\":\"ReadAction\",\"target\":[\"https:\/\/shopbanh.azdigi.shop\/index.php\/san-pham\/banh-muffin-rau-cu\/\"]}]},{\"@type\":\"ImageObject\",\"inLanguage\":\"vi\",\"@id\":\"https:\/\/shopbanh.azdigi.shop\/index.php\/san-pham\/banh-muffin-rau-cu\/#primaryimage\",\"url\":\"https:\/\/shopbanh.azdigi.shop\/wp-content\/uploads\/2026\/04\/Carrot-Cake-Zucchini-Muffins.jpg\",\"contentUrl\":\"https:\/\/shopbanh.azdigi.shop\/wp-content\/uploads\/2026\/04\/Carrot-Cake-Zucchini-Muffins.jpg\",\"width\":736,\"height\":920},{\"@type\":\"BreadcrumbList\",\"@id\":\"https:\/\/shopbanh.azdigi.shop\/index.php\/san-pham\/banh-muffin-rau-cu\/#breadcrumb\",\"itemListElement\":[{\"@type\":\"ListItem\",\"position\":1,\"name\":\"Home\",\"item\":\"https:\/\/shopbanh.azdigi.shop\/\"},{\"@type\":\"ListItem\",\"position\":2,\"name\":\"C\u1eeda h\u00e0ng\",\"item\":\"https:\/\/shopbanh.azdigi.shop\/index.php\/cua-hang\/\"},{\"@type\":\"ListItem\",\"position\":3,\"name\":\"B\u00e1nh Muffin Rau C\u1ee7\"}]},{\"@type\":\"WebSite\",\"@id\":\"https:\/\/shopbanh.azdigi.shop\/#website\",\"url\":\"https:\/\/shopbanh.azdigi.shop\/\",\"name\":\"Beekeray\",\"description\":\"\",\"publisher\":{\"@id\":\"https:\/\/shopbanh.azdigi.shop\/#\/schema\/person\/8cb6f523c7260b11946ab8fec433d460\"},\"potentialAction\":[{\"@type\":\"SearchAction\",\"target\":{\"@type\":\"EntryPoint\",\"urlTemplate\":\"https:\/\/shopbanh.azdigi.shop\/?s={search_term_string}\"},\"query-input\":{\"@type\":\"PropertyValueSpecification\",\"valueRequired\":true,\"valueName\":\"search_term_string\"}}],\"inLanguage\":\"vi\"},{\"@type\":[\"Person\",\"Organization\"],\"@id\":\"https:\/\/shopbanh.azdigi.shop\/#\/schema\/person\/8cb6f523c7260b11946ab8fec433d460\",\"name\":\"phuoc thanh\",\"image\":{\"@type\":\"ImageObject\",\"inLanguage\":\"vi\",\"@id\":\"https:\/\/shopbanh.azdigi.shop\/#\/schema\/person\/image\/\",\"url\":\"https:\/\/shopbanh.azdigi.shop\/wp-content\/uploads\/2026\/01\/ong-ban-banh-xp.png\",\"contentUrl\":\"https:\/\/shopbanh.azdigi.shop\/wp-content\/uploads\/2026\/01\/ong-ban-banh-xp.png\",\"width\":290,\"height\":290,\"caption\":\"phuoc thanh\"},\"logo\":{\"@id\":\"https:\/\/shopbanh.azdigi.shop\/#\/schema\/person\/image\/\"},\"sameAs\":[\"https:\/\/shopbanh.azdigi.shop\"]}]}<\/script>\n<!-- \/ Yoast SEO plugin. -->","yoast_head_json":{"title":"B\u00e1nh Muffin Rau C\u1ee7 - Beekeray","description":"B\u00e1nh muffin b\u00ed ng\u00f2i socola kh\u00f4ng \u0111\u01b0\u1eddng tinh luy\u1ec7n, c\u1ed1t b\u00e1nh \u1ea9m m\u01b0\u1ee3t, gi\u00e0u dinh d\u01b0\u1ee1ng. \u0110\u1eb7t mua ngay!","robots":{"index":"index","follow":"follow","max-snippet":"max-snippet:-1","max-image-preview":"max-image-preview:large","max-video-preview":"max-video-preview:-1"},"canonical":"https:\/\/shopbanh.azdigi.shop\/index.php\/san-pham\/banh-muffin-rau-cu\/","og_locale":"vi_VN","og_type":"article","og_title":"B\u00e1nh Muffin Rau C\u1ee7 - Beekeray","og_description":"B\u00e1nh muffin b\u00ed ng\u00f2i socola kh\u00f4ng \u0111\u01b0\u1eddng tinh luy\u1ec7n, c\u1ed1t b\u00e1nh \u1ea9m m\u01b0\u1ee3t, gi\u00e0u dinh d\u01b0\u1ee1ng. \u0110\u1eb7t mua ngay!","og_url":"https:\/\/shopbanh.azdigi.shop\/index.php\/san-pham\/banh-muffin-rau-cu\/","og_site_name":"Beekeray","article_modified_time":"2026-04-19T04:20:59+00:00","og_image":[{"width":736,"height":920,"url":"https:\/\/shopbanh.azdigi.shop\/wp-content\/uploads\/2026\/04\/Carrot-Cake-Zucchini-Muffins.jpg","type":"image\/jpeg"}],"twitter_card":"summary_large_image","twitter_misc":{"\u01af\u1edbc t\u00ednh th\u1eddi gian \u0111\u1ecdc":"2 ph\u00fat"},"schema":{"@context":"https:\/\/schema.org","@graph":[{"@type":"WebPage","@id":"https:\/\/shopbanh.azdigi.shop\/index.php\/san-pham\/banh-muffin-rau-cu\/","url":"https:\/\/shopbanh.azdigi.shop\/index.php\/san-pham\/banh-muffin-rau-cu\/","name":"B\u00e1nh Muffin Rau C\u1ee7 - Beekeray","isPartOf":{"@id":"https:\/\/shopbanh.azdigi.shop\/#website"},"primaryImageOfPage":{"@id":"https:\/\/shopbanh.azdigi.shop\/index.php\/san-pham\/banh-muffin-rau-cu\/#primaryimage"},"image":{"@id":"https:\/\/shopbanh.azdigi.shop\/index.php\/san-pham\/banh-muffin-rau-cu\/#primaryimage"},"thumbnailUrl":"https:\/\/shopbanh.azdigi.shop\/wp-content\/uploads\/2026\/04\/Carrot-Cake-Zucchini-Muffins.jpg","datePublished":"2026-04-16T17:15:03+00:00","dateModified":"2026-04-19T04:20:59+00:00","description":"B\u00e1nh muffin b\u00ed ng\u00f2i socola kh\u00f4ng \u0111\u01b0\u1eddng tinh luy\u1ec7n, c\u1ed1t b\u00e1nh \u1ea9m m\u01b0\u1ee3t, gi\u00e0u dinh d\u01b0\u1ee1ng. \u0110\u1eb7t mua ngay!","breadcrumb":{"@id":"https:\/\/shopbanh.azdigi.shop\/index.php\/san-pham\/banh-muffin-rau-cu\/#breadcrumb"},"inLanguage":"vi","potentialAction":[{"@type":"ReadAction","target":["https:\/\/shopbanh.azdigi.shop\/index.php\/san-pham\/banh-muffin-rau-cu\/"]}]},{"@type":"ImageObject","inLanguage":"vi","@id":"https:\/\/shopbanh.azdigi.shop\/index.php\/san-pham\/banh-muffin-rau-cu\/#primaryimage","url":"https:\/\/shopbanh.azdigi.shop\/wp-content\/uploads\/2026\/04\/Carrot-Cake-Zucchini-Muffins.jpg","contentUrl":"https:\/\/shopbanh.azdigi.shop\/wp-content\/uploads\/2026\/04\/Carrot-Cake-Zucchini-Muffins.jpg","width":736,"height":920},{"@type":"BreadcrumbList","@id":"https:\/\/shopbanh.azdigi.shop\/index.php\/san-pham\/banh-muffin-rau-cu\/#breadcrumb","itemListElement":[{"@type":"ListItem","position":1,"name":"Home","item":"https:\/\/shopbanh.azdigi.shop\/"},{"@type":"ListItem","position":2,"name":"C\u1eeda h\u00e0ng","item":"https:\/\/shopbanh.azdigi.shop\/index.php\/cua-hang\/"},{"@type":"ListItem","position":3,"name":"B\u00e1nh Muffin Rau C\u1ee7"}]},{"@type":"WebSite","@id":"https:\/\/shopbanh.azdigi.shop\/#website","url":"https:\/\/shopbanh.azdigi.shop\/","name":"Beekeray","description":"","publisher":{"@id":"https:\/\/shopbanh.azdigi.shop\/#\/schema\/person\/8cb6f523c7260b11946ab8fec433d460"},"potentialAction":[{"@type":"SearchAction","target":{"@type":"EntryPoint","urlTemplate":"https:\/\/shopbanh.azdigi.shop\/?s={search_term_string}"},"query-input":{"@type":"PropertyValueSpecification","valueRequired":true,"valueName":"search_term_string"}}],"inLanguage":"vi"},{"@type":["Person","Organization"],"@id":"https:\/\/shopbanh.azdigi.shop\/#\/schema\/person\/8cb6f523c7260b11946ab8fec433d460","name":"phuoc thanh","image":{"@type":"ImageObject","inLanguage":"vi","@id":"https:\/\/shopbanh.azdigi.shop\/#\/schema\/person\/image\/","url":"https:\/\/shopbanh.azdigi.shop\/wp-content\/uploads\/2026\/01\/ong-ban-banh-xp.png","contentUrl":"https:\/\/shopbanh.azdigi.shop\/wp-content\/uploads\/2026\/01\/ong-ban-banh-xp.png","width":290,"height":290,"caption":"phuoc thanh"},"logo":{"@id":"https:\/\/shopbanh.azdigi.shop\/#\/schema\/person\/image\/"},"sameAs":["https:\/\/shopbanh.azdigi.shop"]}]}},"_links":{"self":[{"href":"https:\/\/shopbanh.azdigi.shop\/index.php\/wp-json\/wp\/v2\/product\/658","targetHints":{"allow":["GET"]}}],"collection":[{"href":"https:\/\/shopbanh.azdigi.shop\/index.php\/wp-json\/wp\/v2\/product"}],"about":[{"href":"https:\/\/shopbanh.azdigi.shop\/index.php\/wp-json\/wp\/v2\/types\/product"}],"replies":[{"embeddable":true,"href":"https:\/\/shopbanh.azdigi.shop\/index.php\/wp-json\/wp\/v2\/comments?post=658"}],"wp:featuredmedia":[{"embeddable":true,"href":"https:\/\/shopbanh.azdigi.shop\/index.php\/wp-json\/wp\/v2\/media\/660"}],"wp:attachment":[{"href":"https:\/\/shopbanh.azdigi.shop\/index.php\/wp-json\/wp\/v2\/media?parent=658"}],"wp:term":[{"taxonomy":"product_brand","embeddable":true,"href":"https:\/\/shopbanh.azdigi.shop\/index.php\/wp-json\/wp\/v2\/product_brand?post=658"},{"taxonomy":"product_cat","embeddable":true,"href":"https:\/\/shopbanh.azdigi.shop\/index.php\/wp-json\/wp\/v2\/product_cat?post=658"},{"taxonomy":"product_tag","embeddable":true,"href":"https:\/\/shopbanh.azdigi.shop\/index.php\/wp-json\/wp\/v2\/product_tag?post=658"}],"curies":[{"name":"wp","href":"https:\/\/api.w.org\/{rel}","templated":true}]}}