{"id":649,"date":"2026-04-16T17:03:57","date_gmt":"2026-04-16T17:03:57","guid":{"rendered":"https:\/\/shopbanh.azdigi.shop\/?post_type=product&#038;p=649"},"modified":"2026-04-19T04:20:47","modified_gmt":"2026-04-19T04:20:47","slug":"banh-biscotti-nguyen-cam-an-kieng-healthy","status":"publish","type":"product","link":"https:\/\/shopbanh.azdigi.shop\/index.php\/san-pham\/banh-biscotti-nguyen-cam-an-kieng-healthy\/","title":{"rendered":"B\u00e1nh Biscotti"},"content":{"rendered":"<h2 data-path-to-node=\"5\"><b data-path-to-node=\"5\" data-index-in-node=\"0\">Biscotti nguy\u00ean c\u00e1m \u2013 M\u00f3n b\u00e1nh &#8220;th\u1ea7n th\u00e1nh&#8221; cho v\u00f3c d\u00e1ng thon g\u1ecdn<\/b><\/h2>\n<p data-path-to-node=\"6\"><b data-path-to-node=\"6\" data-index-in-node=\"0\">Biscotti<\/b> kh\u00f4ng ch\u1ec9 l\u00e0 m\u1ed9t m\u00f3n b\u00e1nh quy \u0111\u1ebfn t\u1eeb \u00dd, m\u00e0 t\u1ea1i c\u1eeda h\u00e0ng ch\u00fang t\u00f4i, n\u00f3 \u0111\u00e3 \u0111\u01b0\u1ee3c n\u00e2ng c\u1ea5p th\u00e0nh m\u1ed9t li\u1ec7u ph\u00e1p dinh d\u01b0\u1ee1ng tuy\u1ec7t v\u1eddi. N\u1ebfu b\u1ea1n \u0111ang trong ch\u1ebf \u0111\u1ed9 gi\u1ea3m c\u00e2n ho\u1eb7c \u0111\u01a1n gi\u1ea3n l\u00e0 mu\u1ed1n t\u00ecm m\u1ed9t m\u00f3n \u0103n v\u1eb7t l\u00e0nh m\u1ea1nh, <b data-path-to-node=\"6\" data-index-in-node=\"225\">biscotti<\/b> nguy\u00ean c\u00e1m ch\u00ednh l\u00e0 l\u1ef1a ch\u1ecdn kh\u00f4ng th\u1ec3 b\u1ecf qua.<\/p>\n<h3 data-path-to-node=\"7\"><b data-path-to-node=\"7\" data-index-in-node=\"0\">T\u1ea1i sao chi\u1ebfc biscotti c\u1ee7a ch\u00fang t\u00f4i l\u1ea1i kh\u00e1c bi\u1ec7t?<\/b><\/h3>\n<ul data-path-to-node=\"8\">\n<li>\n<p data-path-to-node=\"8,0,0\"><b data-path-to-node=\"8,0,0\" data-index-in-node=\"0\">100% B\u1ed9t nguy\u00ean c\u00e1m &amp; H\u1ea1t dinh d\u01b0\u1ee1ng:<\/b> Ch\u00fang t\u00f4i n\u00f3i kh\u00f4ng v\u1edbi b\u1ed9t m\u00ec tr\u1eafng. T\u1eebng mi\u1ebfng <b data-path-to-node=\"8,0,0\" data-index-in-node=\"87\">biscotti<\/b> \u0111\u1ec1u ch\u1ee9a \u0111\u1ef1ng h\u00e0m l\u01b0\u1ee3ng ch\u1ea5t x\u01a1 d\u1ed3i d\u00e0o t\u1eeb b\u1ed9t nguy\u00ean c\u00e1m, k\u1ebft h\u1ee3p c\u00f9ng h\u1ea1nh nh\u00e2n, h\u1ea1t \u0111i\u1ec1u v\u00e0 qu\u1ea3 kh\u00f4 gi\u00fap b\u1ed5 sung Omega-3 v\u00e0 vitamin thi\u1ebft y\u1ebfu.<\/p>\n<\/li>\n<li>\n<p data-path-to-node=\"8,1,0\"><b data-path-to-node=\"8,1,0\" data-index-in-node=\"0\">K\u1ef9 thu\u1eadt n\u01b0\u1edbng k\u00e9p (Double-baked):<\/b> \u0110\u1ec3 \u0111\u1ea1t \u0111\u01b0\u1ee3c \u0111\u1ed9 gi\u00f2n \u0111\u1eb7c tr\u01b0ng m\u00e0 kh\u00f4ng c\u1ea7n qu\u00e1 nhi\u1ec1u ch\u1ea5t b\u00e9o, chi\u1ebfc <b data-path-to-node=\"8,1,0\" data-index-in-node=\"104\">biscotti<\/b> \u0111\u01b0\u1ee3c n\u01b0\u1edbng hai l\u1ea7n \u1edf nhi\u1ec7t \u0111\u1ed9 th\u1ea5p. \u0110i\u1ec1u n\u00e0y gi\u00fap b\u00e1nh gi\u1eef \u0111\u01b0\u1ee3c \u0111\u1ed9 th\u01a1m ngon l\u00e2u h\u01a1n m\u00e0 kh\u00f4ng c\u1ea7n ch\u1ea5t b\u1ea3o qu\u1ea3n.<\/p>\n<\/li>\n<li>\n<p data-path-to-node=\"8,2,0\"><b data-path-to-node=\"8,2,0\" data-index-in-node=\"0\">V\u1ecb ng\u1ecdt thanh t\u1eeb m\u1eadt ong v\u00e0 tr\u00e1i c\u00e2y:<\/b> Thay v\u00ec \u0111\u01b0\u1eddng h\u00f3a h\u1ecdc, v\u1ecb ng\u1ecdt c\u1ee7a <b data-path-to-node=\"8,2,0\" data-index-in-node=\"73\">biscotti<\/b> \u0111\u1ebfn t\u1eeb m\u1eadt ong r\u1eebng v\u00e0 c\u00e1c lo\u1ea1i qu\u1ea3 m\u1ecdng kh\u00f4 (cranberries), mang l\u1ea1i n\u0103ng l\u01b0\u1ee3ng s\u1ea1ch cho c\u01a1 th\u1ec3 m\u00e0 kh\u00f4ng g\u00e2y t\u0103ng \u0111\u01b0\u1eddng huy\u1ebft.<\/p>\n<\/li>\n<\/ul>\n<h3 data-path-to-node=\"9\"><b data-path-to-node=\"9\" data-index-in-node=\"0\">L\u1ee3i \u00edch khi b\u1ed5 sung biscotti v\u00e0o th\u1ef1c \u0111\u01a1n h\u00e0ng ng\u00e0y<\/b><\/h3>\n<ul data-path-to-node=\"10\">\n<li>\n<p data-path-to-node=\"10,0,0\"><b data-path-to-node=\"10,0,0\" data-index-in-node=\"0\">H\u1ed7 tr\u1ee3 gi\u1ea3m c\u00e2n:<\/b> M\u1ed9t v\u00e0i mi\u1ebfng <b data-path-to-node=\"10,0,0\" data-index-in-node=\"31\">biscotti<\/b> v\u00e0o b\u1eefa ph\u1ee5 gi\u00fap b\u1ea1n no l\u00e2u, gi\u1ea3m c\u1ea3m gi\u00e1c th\u00e8m \u0103n hi\u1ec7u qu\u1ea3.<\/p>\n<\/li>\n<li>\n<p data-path-to-node=\"10,1,0\"><b data-path-to-node=\"10,1,0\" data-index-in-node=\"0\">Ti\u1ec7n l\u1ee3i m\u1ecdi l\u00fac:<\/b> D\u1ec5 d\u00e0ng mang theo \u0111i l\u00e0m, \u0111i t\u1eadp gym ho\u1eb7c l\u00e0m qu\u00e0 t\u1eb7ng \u00fd ngh\u0129a cho nh\u1eefng ng\u01b0\u1eddi y\u00eau s\u1ed1ng s\u1ea1ch.<\/p>\n<\/li>\n<\/ul>\n","protected":false},"excerpt":{"rendered":"<p>Th\u01b0\u1edfng th\u1ee9c <b data-path-to-node=\"3,4,1,0\" data-index-in-node=\"12\">biscotti<\/b> nguy\u00ean c\u00e1m gi\u00f2n tan, s\u1ef1 k\u1ebft h\u1ee3p ho\u00e0n h\u1ea3o gi\u1eefa b\u1ed9t m\u00ec nguy\u00ean c\u00e1m organic v\u00e0 c\u00e1c lo\u1ea1i h\u1ea1t dinh d\u01b0\u1ee1ng cao c\u1ea5p. M\u00f3n <b data-path-to-node=\"3,4,1,0\" data-index-in-node=\"133\">biscotti<\/b> \u00edt calo, gi\u00e0u ch\u1ea5t x\u01a1, gi\u00fap b\u1ea1n gi\u1eef d\u00e1ng hi\u1ec7u qu\u1ea3.<\/p>\n","protected":false},"featured_media":650,"comment_status":"open","ping_status":"closed","template":"","meta":[],"product_brand":[],"product_cat":[22,24,26],"product_tag":[],"class_list":{"0":"post-649","1":"product","2":"type-product","3":"status-publish","4":"has-post-thumbnail","6":"product_cat-banh-chau-au","7":"product_cat-tieu-duong","8":"product_cat-banh-va-tra","10":"first","11":"instock","12":"sale","13":"shipping-taxable","14":"purchasable","15":"product-type-variable"},"yoast_head":"<!-- This site is optimized with the Yoast SEO plugin v27.1.1 - https:\/\/yoast.com\/product\/yoast-seo-wordpress\/ -->\n<title>B\u00e1nh Biscotti - Beekeray<\/title>\n<meta name=\"description\" content=\"Shop cung c\u1ea5p biscotti nguy\u00ean c\u00e1m 100% t\u1ef1 nhi\u00ean, kh\u00f4ng \u0111\u01b0\u1eddng tinh luy\u1ec7n, gi\u00e0u h\u1ea1t dinh d\u01b0\u1ee1ng. \u0110\u1eb7t mua biscotti ngay \u0111\u1ec3 nh\u1eadn \u01b0u \u0111\u00e3i!\" \/>\n<meta name=\"robots\" content=\"index, follow, max-snippet:-1, max-image-preview:large, max-video-preview:-1\" \/>\n<link rel=\"canonical\" href=\"https:\/\/shopbanh.azdigi.shop\/index.php\/san-pham\/banh-biscotti-nguyen-cam-an-kieng-healthy\/\" \/>\n<meta property=\"og:locale\" content=\"vi_VN\" \/>\n<meta property=\"og:type\" content=\"article\" \/>\n<meta property=\"og:title\" content=\"B\u00e1nh Biscotti - Beekeray\" \/>\n<meta property=\"og:description\" content=\"Shop cung c\u1ea5p biscotti nguy\u00ean c\u00e1m 100% t\u1ef1 nhi\u00ean, kh\u00f4ng \u0111\u01b0\u1eddng tinh luy\u1ec7n, gi\u00e0u h\u1ea1t dinh d\u01b0\u1ee1ng. \u0110\u1eb7t mua biscotti ngay \u0111\u1ec3 nh\u1eadn \u01b0u \u0111\u00e3i!\" \/>\n<meta property=\"og:url\" content=\"https:\/\/shopbanh.azdigi.shop\/index.php\/san-pham\/banh-biscotti-nguyen-cam-an-kieng-healthy\/\" \/>\n<meta property=\"og:site_name\" content=\"Beekeray\" \/>\n<meta property=\"article:modified_time\" content=\"2026-04-19T04:20:47+00:00\" \/>\n<meta property=\"og:image\" content=\"https:\/\/shopbanh.azdigi.shop\/wp-content\/uploads\/2026\/04\/Almond-Biscotti-Cookie-Recipe.jpg\" \/>\n\t<meta property=\"og:image:width\" content=\"736\" \/>\n\t<meta property=\"og:image:height\" content=\"1312\" \/>\n\t<meta property=\"og:image:type\" content=\"image\/jpeg\" \/>\n<meta name=\"twitter:card\" content=\"summary_large_image\" \/>\n<meta name=\"twitter:label1\" content=\"\u01af\u1edbc t\u00ednh th\u1eddi gian \u0111\u1ecdc\" \/>\n\t<meta name=\"twitter:data1\" content=\"2 ph\u00fat\" \/>\n<script type=\"application\/ld+json\" class=\"yoast-schema-graph\">{\"@context\":\"https:\/\/schema.org\",\"@graph\":[{\"@type\":\"WebPage\",\"@id\":\"https:\/\/shopbanh.azdigi.shop\/index.php\/san-pham\/banh-biscotti-nguyen-cam-an-kieng-healthy\/\",\"url\":\"https:\/\/shopbanh.azdigi.shop\/index.php\/san-pham\/banh-biscotti-nguyen-cam-an-kieng-healthy\/\",\"name\":\"B\u00e1nh Biscotti - Beekeray\",\"isPartOf\":{\"@id\":\"https:\/\/shopbanh.azdigi.shop\/#website\"},\"primaryImageOfPage\":{\"@id\":\"https:\/\/shopbanh.azdigi.shop\/index.php\/san-pham\/banh-biscotti-nguyen-cam-an-kieng-healthy\/#primaryimage\"},\"image\":{\"@id\":\"https:\/\/shopbanh.azdigi.shop\/index.php\/san-pham\/banh-biscotti-nguyen-cam-an-kieng-healthy\/#primaryimage\"},\"thumbnailUrl\":\"https:\/\/shopbanh.azdigi.shop\/wp-content\/uploads\/2026\/04\/Almond-Biscotti-Cookie-Recipe.jpg\",\"datePublished\":\"2026-04-16T17:03:57+00:00\",\"dateModified\":\"2026-04-19T04:20:47+00:00\",\"description\":\"Shop cung c\u1ea5p biscotti nguy\u00ean c\u00e1m 100% t\u1ef1 nhi\u00ean, kh\u00f4ng \u0111\u01b0\u1eddng tinh luy\u1ec7n, gi\u00e0u h\u1ea1t dinh d\u01b0\u1ee1ng. \u0110\u1eb7t mua biscotti ngay \u0111\u1ec3 nh\u1eadn \u01b0u \u0111\u00e3i!\",\"breadcrumb\":{\"@id\":\"https:\/\/shopbanh.azdigi.shop\/index.php\/san-pham\/banh-biscotti-nguyen-cam-an-kieng-healthy\/#breadcrumb\"},\"inLanguage\":\"vi\",\"potentialAction\":[{\"@type\":\"ReadAction\",\"target\":[\"https:\/\/shopbanh.azdigi.shop\/index.php\/san-pham\/banh-biscotti-nguyen-cam-an-kieng-healthy\/\"]}]},{\"@type\":\"ImageObject\",\"inLanguage\":\"vi\",\"@id\":\"https:\/\/shopbanh.azdigi.shop\/index.php\/san-pham\/banh-biscotti-nguyen-cam-an-kieng-healthy\/#primaryimage\",\"url\":\"https:\/\/shopbanh.azdigi.shop\/wp-content\/uploads\/2026\/04\/Almond-Biscotti-Cookie-Recipe.jpg\",\"contentUrl\":\"https:\/\/shopbanh.azdigi.shop\/wp-content\/uploads\/2026\/04\/Almond-Biscotti-Cookie-Recipe.jpg\",\"width\":736,\"height\":1312},{\"@type\":\"BreadcrumbList\",\"@id\":\"https:\/\/shopbanh.azdigi.shop\/index.php\/san-pham\/banh-biscotti-nguyen-cam-an-kieng-healthy\/#breadcrumb\",\"itemListElement\":[{\"@type\":\"ListItem\",\"position\":1,\"name\":\"Home\",\"item\":\"https:\/\/shopbanh.azdigi.shop\/\"},{\"@type\":\"ListItem\",\"position\":2,\"name\":\"C\u1eeda h\u00e0ng\",\"item\":\"https:\/\/shopbanh.azdigi.shop\/index.php\/cua-hang\/\"},{\"@type\":\"ListItem\",\"position\":3,\"name\":\"B\u00e1nh Biscotti\"}]},{\"@type\":\"WebSite\",\"@id\":\"https:\/\/shopbanh.azdigi.shop\/#website\",\"url\":\"https:\/\/shopbanh.azdigi.shop\/\",\"name\":\"Beekeray\",\"description\":\"\",\"publisher\":{\"@id\":\"https:\/\/shopbanh.azdigi.shop\/#\/schema\/person\/8cb6f523c7260b11946ab8fec433d460\"},\"potentialAction\":[{\"@type\":\"SearchAction\",\"target\":{\"@type\":\"EntryPoint\",\"urlTemplate\":\"https:\/\/shopbanh.azdigi.shop\/?s={search_term_string}\"},\"query-input\":{\"@type\":\"PropertyValueSpecification\",\"valueRequired\":true,\"valueName\":\"search_term_string\"}}],\"inLanguage\":\"vi\"},{\"@type\":[\"Person\",\"Organization\"],\"@id\":\"https:\/\/shopbanh.azdigi.shop\/#\/schema\/person\/8cb6f523c7260b11946ab8fec433d460\",\"name\":\"phuoc thanh\",\"image\":{\"@type\":\"ImageObject\",\"inLanguage\":\"vi\",\"@id\":\"https:\/\/shopbanh.azdigi.shop\/#\/schema\/person\/image\/\",\"url\":\"https:\/\/shopbanh.azdigi.shop\/wp-content\/uploads\/2026\/01\/ong-ban-banh-xp.png\",\"contentUrl\":\"https:\/\/shopbanh.azdigi.shop\/wp-content\/uploads\/2026\/01\/ong-ban-banh-xp.png\",\"width\":290,\"height\":290,\"caption\":\"phuoc thanh\"},\"logo\":{\"@id\":\"https:\/\/shopbanh.azdigi.shop\/#\/schema\/person\/image\/\"},\"sameAs\":[\"https:\/\/shopbanh.azdigi.shop\"]}]}<\/script>\n<!-- \/ Yoast SEO plugin. -->","yoast_head_json":{"title":"B\u00e1nh Biscotti - Beekeray","description":"Shop cung c\u1ea5p biscotti nguy\u00ean c\u00e1m 100% t\u1ef1 nhi\u00ean, kh\u00f4ng \u0111\u01b0\u1eddng tinh luy\u1ec7n, gi\u00e0u h\u1ea1t dinh d\u01b0\u1ee1ng. \u0110\u1eb7t mua biscotti ngay \u0111\u1ec3 nh\u1eadn \u01b0u \u0111\u00e3i!","robots":{"index":"index","follow":"follow","max-snippet":"max-snippet:-1","max-image-preview":"max-image-preview:large","max-video-preview":"max-video-preview:-1"},"canonical":"https:\/\/shopbanh.azdigi.shop\/index.php\/san-pham\/banh-biscotti-nguyen-cam-an-kieng-healthy\/","og_locale":"vi_VN","og_type":"article","og_title":"B\u00e1nh Biscotti - Beekeray","og_description":"Shop cung c\u1ea5p biscotti nguy\u00ean c\u00e1m 100% t\u1ef1 nhi\u00ean, kh\u00f4ng \u0111\u01b0\u1eddng tinh luy\u1ec7n, gi\u00e0u h\u1ea1t dinh d\u01b0\u1ee1ng. \u0110\u1eb7t mua biscotti ngay \u0111\u1ec3 nh\u1eadn \u01b0u \u0111\u00e3i!","og_url":"https:\/\/shopbanh.azdigi.shop\/index.php\/san-pham\/banh-biscotti-nguyen-cam-an-kieng-healthy\/","og_site_name":"Beekeray","article_modified_time":"2026-04-19T04:20:47+00:00","og_image":[{"width":736,"height":1312,"url":"https:\/\/shopbanh.azdigi.shop\/wp-content\/uploads\/2026\/04\/Almond-Biscotti-Cookie-Recipe.jpg","type":"image\/jpeg"}],"twitter_card":"summary_large_image","twitter_misc":{"\u01af\u1edbc t\u00ednh th\u1eddi gian \u0111\u1ecdc":"2 ph\u00fat"},"schema":{"@context":"https:\/\/schema.org","@graph":[{"@type":"WebPage","@id":"https:\/\/shopbanh.azdigi.shop\/index.php\/san-pham\/banh-biscotti-nguyen-cam-an-kieng-healthy\/","url":"https:\/\/shopbanh.azdigi.shop\/index.php\/san-pham\/banh-biscotti-nguyen-cam-an-kieng-healthy\/","name":"B\u00e1nh Biscotti - Beekeray","isPartOf":{"@id":"https:\/\/shopbanh.azdigi.shop\/#website"},"primaryImageOfPage":{"@id":"https:\/\/shopbanh.azdigi.shop\/index.php\/san-pham\/banh-biscotti-nguyen-cam-an-kieng-healthy\/#primaryimage"},"image":{"@id":"https:\/\/shopbanh.azdigi.shop\/index.php\/san-pham\/banh-biscotti-nguyen-cam-an-kieng-healthy\/#primaryimage"},"thumbnailUrl":"https:\/\/shopbanh.azdigi.shop\/wp-content\/uploads\/2026\/04\/Almond-Biscotti-Cookie-Recipe.jpg","datePublished":"2026-04-16T17:03:57+00:00","dateModified":"2026-04-19T04:20:47+00:00","description":"Shop cung c\u1ea5p biscotti nguy\u00ean c\u00e1m 100% t\u1ef1 nhi\u00ean, kh\u00f4ng \u0111\u01b0\u1eddng tinh luy\u1ec7n, gi\u00e0u h\u1ea1t dinh d\u01b0\u1ee1ng. \u0110\u1eb7t mua biscotti ngay \u0111\u1ec3 nh\u1eadn \u01b0u \u0111\u00e3i!","breadcrumb":{"@id":"https:\/\/shopbanh.azdigi.shop\/index.php\/san-pham\/banh-biscotti-nguyen-cam-an-kieng-healthy\/#breadcrumb"},"inLanguage":"vi","potentialAction":[{"@type":"ReadAction","target":["https:\/\/shopbanh.azdigi.shop\/index.php\/san-pham\/banh-biscotti-nguyen-cam-an-kieng-healthy\/"]}]},{"@type":"ImageObject","inLanguage":"vi","@id":"https:\/\/shopbanh.azdigi.shop\/index.php\/san-pham\/banh-biscotti-nguyen-cam-an-kieng-healthy\/#primaryimage","url":"https:\/\/shopbanh.azdigi.shop\/wp-content\/uploads\/2026\/04\/Almond-Biscotti-Cookie-Recipe.jpg","contentUrl":"https:\/\/shopbanh.azdigi.shop\/wp-content\/uploads\/2026\/04\/Almond-Biscotti-Cookie-Recipe.jpg","width":736,"height":1312},{"@type":"BreadcrumbList","@id":"https:\/\/shopbanh.azdigi.shop\/index.php\/san-pham\/banh-biscotti-nguyen-cam-an-kieng-healthy\/#breadcrumb","itemListElement":[{"@type":"ListItem","position":1,"name":"Home","item":"https:\/\/shopbanh.azdigi.shop\/"},{"@type":"ListItem","position":2,"name":"C\u1eeda h\u00e0ng","item":"https:\/\/shopbanh.azdigi.shop\/index.php\/cua-hang\/"},{"@type":"ListItem","position":3,"name":"B\u00e1nh Biscotti"}]},{"@type":"WebSite","@id":"https:\/\/shopbanh.azdigi.shop\/#website","url":"https:\/\/shopbanh.azdigi.shop\/","name":"Beekeray","description":"","publisher":{"@id":"https:\/\/shopbanh.azdigi.shop\/#\/schema\/person\/8cb6f523c7260b11946ab8fec433d460"},"potentialAction":[{"@type":"SearchAction","target":{"@type":"EntryPoint","urlTemplate":"https:\/\/shopbanh.azdigi.shop\/?s={search_term_string}"},"query-input":{"@type":"PropertyValueSpecification","valueRequired":true,"valueName":"search_term_string"}}],"inLanguage":"vi"},{"@type":["Person","Organization"],"@id":"https:\/\/shopbanh.azdigi.shop\/#\/schema\/person\/8cb6f523c7260b11946ab8fec433d460","name":"phuoc thanh","image":{"@type":"ImageObject","inLanguage":"vi","@id":"https:\/\/shopbanh.azdigi.shop\/#\/schema\/person\/image\/","url":"https:\/\/shopbanh.azdigi.shop\/wp-content\/uploads\/2026\/01\/ong-ban-banh-xp.png","contentUrl":"https:\/\/shopbanh.azdigi.shop\/wp-content\/uploads\/2026\/01\/ong-ban-banh-xp.png","width":290,"height":290,"caption":"phuoc thanh"},"logo":{"@id":"https:\/\/shopbanh.azdigi.shop\/#\/schema\/person\/image\/"},"sameAs":["https:\/\/shopbanh.azdigi.shop"]}]}},"_links":{"self":[{"href":"https:\/\/shopbanh.azdigi.shop\/index.php\/wp-json\/wp\/v2\/product\/649","targetHints":{"allow":["GET"]}}],"collection":[{"href":"https:\/\/shopbanh.azdigi.shop\/index.php\/wp-json\/wp\/v2\/product"}],"about":[{"href":"https:\/\/shopbanh.azdigi.shop\/index.php\/wp-json\/wp\/v2\/types\/product"}],"replies":[{"embeddable":true,"href":"https:\/\/shopbanh.azdigi.shop\/index.php\/wp-json\/wp\/v2\/comments?post=649"}],"wp:featuredmedia":[{"embeddable":true,"href":"https:\/\/shopbanh.azdigi.shop\/index.php\/wp-json\/wp\/v2\/media\/650"}],"wp:attachment":[{"href":"https:\/\/shopbanh.azdigi.shop\/index.php\/wp-json\/wp\/v2\/media?parent=649"}],"wp:term":[{"taxonomy":"product_brand","embeddable":true,"href":"https:\/\/shopbanh.azdigi.shop\/index.php\/wp-json\/wp\/v2\/product_brand?post=649"},{"taxonomy":"product_cat","embeddable":true,"href":"https:\/\/shopbanh.azdigi.shop\/index.php\/wp-json\/wp\/v2\/product_cat?post=649"},{"taxonomy":"product_tag","embeddable":true,"href":"https:\/\/shopbanh.azdigi.shop\/index.php\/wp-json\/wp\/v2\/product_tag?post=649"}],"curies":[{"name":"wp","href":"https:\/\/api.w.org\/{rel}","templated":true}]}}