{"id":527,"date":"2026-04-14T09:53:44","date_gmt":"2026-04-14T09:53:44","guid":{"rendered":"https:\/\/shopbanh.azdigi.shop\/?post_type=product&#038;p=527"},"modified":"2026-04-19T04:21:22","modified_gmt":"2026-04-19T04:21:22","slug":"banh-su-kem-vo-gion-nhan-kem-tuoi","status":"publish","type":"product","link":"https:\/\/shopbanh.azdigi.shop\/index.php\/san-pham\/banh-su-kem-vo-gion-nhan-kem-tuoi\/","title":{"rendered":"B\u00e1nh Su Kem"},"content":{"rendered":"<h2 data-path-to-node=\"6\"><b data-path-to-node=\"6\" data-index-in-node=\"0\">B\u00e1nh su kem Craquelin \u2013 S\u1ef1 k\u1ebft h\u1ee3p ho\u00e0n h\u1ea3o gi\u1eefa v\u1ecf gi\u00f2n v\u00e0 nh\u00e2n tan ch\u1ea3y<\/b><\/h2>\n<p data-path-to-node=\"7\">N\u1ebfu b\u1ea1n \u0111\u00e3 t\u1eebng m\u00ea m\u1ea9n h\u01b0\u01a1ng v\u1ecb truy\u1ec1n th\u1ed1ng, th\u00ec phi\u00ean b\u1ea3n <b data-path-to-node=\"7\" data-index-in-node=\"60\">b\u00e1nh su kem<\/b> v\u1ecf gi\u00f2n (Craquelin) c\u1ee7a ch\u00fang t\u00f4i s\u1ebd \u0111\u01b0a tr\u1ea3i nghi\u1ec7m c\u1ee7a b\u1ea1n l\u00ean m\u1ed9t t\u1ea7m cao m\u1edbi. Kh\u00f4ng ch\u1ec9 l\u00e0 m\u1ed9t chi\u1ebfc <b data-path-to-node=\"7\" data-index-in-node=\"177\">b\u00e1nh su kem<\/b> th\u00f4ng th\u01b0\u1eddng, \u0111\u00e2y l\u00e0 s\u1ef1 k\u1ebft tinh c\u1ee7a k\u1ef9 thu\u1eadt l\u00e0m b\u00e1nh Ph\u00e1p hi\u1ec7n \u0111\u1ea1i v\u00e0 kh\u1ea9u v\u1ecb thanh nh\u1eb9 c\u1ee7a ng\u01b0\u1eddi \u00c1 \u0110\u00f4ng.<\/p>\n<h3 data-path-to-node=\"8\"><b data-path-to-node=\"8\" data-index-in-node=\"0\">\u0110i\u1ec1u g\u00ec l\u00e0m n\u00ean s\u1ee9c h\u00fat c\u1ee7a b\u00e1nh su kem ch\u00fang t\u00f4i?<\/b><\/h3>\n<ul data-path-to-node=\"9\">\n<li>\n<p data-path-to-node=\"9,0,0\"><b data-path-to-node=\"9,0,0\" data-index-in-node=\"0\">L\u1edbp v\u1ecf Craquelin \u0111\u1ed9c \u0111\u00e1o:<\/b> Kh\u00e1c v\u1edbi v\u1ecf <b data-path-to-node=\"9,0,0\" data-index-in-node=\"38\">b\u00e1nh su kem<\/b> m\u1ec1m truy\u1ec1n th\u1ed1ng, l\u1edbp v\u1ecf c\u1ee7a ch\u00fang t\u00f4i \u0111\u01b0\u1ee3c ph\u1ee7 m\u1ed9t m\u00e0ng b\u00e1nh quy m\u1ecfng, n\u01b0\u1edbng v\u00e0ng \u01b0\u01a1m \u0111\u1ec3 t\u1ea1o \u0111\u1ed9 gi\u00f2n r\u1ee5m kh\u00f3 qu\u00ean khi c\u1eafn v\u00e0o.<\/p>\n<\/li>\n<li>\n<p data-path-to-node=\"9,1,0\"><b data-path-to-node=\"9,1,0\" data-index-in-node=\"0\">Nh\u00e2n kem t\u01b0\u01a1i &#8220;\u0111\u1ed9c b\u1ea3n&#8221;:<\/b> Ph\u1ea7n linh h\u1ed3n c\u1ee7a chi\u1ebfc <b data-path-to-node=\"9,1,0\" data-index-in-node=\"49\">b\u00e1nh su kem<\/b> ch\u00ednh l\u00e0 l\u1edbp kem. Ch\u00fang t\u00f4i s\u1eed d\u1ee5ng kem t\u01b0\u01a1i (whipping cream) nh\u1eadp kh\u1ea9u, \u0111\u00e1nh b\u00f4ng m\u1ecbn m\u00e0ng c\u00f9ng vani nguy\u00ean ch\u1ea5t, t\u1ea1o v\u1ecb b\u00e9o thanh, ng\u1ecdt d\u1ecbu v\u00e0 tan ngay tr\u00ean \u0111\u1ea7u l\u01b0\u1ee1i.<\/p>\n<\/li>\n<li>\n<p data-path-to-node=\"9,2,0\"><b data-path-to-node=\"9,2,0\" data-index-in-node=\"0\">T\u01b0\u01a1i m\u1edbi m\u1ed7i ng\u00e0y:<\/b> M\u1ed7i chi\u1ebfc <b data-path-to-node=\"9,2,0\" data-index-in-node=\"29\">b\u00e1nh su kem<\/b> \u0111\u1ec1u \u0111\u01b0\u1ee3c b\u01a1m nh\u00e2n ngay sau khi kh\u00e1ch \u0111\u1eb7t h\u00e0ng \u0111\u1ec3 \u0111\u1ea3m b\u1ea3o v\u1ecf b\u00e1nh lu\u00f4n gi\u1eef \u0111\u01b0\u1ee3c \u0111\u1ed9 gi\u00f2n v\u00e0 nh\u00e2n kem lu\u00f4n t\u01b0\u01a1i m\u00e1t nh\u1ea5t.<\/p>\n<\/li>\n<\/ul>\n<h3 data-path-to-node=\"10\"><b data-path-to-node=\"10\" data-index-in-node=\"0\">G\u1ee3i \u00fd th\u01b0\u1edfng th\u1ee9c b\u00e1nh su kem \u0111\u00fang \u0111i\u1ec7u<\/b><\/h3>\n<ul data-path-to-node=\"11\">\n<li>\n<p data-path-to-node=\"11,0,0\"><b data-path-to-node=\"11,0,0\" data-index-in-node=\"0\">Th\u01b0\u1edfng th\u1ee9c l\u1ea1nh:<\/b> <b data-path-to-node=\"11,0,0\" data-index-in-node=\"18\">B\u00e1nh su kem<\/b> ngon nh\u1ea5t khi \u0111\u01b0\u1ee3c gi\u1eef l\u1ea1nh \u1edf nhi\u1ec7t \u0111\u1ed9 4-8\u00b0C. C\u1ea3m gi\u00e1c c\u1eafn l\u1edbp v\u1ecf gi\u00f2n h\u00f2a quy\u1ec7n c\u00f9ng nh\u00e2n kem m\u00e1t l\u1ea1nh s\u1ebd l\u00e0m b\u00f9ng n\u1ed5 v\u1ecb gi\u00e1c.<\/p>\n<\/li>\n<li>\n<p data-path-to-node=\"11,1,0\"><b data-path-to-node=\"11,1,0\" data-index-in-node=\"0\">Ti\u1ec7c tr\u00e0 chi\u1ec1u:<\/b> M\u1ed9t v\u00e0i chi\u1ebfc <b data-path-to-node=\"11,1,0\" data-index-in-node=\"30\">b\u00e1nh su kem<\/b> nh\u1ecf xinh b\u00ean t\u00e1ch tr\u00e0 Earl Grey ho\u1eb7c c\u00e0 ph\u00ea kh\u00f4ng \u0111\u01b0\u1eddng l\u00e0 combo tuy\u1ec7t v\u1eddi cho gi\u1edd ngh\u1ec9 ng\u01a1i.<\/p>\n<\/li>\n<\/ul>\n","protected":false},"excerpt":{"rendered":"<p>\u0110\u00e1nh th\u1ee9c v\u1ecb gi\u00e1c v\u1edbi <b data-path-to-node=\"4,4,1,0\" data-index-in-node=\"22\">b\u00e1nh su kem<\/b> v\u1ecf gi\u00f2n r\u1ee5m ph\u1ee7 l\u1edbp craquelin tinh t\u1ebf. B\u00ean trong l\u00e0 l\u1edbp nh\u00e2n kem t\u01b0\u01a1i b\u00e9o ng\u1eady, m\u00e1t l\u1ea1nh, mang \u0111\u1ebfn tr\u1ea3i nghi\u1ec7m <b data-path-to-node=\"4,4,1,0\" data-index-in-node=\"145\">b\u00e1nh su kem<\/b> \u0111\u1eb3ng c\u1ea5p kh\u00f3 c\u01b0\u1ee1ng.<\/p>\n","protected":false},"featured_media":528,"comment_status":"open","ping_status":"closed","template":"","meta":[],"product_brand":[],"product_cat":[21,23,26],"product_tag":[],"class_list":{"0":"post-527","1":"product","2":"type-product","3":"status-publish","4":"has-post-thumbnail","6":"product_cat-banh-chau-a","7":"product_cat-banh-viet","8":"product_cat-banh-va-tra","10":"first","11":"instock","12":"sale","13":"shipping-taxable","14":"purchasable","15":"product-type-variable"},"yoast_head":"<!-- This site is optimized with the Yoast SEO plugin v27.1.1 - https:\/\/yoast.com\/product\/yoast-seo-wordpress\/ -->\n<title>B\u00e1nh Su Kem - Beekeray<\/title>\n<meta name=\"description\" content=\"B\u1ea1n t\u00ecm b\u00e1nh su kem ngon? Shop cung c\u1ea5p b\u00e1nh su kem v\u1ecf gi\u00f2n, nh\u00e2n kem t\u01b0\u01a1i tan ch\u1ea3y th\u1ee7 c\u00f4ng, \u00edt ng\u1ecdt, kh\u00f4ng ch\u1ea5t b\u1ea3o qu\u1ea3n. \u0110\u1eb7t mua b\u00e1nh su kem ngay!\" \/>\n<meta name=\"robots\" content=\"index, follow, max-snippet:-1, max-image-preview:large, max-video-preview:-1\" \/>\n<link rel=\"canonical\" href=\"https:\/\/shopbanh.azdigi.shop\/index.php\/san-pham\/banh-su-kem-vo-gion-nhan-kem-tuoi\/\" \/>\n<meta property=\"og:locale\" content=\"vi_VN\" \/>\n<meta property=\"og:type\" content=\"article\" \/>\n<meta property=\"og:title\" content=\"B\u00e1nh Su Kem - Beekeray\" \/>\n<meta property=\"og:description\" content=\"B\u1ea1n t\u00ecm b\u00e1nh su kem ngon? Shop cung c\u1ea5p b\u00e1nh su kem v\u1ecf gi\u00f2n, nh\u00e2n kem t\u01b0\u01a1i tan ch\u1ea3y th\u1ee7 c\u00f4ng, \u00edt ng\u1ecdt, kh\u00f4ng ch\u1ea5t b\u1ea3o qu\u1ea3n. \u0110\u1eb7t mua b\u00e1nh su kem ngay!\" \/>\n<meta property=\"og:url\" content=\"https:\/\/shopbanh.azdigi.shop\/index.php\/san-pham\/banh-su-kem-vo-gion-nhan-kem-tuoi\/\" \/>\n<meta property=\"og:site_name\" content=\"Beekeray\" \/>\n<meta property=\"article:modified_time\" content=\"2026-04-19T04:21:22+00:00\" \/>\n<meta property=\"og:image\" content=\"https:\/\/shopbanh.azdigi.shop\/wp-content\/uploads\/2026\/04\/download-13.jpg\" \/>\n\t<meta property=\"og:image:width\" content=\"675\" \/>\n\t<meta property=\"og:image:height\" content=\"1200\" \/>\n\t<meta property=\"og:image:type\" content=\"image\/jpeg\" \/>\n<meta name=\"twitter:card\" content=\"summary_large_image\" \/>\n<meta name=\"twitter:label1\" content=\"\u01af\u1edbc t\u00ednh th\u1eddi gian \u0111\u1ecdc\" \/>\n\t<meta name=\"twitter:data1\" content=\"2 ph\u00fat\" \/>\n<script type=\"application\/ld+json\" class=\"yoast-schema-graph\">{\"@context\":\"https:\/\/schema.org\",\"@graph\":[{\"@type\":\"WebPage\",\"@id\":\"https:\/\/shopbanh.azdigi.shop\/index.php\/san-pham\/banh-su-kem-vo-gion-nhan-kem-tuoi\/\",\"url\":\"https:\/\/shopbanh.azdigi.shop\/index.php\/san-pham\/banh-su-kem-vo-gion-nhan-kem-tuoi\/\",\"name\":\"B\u00e1nh Su Kem - Beekeray\",\"isPartOf\":{\"@id\":\"https:\/\/shopbanh.azdigi.shop\/#website\"},\"primaryImageOfPage\":{\"@id\":\"https:\/\/shopbanh.azdigi.shop\/index.php\/san-pham\/banh-su-kem-vo-gion-nhan-kem-tuoi\/#primaryimage\"},\"image\":{\"@id\":\"https:\/\/shopbanh.azdigi.shop\/index.php\/san-pham\/banh-su-kem-vo-gion-nhan-kem-tuoi\/#primaryimage\"},\"thumbnailUrl\":\"https:\/\/shopbanh.azdigi.shop\/wp-content\/uploads\/2026\/04\/download-13.jpg\",\"datePublished\":\"2026-04-14T09:53:44+00:00\",\"dateModified\":\"2026-04-19T04:21:22+00:00\",\"description\":\"B\u1ea1n t\u00ecm b\u00e1nh su kem ngon? Shop cung c\u1ea5p b\u00e1nh su kem v\u1ecf gi\u00f2n, nh\u00e2n kem t\u01b0\u01a1i tan ch\u1ea3y th\u1ee7 c\u00f4ng, \u00edt ng\u1ecdt, kh\u00f4ng ch\u1ea5t b\u1ea3o qu\u1ea3n. \u0110\u1eb7t mua b\u00e1nh su kem ngay!\",\"breadcrumb\":{\"@id\":\"https:\/\/shopbanh.azdigi.shop\/index.php\/san-pham\/banh-su-kem-vo-gion-nhan-kem-tuoi\/#breadcrumb\"},\"inLanguage\":\"vi\",\"potentialAction\":[{\"@type\":\"ReadAction\",\"target\":[\"https:\/\/shopbanh.azdigi.shop\/index.php\/san-pham\/banh-su-kem-vo-gion-nhan-kem-tuoi\/\"]}]},{\"@type\":\"ImageObject\",\"inLanguage\":\"vi\",\"@id\":\"https:\/\/shopbanh.azdigi.shop\/index.php\/san-pham\/banh-su-kem-vo-gion-nhan-kem-tuoi\/#primaryimage\",\"url\":\"https:\/\/shopbanh.azdigi.shop\/wp-content\/uploads\/2026\/04\/download-13.jpg\",\"contentUrl\":\"https:\/\/shopbanh.azdigi.shop\/wp-content\/uploads\/2026\/04\/download-13.jpg\",\"width\":675,\"height\":1200},{\"@type\":\"BreadcrumbList\",\"@id\":\"https:\/\/shopbanh.azdigi.shop\/index.php\/san-pham\/banh-su-kem-vo-gion-nhan-kem-tuoi\/#breadcrumb\",\"itemListElement\":[{\"@type\":\"ListItem\",\"position\":1,\"name\":\"Home\",\"item\":\"https:\/\/shopbanh.azdigi.shop\/\"},{\"@type\":\"ListItem\",\"position\":2,\"name\":\"C\u1eeda h\u00e0ng\",\"item\":\"https:\/\/shopbanh.azdigi.shop\/index.php\/cua-hang\/\"},{\"@type\":\"ListItem\",\"position\":3,\"name\":\"B\u00e1nh Su Kem\"}]},{\"@type\":\"WebSite\",\"@id\":\"https:\/\/shopbanh.azdigi.shop\/#website\",\"url\":\"https:\/\/shopbanh.azdigi.shop\/\",\"name\":\"Beekeray\",\"description\":\"\",\"publisher\":{\"@id\":\"https:\/\/shopbanh.azdigi.shop\/#\/schema\/person\/8cb6f523c7260b11946ab8fec433d460\"},\"potentialAction\":[{\"@type\":\"SearchAction\",\"target\":{\"@type\":\"EntryPoint\",\"urlTemplate\":\"https:\/\/shopbanh.azdigi.shop\/?s={search_term_string}\"},\"query-input\":{\"@type\":\"PropertyValueSpecification\",\"valueRequired\":true,\"valueName\":\"search_term_string\"}}],\"inLanguage\":\"vi\"},{\"@type\":[\"Person\",\"Organization\"],\"@id\":\"https:\/\/shopbanh.azdigi.shop\/#\/schema\/person\/8cb6f523c7260b11946ab8fec433d460\",\"name\":\"phuoc thanh\",\"image\":{\"@type\":\"ImageObject\",\"inLanguage\":\"vi\",\"@id\":\"https:\/\/shopbanh.azdigi.shop\/#\/schema\/person\/image\/\",\"url\":\"https:\/\/shopbanh.azdigi.shop\/wp-content\/uploads\/2026\/01\/ong-ban-banh-xp.png\",\"contentUrl\":\"https:\/\/shopbanh.azdigi.shop\/wp-content\/uploads\/2026\/01\/ong-ban-banh-xp.png\",\"width\":290,\"height\":290,\"caption\":\"phuoc thanh\"},\"logo\":{\"@id\":\"https:\/\/shopbanh.azdigi.shop\/#\/schema\/person\/image\/\"},\"sameAs\":[\"https:\/\/shopbanh.azdigi.shop\"]}]}<\/script>\n<!-- \/ Yoast SEO plugin. -->","yoast_head_json":{"title":"B\u00e1nh Su Kem - Beekeray","description":"B\u1ea1n t\u00ecm b\u00e1nh su kem ngon? Shop cung c\u1ea5p b\u00e1nh su kem v\u1ecf gi\u00f2n, nh\u00e2n kem t\u01b0\u01a1i tan ch\u1ea3y th\u1ee7 c\u00f4ng, \u00edt ng\u1ecdt, kh\u00f4ng ch\u1ea5t b\u1ea3o qu\u1ea3n. \u0110\u1eb7t mua b\u00e1nh su kem ngay!","robots":{"index":"index","follow":"follow","max-snippet":"max-snippet:-1","max-image-preview":"max-image-preview:large","max-video-preview":"max-video-preview:-1"},"canonical":"https:\/\/shopbanh.azdigi.shop\/index.php\/san-pham\/banh-su-kem-vo-gion-nhan-kem-tuoi\/","og_locale":"vi_VN","og_type":"article","og_title":"B\u00e1nh Su Kem - Beekeray","og_description":"B\u1ea1n t\u00ecm b\u00e1nh su kem ngon? Shop cung c\u1ea5p b\u00e1nh su kem v\u1ecf gi\u00f2n, nh\u00e2n kem t\u01b0\u01a1i tan ch\u1ea3y th\u1ee7 c\u00f4ng, \u00edt ng\u1ecdt, kh\u00f4ng ch\u1ea5t b\u1ea3o qu\u1ea3n. \u0110\u1eb7t mua b\u00e1nh su kem ngay!","og_url":"https:\/\/shopbanh.azdigi.shop\/index.php\/san-pham\/banh-su-kem-vo-gion-nhan-kem-tuoi\/","og_site_name":"Beekeray","article_modified_time":"2026-04-19T04:21:22+00:00","og_image":[{"width":675,"height":1200,"url":"https:\/\/shopbanh.azdigi.shop\/wp-content\/uploads\/2026\/04\/download-13.jpg","type":"image\/jpeg"}],"twitter_card":"summary_large_image","twitter_misc":{"\u01af\u1edbc t\u00ednh th\u1eddi gian \u0111\u1ecdc":"2 ph\u00fat"},"schema":{"@context":"https:\/\/schema.org","@graph":[{"@type":"WebPage","@id":"https:\/\/shopbanh.azdigi.shop\/index.php\/san-pham\/banh-su-kem-vo-gion-nhan-kem-tuoi\/","url":"https:\/\/shopbanh.azdigi.shop\/index.php\/san-pham\/banh-su-kem-vo-gion-nhan-kem-tuoi\/","name":"B\u00e1nh Su Kem - Beekeray","isPartOf":{"@id":"https:\/\/shopbanh.azdigi.shop\/#website"},"primaryImageOfPage":{"@id":"https:\/\/shopbanh.azdigi.shop\/index.php\/san-pham\/banh-su-kem-vo-gion-nhan-kem-tuoi\/#primaryimage"},"image":{"@id":"https:\/\/shopbanh.azdigi.shop\/index.php\/san-pham\/banh-su-kem-vo-gion-nhan-kem-tuoi\/#primaryimage"},"thumbnailUrl":"https:\/\/shopbanh.azdigi.shop\/wp-content\/uploads\/2026\/04\/download-13.jpg","datePublished":"2026-04-14T09:53:44+00:00","dateModified":"2026-04-19T04:21:22+00:00","description":"B\u1ea1n t\u00ecm b\u00e1nh su kem ngon? Shop cung c\u1ea5p b\u00e1nh su kem v\u1ecf gi\u00f2n, nh\u00e2n kem t\u01b0\u01a1i tan ch\u1ea3y th\u1ee7 c\u00f4ng, \u00edt ng\u1ecdt, kh\u00f4ng ch\u1ea5t b\u1ea3o qu\u1ea3n. \u0110\u1eb7t mua b\u00e1nh su kem ngay!","breadcrumb":{"@id":"https:\/\/shopbanh.azdigi.shop\/index.php\/san-pham\/banh-su-kem-vo-gion-nhan-kem-tuoi\/#breadcrumb"},"inLanguage":"vi","potentialAction":[{"@type":"ReadAction","target":["https:\/\/shopbanh.azdigi.shop\/index.php\/san-pham\/banh-su-kem-vo-gion-nhan-kem-tuoi\/"]}]},{"@type":"ImageObject","inLanguage":"vi","@id":"https:\/\/shopbanh.azdigi.shop\/index.php\/san-pham\/banh-su-kem-vo-gion-nhan-kem-tuoi\/#primaryimage","url":"https:\/\/shopbanh.azdigi.shop\/wp-content\/uploads\/2026\/04\/download-13.jpg","contentUrl":"https:\/\/shopbanh.azdigi.shop\/wp-content\/uploads\/2026\/04\/download-13.jpg","width":675,"height":1200},{"@type":"BreadcrumbList","@id":"https:\/\/shopbanh.azdigi.shop\/index.php\/san-pham\/banh-su-kem-vo-gion-nhan-kem-tuoi\/#breadcrumb","itemListElement":[{"@type":"ListItem","position":1,"name":"Home","item":"https:\/\/shopbanh.azdigi.shop\/"},{"@type":"ListItem","position":2,"name":"C\u1eeda h\u00e0ng","item":"https:\/\/shopbanh.azdigi.shop\/index.php\/cua-hang\/"},{"@type":"ListItem","position":3,"name":"B\u00e1nh Su Kem"}]},{"@type":"WebSite","@id":"https:\/\/shopbanh.azdigi.shop\/#website","url":"https:\/\/shopbanh.azdigi.shop\/","name":"Beekeray","description":"","publisher":{"@id":"https:\/\/shopbanh.azdigi.shop\/#\/schema\/person\/8cb6f523c7260b11946ab8fec433d460"},"potentialAction":[{"@type":"SearchAction","target":{"@type":"EntryPoint","urlTemplate":"https:\/\/shopbanh.azdigi.shop\/?s={search_term_string}"},"query-input":{"@type":"PropertyValueSpecification","valueRequired":true,"valueName":"search_term_string"}}],"inLanguage":"vi"},{"@type":["Person","Organization"],"@id":"https:\/\/shopbanh.azdigi.shop\/#\/schema\/person\/8cb6f523c7260b11946ab8fec433d460","name":"phuoc thanh","image":{"@type":"ImageObject","inLanguage":"vi","@id":"https:\/\/shopbanh.azdigi.shop\/#\/schema\/person\/image\/","url":"https:\/\/shopbanh.azdigi.shop\/wp-content\/uploads\/2026\/01\/ong-ban-banh-xp.png","contentUrl":"https:\/\/shopbanh.azdigi.shop\/wp-content\/uploads\/2026\/01\/ong-ban-banh-xp.png","width":290,"height":290,"caption":"phuoc thanh"},"logo":{"@id":"https:\/\/shopbanh.azdigi.shop\/#\/schema\/person\/image\/"},"sameAs":["https:\/\/shopbanh.azdigi.shop"]}]}},"_links":{"self":[{"href":"https:\/\/shopbanh.azdigi.shop\/index.php\/wp-json\/wp\/v2\/product\/527","targetHints":{"allow":["GET"]}}],"collection":[{"href":"https:\/\/shopbanh.azdigi.shop\/index.php\/wp-json\/wp\/v2\/product"}],"about":[{"href":"https:\/\/shopbanh.azdigi.shop\/index.php\/wp-json\/wp\/v2\/types\/product"}],"replies":[{"embeddable":true,"href":"https:\/\/shopbanh.azdigi.shop\/index.php\/wp-json\/wp\/v2\/comments?post=527"}],"wp:featuredmedia":[{"embeddable":true,"href":"https:\/\/shopbanh.azdigi.shop\/index.php\/wp-json\/wp\/v2\/media\/528"}],"wp:attachment":[{"href":"https:\/\/shopbanh.azdigi.shop\/index.php\/wp-json\/wp\/v2\/media?parent=527"}],"wp:term":[{"taxonomy":"product_brand","embeddable":true,"href":"https:\/\/shopbanh.azdigi.shop\/index.php\/wp-json\/wp\/v2\/product_brand?post=527"},{"taxonomy":"product_cat","embeddable":true,"href":"https:\/\/shopbanh.azdigi.shop\/index.php\/wp-json\/wp\/v2\/product_cat?post=527"},{"taxonomy":"product_tag","embeddable":true,"href":"https:\/\/shopbanh.azdigi.shop\/index.php\/wp-json\/wp\/v2\/product_tag?post=527"}],"curies":[{"name":"wp","href":"https:\/\/api.w.org\/{rel}","templated":true}]}}