{"id":223,"date":"2026-04-05T03:50:20","date_gmt":"2026-04-05T03:50:20","guid":{"rendered":"https:\/\/shopbanh.azdigi.shop\/?post_type=product&#038;p=223"},"modified":"2026-04-19T04:47:32","modified_gmt":"2026-04-19T04:47:32","slug":"croissant-cake","status":"publish","type":"product","link":"https:\/\/shopbanh.azdigi.shop\/index.php\/san-pham\/croissant-cake\/","title":{"rendered":"Croissant cake"},"content":{"rendered":"<h2 data-path-to-node=\"8,0\"><b data-path-to-node=\"8,0\" data-index-in-node=\"0\">B\u00e1nh Croissant \u2013 \u0110\u1ec9nh Cao B\u00e1nh S\u1eebng B\u00f2 Ph\u00e1p Gi\u00f2n R\u1ee5m, Th\u01a1m B\u01a1<\/b><\/h2>\n<p data-path-to-node=\"8,1\">Kh\u00e1m ph\u00e1 h\u01b0\u01a1ng v\u1ecb nguy\u00ean b\u1ea3n c\u1ee7a n\u01b0\u1edbc Ph\u00e1p v\u1edbi d\u00f2ng <b data-path-to-node=\"8,1\" data-index-in-node=\"52\">B\u00e1nh Croissant<\/b> th\u01b0\u1ee3ng h\u1ea1ng t\u1ea1i c\u1eeda h\u00e0ng ch\u00fang t\u00f4i. M\u1ed7i chi\u1ebfc b\u00e1nh l\u00e0 m\u1ed9t t\u00e1c ph\u1ea9m ngh\u1ec7 thu\u1eadt, \u0111\u01b0\u1ee3c t\u1ea1o n\u00ean t\u1eeb h\u00e0ng ch\u1ee5c l\u1edbp b\u1ed9t m\u1ecfng tang, xen k\u1ebd v\u1edbi b\u01a1 h\u1ea1t cao c\u1ea5p, t\u1ea1o n\u00ean \u0111\u1ed9 gi\u00f2n x\u1ed1p ho\u00e0n h\u1ea3o b\u00ean ngo\u00e0i v\u00e0 s\u1ef1 m\u1ec1m m\u1ea1i, th\u01a1m ng\u1eady b\u00ean trong.<\/p>\n<p data-path-to-node=\"8,2\"><b data-path-to-node=\"8,2\" data-index-in-node=\"0\">T\u1ea1i sao B\u00e1nh Croissant c\u1ee7a ch\u00fang t\u00f4i l\u1ea1i \u0111\u1eb7c bi\u1ec7t?<\/b><\/p>\n<ul data-path-to-node=\"8,3\">\n<li>\n<p data-path-to-node=\"8,3,0,0\"><b data-path-to-node=\"8,3,0,0\" data-index-in-node=\"0\">K\u1ef9 thu\u1eadt c\u00e1n l\u1edbp th\u1ee7 c\u00f4ng:<\/b> Gi\u00fap b\u00e1nh c\u00f3 \u0111\u1ed9 ph\u1ed3ng \u0111\u1eb9p m\u1eaft v\u00e0 c\u1ea5u tr\u00fac &#8220;t\u1ed5 ong&#8221; chu\u1ea9n m\u1ef1c.<\/p>\n<\/li>\n<li>\n<p data-path-to-node=\"8,3,1,0\"><b data-path-to-node=\"8,3,1,0\" data-index-in-node=\"0\">Nguy\u00ean li\u1ec7u tuy\u1ec3n ch\u1ecdn:<\/b> S\u1eed d\u1ee5ng b\u01a1 nh\u1eadp kh\u1ea9u 100%, mang l\u1ea1i m\u00f9i th\u01a1m \u0111\u1eb7c tr\u01b0ng kh\u00f4ng th\u1ec3 tr\u1ed9n l\u1eabn.<\/p>\n<\/li>\n<li>\n<p data-path-to-node=\"8,3,2,0\"><b data-path-to-node=\"8,3,2,0\" data-index-in-node=\"0\">\u0110a d\u1ea1ng bi\u1ebfn th\u1ec3:<\/b> Ch\u00fang t\u00f4i mang \u0111\u1ebfn nhi\u1ec1u l\u1ef1a ch\u1ecdn h\u1ea5p d\u1eabn nh\u01b0 Croissant h\u1ea1nh nh\u00e2n b\u00f9i b\u00e9o, nh\u00e2n socola \u0111\u1eadm \u0111\u00e0 hay v\u1ecb tr\u1ee9ng mu\u1ed1i tan ch\u1ea3y.<\/p>\n<\/li>\n<li>\n<p data-path-to-node=\"8,3,3,0\"><b data-path-to-node=\"8,3,3,0\" data-index-in-node=\"0\">T\u01b0\u01a1i m\u1edbi m\u1ed7i gi\u1edd:<\/b> B\u00e1nh \u0111\u01b0\u1ee3c n\u01b0\u1edbng m\u1edbi li\u00ean t\u1ee5c trong ng\u00e0y \u0111\u1ec3 \u0111\u1ea3m b\u1ea3o \u0111\u1ed9 gi\u00f2n tan khi \u0111\u1ebfn tay kh\u00e1ch h\u00e0ng.<\/p>\n<\/li>\n<\/ul>\n<p data-path-to-node=\"8,4\"><b data-path-to-node=\"8,4\" data-index-in-node=\"0\">G\u1ee3i \u00fd th\u01b0\u1edfng th\u1ee9c:<\/b> M\u1ed9t chi\u1ebfc <b data-path-to-node=\"8,4\" data-index-in-node=\"29\">B\u00e1nh Croissant<\/b> n\u00f3ng h\u1ed5i c\u00f9ng m\u1ed9t t\u00e1ch c\u00e0 ph\u00ea m\u00e1y v\u00e0o bu\u1ed5i s\u00e1ng l\u00e0 kh\u1edfi \u0111\u1ea7u ho\u00e0n h\u1ea3o cho ng\u00e0y m\u1edbi n\u0103ng \u0111\u1ed9ng.<\/p>\n<p data-path-to-node=\"8,5\"><i data-path-to-node=\"8,5\" data-index-in-node=\"0\">Ch\u1ecdn ngay h\u01b0\u01a1ng v\u1ecb v\u00e0 k\u00edch th\u01b0\u1edbc y\u00eau th\u00edch c\u1ee7a b\u1ea1n \u1edf ph\u1ea7n t\u00f9y ch\u1ecdn b\u00ean d\u01b0\u1edbi!<\/i><\/p>\n","protected":false},"excerpt":{"rendered":"<blockquote data-path-to-node=\"11\">\n<p data-path-to-node=\"11,0\"><b data-path-to-node=\"11,0\" data-index-in-node=\"0\">B\u00e1nh Croissant (B\u00e1nh s\u1eebng b\u00f2) chu\u1ea9n v\u1ecb Ph\u00e1p v\u1edbi l\u1edbp v\u1ecf gi\u00f2n tan v\u00e0 ru\u1ed9t m\u1ec1m th\u01a1m b\u01a1 h\u1ea1t. Nhi\u1ec1u l\u1ef1a ch\u1ecdn nh\u00e2n: Socola, H\u1ea1nh nh\u00e2n, Tr\u1ee9ng mu\u1ed1i&#8230; B\u00e1nh n\u01b0\u1edbng m\u1edbi m\u1ed7i ng\u00e0y, kh\u00f4ng ch\u1ea5t b\u1ea3o qu\u1ea3n. L\u1ef1a ch\u1ecdn tuy\u1ec7t v\u1eddi cho b\u1eefa s\u00e1ng dinh d\u01b0\u1ee1ng.<\/b><\/p>\n<\/blockquote>\n","protected":false},"featured_media":514,"comment_status":"open","ping_status":"closed","template":"","meta":[],"product_brand":[],"product_cat":[22,25,26],"product_tag":[],"class_list":{"0":"post-223","1":"product","2":"type-product","3":"status-publish","4":"has-post-thumbnail","6":"product_cat-banh-chau-au","7":"product_cat-banh-mua-le","8":"product_cat-banh-va-tra","10":"first","11":"instock","12":"sale","13":"shipping-taxable","14":"purchasable","15":"product-type-variable","16":"has-default-attributes"},"yoast_head":"<!-- This site is optimized with the Yoast SEO plugin v27.1.1 - https:\/\/yoast.com\/product\/yoast-seo-wordpress\/ -->\n<title>Croissant cake - Beekeray<\/title>\n<meta name=\"description\" content=\"Th\u01b0\u1edfng th\u1ee9c B\u00e1nh Croissant gi\u00f2n x\u1ed1p, th\u01a1m b\u01a1 . Nhi\u1ec1u h\u01b0\u01a1ng v\u1ecb l\u1ef1a ch\u1ecdn: Truy\u1ec1n th\u1ed1ng, Socola, H\u1ea1nh nh\u00e2n... B\u00e1nh t\u01b0\u01a1i n\u01b0\u1edbng m\u1edbi m\u1ed7i ng\u00e0y. \u0110\u1eb7t h\u00e0ng ngay!\" \/>\n<meta name=\"robots\" content=\"index, follow, max-snippet:-1, max-image-preview:large, max-video-preview:-1\" \/>\n<link rel=\"canonical\" href=\"https:\/\/shopbanh.azdigi.shop\/index.php\/san-pham\/croissant-cake\/\" \/>\n<meta property=\"og:locale\" content=\"vi_VN\" \/>\n<meta property=\"og:type\" content=\"article\" \/>\n<meta property=\"og:title\" content=\"Croissant cake - Beekeray\" \/>\n<meta property=\"og:description\" content=\"Th\u01b0\u1edfng th\u1ee9c B\u00e1nh Croissant gi\u00f2n x\u1ed1p, th\u01a1m b\u01a1 . Nhi\u1ec1u h\u01b0\u01a1ng v\u1ecb l\u1ef1a ch\u1ecdn: Truy\u1ec1n th\u1ed1ng, Socola, H\u1ea1nh nh\u00e2n... B\u00e1nh t\u01b0\u01a1i n\u01b0\u1edbng m\u1edbi m\u1ed7i ng\u00e0y. \u0110\u1eb7t h\u00e0ng ngay!\" \/>\n<meta property=\"og:url\" content=\"https:\/\/shopbanh.azdigi.shop\/index.php\/san-pham\/croissant-cake\/\" \/>\n<meta property=\"og:site_name\" content=\"Beekeray\" \/>\n<meta property=\"article:modified_time\" content=\"2026-04-19T04:47:32+00:00\" \/>\n<meta property=\"og:image\" content=\"https:\/\/shopbanh.azdigi.shop\/wp-content\/uploads\/2026\/04\/A-Croissant-Quest-in-Paris-Bake-from-Scratch-Page-4.jpg\" \/>\n\t<meta property=\"og:image:width\" content=\"564\" \/>\n\t<meta property=\"og:image:height\" content=\"790\" \/>\n\t<meta property=\"og:image:type\" content=\"image\/jpeg\" \/>\n<meta name=\"twitter:card\" content=\"summary_large_image\" \/>\n<meta name=\"twitter:label1\" content=\"\u01af\u1edbc t\u00ednh th\u1eddi gian \u0111\u1ecdc\" \/>\n\t<meta name=\"twitter:data1\" content=\"2 ph\u00fat\" \/>\n<script type=\"application\/ld+json\" class=\"yoast-schema-graph\">{\"@context\":\"https:\/\/schema.org\",\"@graph\":[{\"@type\":\"WebPage\",\"@id\":\"https:\/\/shopbanh.azdigi.shop\/index.php\/san-pham\/croissant-cake\/\",\"url\":\"https:\/\/shopbanh.azdigi.shop\/index.php\/san-pham\/croissant-cake\/\",\"name\":\"Croissant cake - Beekeray\",\"isPartOf\":{\"@id\":\"https:\/\/shopbanh.azdigi.shop\/#website\"},\"primaryImageOfPage\":{\"@id\":\"https:\/\/shopbanh.azdigi.shop\/index.php\/san-pham\/croissant-cake\/#primaryimage\"},\"image\":{\"@id\":\"https:\/\/shopbanh.azdigi.shop\/index.php\/san-pham\/croissant-cake\/#primaryimage\"},\"thumbnailUrl\":\"https:\/\/shopbanh.azdigi.shop\/wp-content\/uploads\/2026\/04\/A-Croissant-Quest-in-Paris-Bake-from-Scratch-Page-4.jpg\",\"datePublished\":\"2026-04-05T03:50:20+00:00\",\"dateModified\":\"2026-04-19T04:47:32+00:00\",\"description\":\"Th\u01b0\u1edfng th\u1ee9c B\u00e1nh Croissant gi\u00f2n x\u1ed1p, th\u01a1m b\u01a1 . Nhi\u1ec1u h\u01b0\u01a1ng v\u1ecb l\u1ef1a ch\u1ecdn: Truy\u1ec1n th\u1ed1ng, Socola, H\u1ea1nh nh\u00e2n... B\u00e1nh t\u01b0\u01a1i n\u01b0\u1edbng m\u1edbi m\u1ed7i ng\u00e0y. \u0110\u1eb7t h\u00e0ng ngay!\",\"breadcrumb\":{\"@id\":\"https:\/\/shopbanh.azdigi.shop\/index.php\/san-pham\/croissant-cake\/#breadcrumb\"},\"inLanguage\":\"vi\",\"potentialAction\":[{\"@type\":\"ReadAction\",\"target\":[\"https:\/\/shopbanh.azdigi.shop\/index.php\/san-pham\/croissant-cake\/\"]}]},{\"@type\":\"ImageObject\",\"inLanguage\":\"vi\",\"@id\":\"https:\/\/shopbanh.azdigi.shop\/index.php\/san-pham\/croissant-cake\/#primaryimage\",\"url\":\"https:\/\/shopbanh.azdigi.shop\/wp-content\/uploads\/2026\/04\/A-Croissant-Quest-in-Paris-Bake-from-Scratch-Page-4.jpg\",\"contentUrl\":\"https:\/\/shopbanh.azdigi.shop\/wp-content\/uploads\/2026\/04\/A-Croissant-Quest-in-Paris-Bake-from-Scratch-Page-4.jpg\",\"width\":564,\"height\":790},{\"@type\":\"BreadcrumbList\",\"@id\":\"https:\/\/shopbanh.azdigi.shop\/index.php\/san-pham\/croissant-cake\/#breadcrumb\",\"itemListElement\":[{\"@type\":\"ListItem\",\"position\":1,\"name\":\"Home\",\"item\":\"https:\/\/shopbanh.azdigi.shop\/\"},{\"@type\":\"ListItem\",\"position\":2,\"name\":\"C\u1eeda h\u00e0ng\",\"item\":\"https:\/\/shopbanh.azdigi.shop\/index.php\/cua-hang\/\"},{\"@type\":\"ListItem\",\"position\":3,\"name\":\"Croissant cake\"}]},{\"@type\":\"WebSite\",\"@id\":\"https:\/\/shopbanh.azdigi.shop\/#website\",\"url\":\"https:\/\/shopbanh.azdigi.shop\/\",\"name\":\"Beekeray\",\"description\":\"\",\"publisher\":{\"@id\":\"https:\/\/shopbanh.azdigi.shop\/#\/schema\/person\/8cb6f523c7260b11946ab8fec433d460\"},\"potentialAction\":[{\"@type\":\"SearchAction\",\"target\":{\"@type\":\"EntryPoint\",\"urlTemplate\":\"https:\/\/shopbanh.azdigi.shop\/?s={search_term_string}\"},\"query-input\":{\"@type\":\"PropertyValueSpecification\",\"valueRequired\":true,\"valueName\":\"search_term_string\"}}],\"inLanguage\":\"vi\"},{\"@type\":[\"Person\",\"Organization\"],\"@id\":\"https:\/\/shopbanh.azdigi.shop\/#\/schema\/person\/8cb6f523c7260b11946ab8fec433d460\",\"name\":\"phuoc thanh\",\"image\":{\"@type\":\"ImageObject\",\"inLanguage\":\"vi\",\"@id\":\"https:\/\/shopbanh.azdigi.shop\/#\/schema\/person\/image\/\",\"url\":\"https:\/\/shopbanh.azdigi.shop\/wp-content\/uploads\/2026\/01\/ong-ban-banh-xp.png\",\"contentUrl\":\"https:\/\/shopbanh.azdigi.shop\/wp-content\/uploads\/2026\/01\/ong-ban-banh-xp.png\",\"width\":290,\"height\":290,\"caption\":\"phuoc thanh\"},\"logo\":{\"@id\":\"https:\/\/shopbanh.azdigi.shop\/#\/schema\/person\/image\/\"},\"sameAs\":[\"https:\/\/shopbanh.azdigi.shop\"]}]}<\/script>\n<!-- \/ Yoast SEO plugin. -->","yoast_head_json":{"title":"Croissant cake - Beekeray","description":"Th\u01b0\u1edfng th\u1ee9c B\u00e1nh Croissant gi\u00f2n x\u1ed1p, th\u01a1m b\u01a1 . Nhi\u1ec1u h\u01b0\u01a1ng v\u1ecb l\u1ef1a ch\u1ecdn: Truy\u1ec1n th\u1ed1ng, Socola, H\u1ea1nh nh\u00e2n... B\u00e1nh t\u01b0\u01a1i n\u01b0\u1edbng m\u1edbi m\u1ed7i ng\u00e0y. \u0110\u1eb7t h\u00e0ng ngay!","robots":{"index":"index","follow":"follow","max-snippet":"max-snippet:-1","max-image-preview":"max-image-preview:large","max-video-preview":"max-video-preview:-1"},"canonical":"https:\/\/shopbanh.azdigi.shop\/index.php\/san-pham\/croissant-cake\/","og_locale":"vi_VN","og_type":"article","og_title":"Croissant cake - Beekeray","og_description":"Th\u01b0\u1edfng th\u1ee9c B\u00e1nh Croissant gi\u00f2n x\u1ed1p, th\u01a1m b\u01a1 . Nhi\u1ec1u h\u01b0\u01a1ng v\u1ecb l\u1ef1a ch\u1ecdn: Truy\u1ec1n th\u1ed1ng, Socola, H\u1ea1nh nh\u00e2n... B\u00e1nh t\u01b0\u01a1i n\u01b0\u1edbng m\u1edbi m\u1ed7i ng\u00e0y. \u0110\u1eb7t h\u00e0ng ngay!","og_url":"https:\/\/shopbanh.azdigi.shop\/index.php\/san-pham\/croissant-cake\/","og_site_name":"Beekeray","article_modified_time":"2026-04-19T04:47:32+00:00","og_image":[{"width":564,"height":790,"url":"https:\/\/shopbanh.azdigi.shop\/wp-content\/uploads\/2026\/04\/A-Croissant-Quest-in-Paris-Bake-from-Scratch-Page-4.jpg","type":"image\/jpeg"}],"twitter_card":"summary_large_image","twitter_misc":{"\u01af\u1edbc t\u00ednh th\u1eddi gian \u0111\u1ecdc":"2 ph\u00fat"},"schema":{"@context":"https:\/\/schema.org","@graph":[{"@type":"WebPage","@id":"https:\/\/shopbanh.azdigi.shop\/index.php\/san-pham\/croissant-cake\/","url":"https:\/\/shopbanh.azdigi.shop\/index.php\/san-pham\/croissant-cake\/","name":"Croissant cake - Beekeray","isPartOf":{"@id":"https:\/\/shopbanh.azdigi.shop\/#website"},"primaryImageOfPage":{"@id":"https:\/\/shopbanh.azdigi.shop\/index.php\/san-pham\/croissant-cake\/#primaryimage"},"image":{"@id":"https:\/\/shopbanh.azdigi.shop\/index.php\/san-pham\/croissant-cake\/#primaryimage"},"thumbnailUrl":"https:\/\/shopbanh.azdigi.shop\/wp-content\/uploads\/2026\/04\/A-Croissant-Quest-in-Paris-Bake-from-Scratch-Page-4.jpg","datePublished":"2026-04-05T03:50:20+00:00","dateModified":"2026-04-19T04:47:32+00:00","description":"Th\u01b0\u1edfng th\u1ee9c B\u00e1nh Croissant gi\u00f2n x\u1ed1p, th\u01a1m b\u01a1 . Nhi\u1ec1u h\u01b0\u01a1ng v\u1ecb l\u1ef1a ch\u1ecdn: Truy\u1ec1n th\u1ed1ng, Socola, H\u1ea1nh nh\u00e2n... B\u00e1nh t\u01b0\u01a1i n\u01b0\u1edbng m\u1edbi m\u1ed7i ng\u00e0y. \u0110\u1eb7t h\u00e0ng ngay!","breadcrumb":{"@id":"https:\/\/shopbanh.azdigi.shop\/index.php\/san-pham\/croissant-cake\/#breadcrumb"},"inLanguage":"vi","potentialAction":[{"@type":"ReadAction","target":["https:\/\/shopbanh.azdigi.shop\/index.php\/san-pham\/croissant-cake\/"]}]},{"@type":"ImageObject","inLanguage":"vi","@id":"https:\/\/shopbanh.azdigi.shop\/index.php\/san-pham\/croissant-cake\/#primaryimage","url":"https:\/\/shopbanh.azdigi.shop\/wp-content\/uploads\/2026\/04\/A-Croissant-Quest-in-Paris-Bake-from-Scratch-Page-4.jpg","contentUrl":"https:\/\/shopbanh.azdigi.shop\/wp-content\/uploads\/2026\/04\/A-Croissant-Quest-in-Paris-Bake-from-Scratch-Page-4.jpg","width":564,"height":790},{"@type":"BreadcrumbList","@id":"https:\/\/shopbanh.azdigi.shop\/index.php\/san-pham\/croissant-cake\/#breadcrumb","itemListElement":[{"@type":"ListItem","position":1,"name":"Home","item":"https:\/\/shopbanh.azdigi.shop\/"},{"@type":"ListItem","position":2,"name":"C\u1eeda h\u00e0ng","item":"https:\/\/shopbanh.azdigi.shop\/index.php\/cua-hang\/"},{"@type":"ListItem","position":3,"name":"Croissant cake"}]},{"@type":"WebSite","@id":"https:\/\/shopbanh.azdigi.shop\/#website","url":"https:\/\/shopbanh.azdigi.shop\/","name":"Beekeray","description":"","publisher":{"@id":"https:\/\/shopbanh.azdigi.shop\/#\/schema\/person\/8cb6f523c7260b11946ab8fec433d460"},"potentialAction":[{"@type":"SearchAction","target":{"@type":"EntryPoint","urlTemplate":"https:\/\/shopbanh.azdigi.shop\/?s={search_term_string}"},"query-input":{"@type":"PropertyValueSpecification","valueRequired":true,"valueName":"search_term_string"}}],"inLanguage":"vi"},{"@type":["Person","Organization"],"@id":"https:\/\/shopbanh.azdigi.shop\/#\/schema\/person\/8cb6f523c7260b11946ab8fec433d460","name":"phuoc thanh","image":{"@type":"ImageObject","inLanguage":"vi","@id":"https:\/\/shopbanh.azdigi.shop\/#\/schema\/person\/image\/","url":"https:\/\/shopbanh.azdigi.shop\/wp-content\/uploads\/2026\/01\/ong-ban-banh-xp.png","contentUrl":"https:\/\/shopbanh.azdigi.shop\/wp-content\/uploads\/2026\/01\/ong-ban-banh-xp.png","width":290,"height":290,"caption":"phuoc thanh"},"logo":{"@id":"https:\/\/shopbanh.azdigi.shop\/#\/schema\/person\/image\/"},"sameAs":["https:\/\/shopbanh.azdigi.shop"]}]}},"_links":{"self":[{"href":"https:\/\/shopbanh.azdigi.shop\/index.php\/wp-json\/wp\/v2\/product\/223","targetHints":{"allow":["GET"]}}],"collection":[{"href":"https:\/\/shopbanh.azdigi.shop\/index.php\/wp-json\/wp\/v2\/product"}],"about":[{"href":"https:\/\/shopbanh.azdigi.shop\/index.php\/wp-json\/wp\/v2\/types\/product"}],"replies":[{"embeddable":true,"href":"https:\/\/shopbanh.azdigi.shop\/index.php\/wp-json\/wp\/v2\/comments?post=223"}],"wp:featuredmedia":[{"embeddable":true,"href":"https:\/\/shopbanh.azdigi.shop\/index.php\/wp-json\/wp\/v2\/media\/514"}],"wp:attachment":[{"href":"https:\/\/shopbanh.azdigi.shop\/index.php\/wp-json\/wp\/v2\/media?parent=223"}],"wp:term":[{"taxonomy":"product_brand","embeddable":true,"href":"https:\/\/shopbanh.azdigi.shop\/index.php\/wp-json\/wp\/v2\/product_brand?post=223"},{"taxonomy":"product_cat","embeddable":true,"href":"https:\/\/shopbanh.azdigi.shop\/index.php\/wp-json\/wp\/v2\/product_cat?post=223"},{"taxonomy":"product_tag","embeddable":true,"href":"https:\/\/shopbanh.azdigi.shop\/index.php\/wp-json\/wp\/v2\/product_tag?post=223"}],"curies":[{"name":"wp","href":"https:\/\/api.w.org\/{rel}","templated":true}]}}