{"id":193,"date":"2026-03-29T07:43:34","date_gmt":"2026-03-29T07:43:34","guid":{"rendered":"https:\/\/shopbanh.azdigi.shop\/?post_type=product&#038;p=193"},"modified":"2026-04-19T04:20:22","modified_gmt":"2026-04-19T04:20:22","slug":"banh-tiramisu-ngon","status":"publish","type":"product","link":"https:\/\/shopbanh.azdigi.shop\/index.php\/san-pham\/banh-tiramisu-ngon\/","title":{"rendered":"B\u00e1nh Tiramisu"},"content":{"rendered":"<blockquote data-path-to-node=\"12\">\n<h2 data-path-to-node=\"5\"><b data-path-to-node=\"5\" data-index-in-node=\"0\">B\u00e1nh Tiramisu \u2013 Tuy\u1ec7t t\u00e1c b\u00e1nh ng\u1ecdt mang h\u01b0\u01a1ng v\u1ecb t\u00ecnh y\u00eau t\u1eeb n\u01b0\u1edbc \u00dd<\/b><\/h2>\n<p data-path-to-node=\"6\">B\u1ea1n \u0111ang t\u00ecm ki\u1ebfm m\u1ed9t chi\u1ebfc <b data-path-to-node=\"6\" data-index-in-node=\"28\">b\u00e1nh<\/b> c\u00f3 th\u1ec3 \u0111\u00e1nh th\u1ee9c m\u1ecdi gi\u00e1c quan? <b data-path-to-node=\"6\" data-index-in-node=\"65\">B\u00e1nh<\/b> Tiramisu t\u1ea1i c\u1eeda h\u00e0ng ch\u00fang t\u00f4i kh\u00f4ng ch\u1ec9 l\u00e0 m\u1ed9t m\u00f3n <b data-path-to-node=\"6\" data-index-in-node=\"123\">b\u00e1nh<\/b> tr\u00e1ng mi\u1ec7ng th\u00f4ng th\u01b0\u1eddng, m\u00e0 l\u00e0 m\u1ed9t t\u00e1c ph\u1ea9m ngh\u1ec7 thu\u1eadt <b data-path-to-node=\"6\" data-index-in-node=\"184\">b\u00e1nh<\/b> ng\u1ecdt. T\u1eebng l\u1edbp <b data-path-to-node=\"6\" data-index-in-node=\"204\">b\u00e1nh<\/b> \u0111\u01b0\u1ee3c ch\u0103m ch\u00fat t\u1ec9 m\u1ec9 \u0111\u1ec3 mang l\u1ea1i tr\u1ea3i nghi\u1ec7m <b data-path-to-node=\"6\" data-index-in-node=\"254\">b\u00e1nh<\/b> kem tinh t\u1ebf nh\u1ea5t cho th\u1ef1c kh\u00e1ch.<\/p>\n<h3 data-path-to-node=\"7\"><b data-path-to-node=\"7\" data-index-in-node=\"0\">\u0110i\u1ec1u g\u00ec l\u00e0m n\u00ean s\u1ee9c h\u1ea5p d\u1eabn c\u1ee7a chi\u1ebfc b\u00e1nh n\u00e0y?<\/b><\/h3>\n<ul data-path-to-node=\"8\">\n<li>\n<p data-path-to-node=\"8,0,0\"><b data-path-to-node=\"8,0,0\" data-index-in-node=\"0\">C\u1ed1t b\u00e1nh th\u01b0\u1ee3ng h\u1ea1ng:<\/b> L\u1edbp <b data-path-to-node=\"8,0,0\" data-index-in-node=\"26\">b\u00e1nh<\/b> sampa (ladyfingers) \u0111\u01b0\u1ee3c nh\u00fang qua c\u00e0 ph\u00ea Espresso \u0111\u1eadm \u0111\u00e0, gi\u00fap c\u1ed1t <b data-path-to-node=\"8,0,0\" data-index-in-node=\"99\">b\u00e1nh<\/b> gi\u1eef \u0111\u01b0\u1ee3c \u0111\u1ed9 \u1ea9m v\u00e0 h\u01b0\u01a1ng th\u01a1m n\u1ed3ng n\u00e0n. V\u1ecb <b data-path-to-node=\"8,0,0\" data-index-in-node=\"146\">b\u00e1nh<\/b> \u0111\u1eafng nh\u1eb9 h\u00f2a quy\u1ec7n ho\u00e0n h\u1ea3o v\u1edbi v\u1ecb ng\u1ecdt c\u1ee7a kem.<\/p>\n<\/li>\n<li>\n<p data-path-to-node=\"8,1,0\"><b data-path-to-node=\"8,1,0\" data-index-in-node=\"0\">L\u1edbp kem ph\u00f4 mai m\u1ecbn m\u00e0ng:<\/b> Linh h\u1ed3n c\u1ee7a chi\u1ebfc <b data-path-to-node=\"8,1,0\" data-index-in-node=\"45\">b\u00e1nh<\/b> Tiramisu ch\u00ednh l\u00e0 l\u1edbp kem Mascarpone b\u00e9o ng\u1eady. Ch\u00fang t\u00f4i \u0111\u00e1nh b\u00f4ng kem theo k\u1ef9 thu\u1eadt l\u00e0m <b data-path-to-node=\"8,1,0\" data-index-in-node=\"139\">b\u00e1nh<\/b> th\u1ee7 c\u00f4ng, t\u1ea1o n\u00ean k\u1ebft c\u1ea5u <b data-path-to-node=\"8,1,0\" data-index-in-node=\"170\">b\u00e1nh<\/b> tan ch\u1ea3y ngay khi ch\u1ea1m v\u00e0o \u0111\u1ea7u l\u01b0\u1ee1i.<\/p>\n<\/li>\n<li>\n<p data-path-to-node=\"8,2,0\"><b data-path-to-node=\"8,2,0\" data-index-in-node=\"0\">H\u01b0\u01a1ng v\u1ecb b\u00e1nh \u0111a t\u1ea7ng:<\/b> M\u1ed7i mi\u1ebfng <b data-path-to-node=\"8,2,0\" data-index-in-node=\"33\">b\u00e1nh<\/b> l\u00e0 s\u1ef1 k\u1ebft h\u1ee3p c\u1ee7a b\u1ed9t cacao \u0111\u1eafng, kem ph\u00f4 mai b\u00e9o v\u00e0 c\u1ed1t <b data-path-to-node=\"8,2,0\" data-index-in-node=\"95\">b\u00e1nh<\/b> th\u01a1m m\u00f9i r\u01b0\u1ee3u nh\u1eb9. \u0110\u00e2y ch\u00ednh l\u00e0 \u0111i\u1ec3m \u0111\u1eb7c bi\u1ec7t gi\u00fap d\u00f2ng <b data-path-to-node=\"8,2,0\" data-index-in-node=\"156\">b\u00e1nh<\/b> n\u00e0y lu\u00f4n n\u1eb1m trong top c\u00e1c lo\u1ea1i <b data-path-to-node=\"8,2,0\" data-index-in-node=\"193\">b\u00e1nh<\/b> \u0111\u01b0\u1ee3c y\u00eau th\u00edch nh\u1ea5t.<\/p>\n<\/li>\n<\/ul>\n<h3 data-path-to-node=\"9\"><b data-path-to-node=\"9\" data-index-in-node=\"0\">T\u1ea1i sao b\u1ea1n n\u00ean ch\u1ecdn b\u00e1nh Tiramisu c\u1ee7a ch\u00fang t\u00f4i?<\/b><\/h3>\n<ul data-path-to-node=\"10\">\n<li>\n<p data-path-to-node=\"10,0,0\"><b data-path-to-node=\"10,0,0\" data-index-in-node=\"0\">B\u00e1nh t\u01b0\u01a1i m\u1ed7i ng\u00e0y:<\/b> Ch\u00fang t\u00f4i cam k\u1ebft ch\u1ec9 b\u00e1n <b data-path-to-node=\"10,0,0\" data-index-in-node=\"46\">b\u00e1nh<\/b> m\u1edbi ra l\u00f2, \u0111\u1ea3m b\u1ea3o ch\u1ea5t l\u01b0\u1ee3ng <b data-path-to-node=\"10,0,0\" data-index-in-node=\"81\">b\u00e1nh<\/b> lu\u00f4n \u1edf tr\u1ea1ng th\u00e1i t\u1ed1t nh\u1ea5t khi \u0111\u1ebfn tay b\u1ea1n.<\/p>\n<\/li>\n<li>\n<p data-path-to-node=\"10,1,0\"><b data-path-to-node=\"10,1,0\" data-index-in-node=\"0\">Nguy\u00ean li\u1ec7u l\u00e0m b\u00e1nh cao c\u1ea5p:<\/b> T\u1eeb b\u1ed9t l\u00e0m <b data-path-to-node=\"10,1,0\" data-index-in-node=\"41\">b\u00e1nh<\/b>, ph\u00f4 mai \u0111\u1ebfn c\u00e0 ph\u00ea \u0111\u1ec1u \u0111\u01b0\u1ee3c ch\u1ecdn l\u1ecdc k\u1ef9 l\u01b0\u1ee1ng \u0111\u1ec3 t\u1ea1o n\u00ean m\u1ed9t chi\u1ebfc <b data-path-to-node=\"10,1,0\" data-index-in-node=\"114\">b\u00e1nh<\/b> s\u1ea1ch v\u00e0 an to\u00e0n cho s\u1ee9c kh\u1ecfe.<\/p>\n<\/li>\n<li>\n<p data-path-to-node=\"10,2,0\"><b data-path-to-node=\"10,2,0\" data-index-in-node=\"0\">Qu\u00e0 t\u1eb7ng b\u00e1nh \u00fd ngh\u0129a:<\/b> V\u1edbi thi\u1ebft k\u1ebf h\u1ed9p <b data-path-to-node=\"10,2,0\" data-index-in-node=\"40\">b\u00e1nh<\/b> sang tr\u1ecdng, \u0111\u00e2y s\u1ebd l\u00e0 m\u00f3n <b data-path-to-node=\"10,2,0\" data-index-in-node=\"71\">b\u00e1nh<\/b> qu\u00e0 t\u1eb7ng tuy\u1ec7t v\u1eddi cho ng\u01b0\u1eddi th\u00e2n v\u00e0 b\u1ea1n b\u00e8.<\/p>\n<\/li>\n<\/ul>\n<p data-path-to-node=\"3,6\">\n<\/blockquote>\n","protected":false},"excerpt":{"rendered":"<blockquote data-path-to-node=\"7\">\n<p data-path-to-node=\"7,0\">\u00a0<span data-path-to-node=\"3,4,1,0\">Th\u01b0\u1edfng th\u1ee9c <b data-path-to-node=\"3,4,1,0\" data-index-in-node=\"12\">b\u00e1nh<\/b> Tiramisu chu\u1ea9n v\u1ecb \u00dd v\u1edbi l\u1edbp <b data-path-to-node=\"3,4,1,0\" data-index-in-node=\"45\">b\u00e1nh<\/b> m\u1ec1m m\u1ea1i quy\u1ec7n c\u00f9ng kem ph\u00f4 mai b\u00e9o ng\u1eady. \u0110\u00e2y l\u00e0 d\u00f2ng <b data-path-to-node=\"3,4,1,0\" data-index-in-node=\"103\">b\u00e1nh<\/b> ng\u1ecdt \u0111\u1eb3ng c\u1ea5p, m\u00f3n <b data-path-to-node=\"3,4,1,0\" data-index-in-node=\"127\">b\u00e1nh<\/b> kh\u00f4ng th\u1ec3 thi\u1ebfu cho nh\u1eefng bu\u1ed5i ti\u1ec7c tr\u00e0 sang tr\u1ecdng.<\/span><\/p>\n<p data-path-to-node=\"7,0\">\n<\/blockquote>\n","protected":false},"featured_media":458,"comment_status":"open","ping_status":"closed","template":"","meta":[],"product_brand":[],"product_cat":[22],"product_tag":[],"class_list":{"0":"post-193","1":"product","2":"type-product","3":"status-publish","4":"has-post-thumbnail","6":"product_cat-banh-chau-au","8":"first","9":"instock","10":"shipping-taxable","11":"purchasable","12":"product-type-variable"},"yoast_head":"<!-- This site is optimized with the Yoast SEO plugin v27.1.1 - https:\/\/yoast.com\/product\/yoast-seo-wordpress\/ -->\n<title>B\u00e1nh Tiramisu - Beekeray<\/title>\n<meta name=\"description\" content=\"B\u1ea1n c\u1ea7n mua b\u00e1nh Tiramisu? Shop cung c\u1ea5p c\u00e1c lo\u1ea1i b\u00e1nh Tiramisu th\u1ee7 c\u00f4ng, d\u00f2ng b\u00e1nh \u00edt ng\u1ecdt, c\u1ed1t b\u00e1nh th\u1ea5m \u0111\u1eabm c\u00e0 ph\u00ea. \u0110\u1eb7t mua b\u00e1nh ngay \u0111\u1ec3 nh\u1eadn \u01b0u \u0111\u00e3i!\" \/>\n<meta name=\"robots\" content=\"index, follow, max-snippet:-1, max-image-preview:large, max-video-preview:-1\" \/>\n<link rel=\"canonical\" href=\"https:\/\/shopbanh.azdigi.shop\/index.php\/san-pham\/banh-tiramisu-ngon\/\" \/>\n<meta property=\"og:locale\" content=\"vi_VN\" \/>\n<meta property=\"og:type\" content=\"article\" \/>\n<meta property=\"og:title\" content=\"B\u00e1nh Tiramisu - Beekeray\" \/>\n<meta property=\"og:description\" content=\"B\u1ea1n c\u1ea7n mua b\u00e1nh Tiramisu? Shop cung c\u1ea5p c\u00e1c lo\u1ea1i b\u00e1nh Tiramisu th\u1ee7 c\u00f4ng, d\u00f2ng b\u00e1nh \u00edt ng\u1ecdt, c\u1ed1t b\u00e1nh th\u1ea5m \u0111\u1eabm c\u00e0 ph\u00ea. \u0110\u1eb7t mua b\u00e1nh ngay \u0111\u1ec3 nh\u1eadn \u01b0u \u0111\u00e3i!\" \/>\n<meta property=\"og:url\" content=\"https:\/\/shopbanh.azdigi.shop\/index.php\/san-pham\/banh-tiramisu-ngon\/\" \/>\n<meta property=\"og:site_name\" content=\"Beekeray\" \/>\n<meta property=\"article:modified_time\" content=\"2026-04-19T04:20:22+00:00\" \/>\n<meta property=\"og:image\" content=\"https:\/\/shopbanh.azdigi.shop\/wp-content\/uploads\/2026\/04\/Tiramisu-Cake-\u2615.jpg\" \/>\n\t<meta property=\"og:image:width\" content=\"736\" \/>\n\t<meta property=\"og:image:height\" content=\"977\" \/>\n\t<meta property=\"og:image:type\" content=\"image\/jpeg\" \/>\n<meta name=\"twitter:card\" content=\"summary_large_image\" \/>\n<meta name=\"twitter:label1\" content=\"\u01af\u1edbc t\u00ednh th\u1eddi gian \u0111\u1ecdc\" \/>\n\t<meta name=\"twitter:data1\" content=\"1 ph\u00fat\" \/>\n<script type=\"application\/ld+json\" class=\"yoast-schema-graph\">{\"@context\":\"https:\/\/schema.org\",\"@graph\":[{\"@type\":\"WebPage\",\"@id\":\"https:\/\/shopbanh.azdigi.shop\/index.php\/san-pham\/banh-tiramisu-ngon\/\",\"url\":\"https:\/\/shopbanh.azdigi.shop\/index.php\/san-pham\/banh-tiramisu-ngon\/\",\"name\":\"B\u00e1nh Tiramisu - Beekeray\",\"isPartOf\":{\"@id\":\"https:\/\/shopbanh.azdigi.shop\/#website\"},\"primaryImageOfPage\":{\"@id\":\"https:\/\/shopbanh.azdigi.shop\/index.php\/san-pham\/banh-tiramisu-ngon\/#primaryimage\"},\"image\":{\"@id\":\"https:\/\/shopbanh.azdigi.shop\/index.php\/san-pham\/banh-tiramisu-ngon\/#primaryimage\"},\"thumbnailUrl\":\"https:\/\/shopbanh.azdigi.shop\/wp-content\/uploads\/2026\/04\/Tiramisu-Cake-\u2615.jpg\",\"datePublished\":\"2026-03-29T07:43:34+00:00\",\"dateModified\":\"2026-04-19T04:20:22+00:00\",\"description\":\"B\u1ea1n c\u1ea7n mua b\u00e1nh Tiramisu? Shop cung c\u1ea5p c\u00e1c lo\u1ea1i b\u00e1nh Tiramisu th\u1ee7 c\u00f4ng, d\u00f2ng b\u00e1nh \u00edt ng\u1ecdt, c\u1ed1t b\u00e1nh th\u1ea5m \u0111\u1eabm c\u00e0 ph\u00ea. \u0110\u1eb7t mua b\u00e1nh ngay \u0111\u1ec3 nh\u1eadn \u01b0u \u0111\u00e3i!\",\"breadcrumb\":{\"@id\":\"https:\/\/shopbanh.azdigi.shop\/index.php\/san-pham\/banh-tiramisu-ngon\/#breadcrumb\"},\"inLanguage\":\"vi\",\"potentialAction\":[{\"@type\":\"ReadAction\",\"target\":[\"https:\/\/shopbanh.azdigi.shop\/index.php\/san-pham\/banh-tiramisu-ngon\/\"]}]},{\"@type\":\"ImageObject\",\"inLanguage\":\"vi\",\"@id\":\"https:\/\/shopbanh.azdigi.shop\/index.php\/san-pham\/banh-tiramisu-ngon\/#primaryimage\",\"url\":\"https:\/\/shopbanh.azdigi.shop\/wp-content\/uploads\/2026\/04\/Tiramisu-Cake-\u2615.jpg\",\"contentUrl\":\"https:\/\/shopbanh.azdigi.shop\/wp-content\/uploads\/2026\/04\/Tiramisu-Cake-\u2615.jpg\",\"width\":736,\"height\":977},{\"@type\":\"BreadcrumbList\",\"@id\":\"https:\/\/shopbanh.azdigi.shop\/index.php\/san-pham\/banh-tiramisu-ngon\/#breadcrumb\",\"itemListElement\":[{\"@type\":\"ListItem\",\"position\":1,\"name\":\"Home\",\"item\":\"https:\/\/shopbanh.azdigi.shop\/\"},{\"@type\":\"ListItem\",\"position\":2,\"name\":\"C\u1eeda h\u00e0ng\",\"item\":\"https:\/\/shopbanh.azdigi.shop\/index.php\/cua-hang\/\"},{\"@type\":\"ListItem\",\"position\":3,\"name\":\"B\u00e1nh Tiramisu\"}]},{\"@type\":\"WebSite\",\"@id\":\"https:\/\/shopbanh.azdigi.shop\/#website\",\"url\":\"https:\/\/shopbanh.azdigi.shop\/\",\"name\":\"Beekeray\",\"description\":\"\",\"publisher\":{\"@id\":\"https:\/\/shopbanh.azdigi.shop\/#\/schema\/person\/8cb6f523c7260b11946ab8fec433d460\"},\"potentialAction\":[{\"@type\":\"SearchAction\",\"target\":{\"@type\":\"EntryPoint\",\"urlTemplate\":\"https:\/\/shopbanh.azdigi.shop\/?s={search_term_string}\"},\"query-input\":{\"@type\":\"PropertyValueSpecification\",\"valueRequired\":true,\"valueName\":\"search_term_string\"}}],\"inLanguage\":\"vi\"},{\"@type\":[\"Person\",\"Organization\"],\"@id\":\"https:\/\/shopbanh.azdigi.shop\/#\/schema\/person\/8cb6f523c7260b11946ab8fec433d460\",\"name\":\"phuoc thanh\",\"image\":{\"@type\":\"ImageObject\",\"inLanguage\":\"vi\",\"@id\":\"https:\/\/shopbanh.azdigi.shop\/#\/schema\/person\/image\/\",\"url\":\"https:\/\/shopbanh.azdigi.shop\/wp-content\/uploads\/2026\/01\/ong-ban-banh-xp.png\",\"contentUrl\":\"https:\/\/shopbanh.azdigi.shop\/wp-content\/uploads\/2026\/01\/ong-ban-banh-xp.png\",\"width\":290,\"height\":290,\"caption\":\"phuoc thanh\"},\"logo\":{\"@id\":\"https:\/\/shopbanh.azdigi.shop\/#\/schema\/person\/image\/\"},\"sameAs\":[\"https:\/\/shopbanh.azdigi.shop\"]}]}<\/script>\n<!-- \/ Yoast SEO plugin. -->","yoast_head_json":{"title":"B\u00e1nh Tiramisu - Beekeray","description":"B\u1ea1n c\u1ea7n mua b\u00e1nh Tiramisu? Shop cung c\u1ea5p c\u00e1c lo\u1ea1i b\u00e1nh Tiramisu th\u1ee7 c\u00f4ng, d\u00f2ng b\u00e1nh \u00edt ng\u1ecdt, c\u1ed1t b\u00e1nh th\u1ea5m \u0111\u1eabm c\u00e0 ph\u00ea. \u0110\u1eb7t mua b\u00e1nh ngay \u0111\u1ec3 nh\u1eadn \u01b0u \u0111\u00e3i!","robots":{"index":"index","follow":"follow","max-snippet":"max-snippet:-1","max-image-preview":"max-image-preview:large","max-video-preview":"max-video-preview:-1"},"canonical":"https:\/\/shopbanh.azdigi.shop\/index.php\/san-pham\/banh-tiramisu-ngon\/","og_locale":"vi_VN","og_type":"article","og_title":"B\u00e1nh Tiramisu - Beekeray","og_description":"B\u1ea1n c\u1ea7n mua b\u00e1nh Tiramisu? Shop cung c\u1ea5p c\u00e1c lo\u1ea1i b\u00e1nh Tiramisu th\u1ee7 c\u00f4ng, d\u00f2ng b\u00e1nh \u00edt ng\u1ecdt, c\u1ed1t b\u00e1nh th\u1ea5m \u0111\u1eabm c\u00e0 ph\u00ea. \u0110\u1eb7t mua b\u00e1nh ngay \u0111\u1ec3 nh\u1eadn \u01b0u \u0111\u00e3i!","og_url":"https:\/\/shopbanh.azdigi.shop\/index.php\/san-pham\/banh-tiramisu-ngon\/","og_site_name":"Beekeray","article_modified_time":"2026-04-19T04:20:22+00:00","og_image":[{"width":736,"height":977,"url":"https:\/\/shopbanh.azdigi.shop\/wp-content\/uploads\/2026\/04\/Tiramisu-Cake-\u2615.jpg","type":"image\/jpeg"}],"twitter_card":"summary_large_image","twitter_misc":{"\u01af\u1edbc t\u00ednh th\u1eddi gian \u0111\u1ecdc":"1 ph\u00fat"},"schema":{"@context":"https:\/\/schema.org","@graph":[{"@type":"WebPage","@id":"https:\/\/shopbanh.azdigi.shop\/index.php\/san-pham\/banh-tiramisu-ngon\/","url":"https:\/\/shopbanh.azdigi.shop\/index.php\/san-pham\/banh-tiramisu-ngon\/","name":"B\u00e1nh Tiramisu - Beekeray","isPartOf":{"@id":"https:\/\/shopbanh.azdigi.shop\/#website"},"primaryImageOfPage":{"@id":"https:\/\/shopbanh.azdigi.shop\/index.php\/san-pham\/banh-tiramisu-ngon\/#primaryimage"},"image":{"@id":"https:\/\/shopbanh.azdigi.shop\/index.php\/san-pham\/banh-tiramisu-ngon\/#primaryimage"},"thumbnailUrl":"https:\/\/shopbanh.azdigi.shop\/wp-content\/uploads\/2026\/04\/Tiramisu-Cake-\u2615.jpg","datePublished":"2026-03-29T07:43:34+00:00","dateModified":"2026-04-19T04:20:22+00:00","description":"B\u1ea1n c\u1ea7n mua b\u00e1nh Tiramisu? Shop cung c\u1ea5p c\u00e1c lo\u1ea1i b\u00e1nh Tiramisu th\u1ee7 c\u00f4ng, d\u00f2ng b\u00e1nh \u00edt ng\u1ecdt, c\u1ed1t b\u00e1nh th\u1ea5m \u0111\u1eabm c\u00e0 ph\u00ea. \u0110\u1eb7t mua b\u00e1nh ngay \u0111\u1ec3 nh\u1eadn \u01b0u \u0111\u00e3i!","breadcrumb":{"@id":"https:\/\/shopbanh.azdigi.shop\/index.php\/san-pham\/banh-tiramisu-ngon\/#breadcrumb"},"inLanguage":"vi","potentialAction":[{"@type":"ReadAction","target":["https:\/\/shopbanh.azdigi.shop\/index.php\/san-pham\/banh-tiramisu-ngon\/"]}]},{"@type":"ImageObject","inLanguage":"vi","@id":"https:\/\/shopbanh.azdigi.shop\/index.php\/san-pham\/banh-tiramisu-ngon\/#primaryimage","url":"https:\/\/shopbanh.azdigi.shop\/wp-content\/uploads\/2026\/04\/Tiramisu-Cake-\u2615.jpg","contentUrl":"https:\/\/shopbanh.azdigi.shop\/wp-content\/uploads\/2026\/04\/Tiramisu-Cake-\u2615.jpg","width":736,"height":977},{"@type":"BreadcrumbList","@id":"https:\/\/shopbanh.azdigi.shop\/index.php\/san-pham\/banh-tiramisu-ngon\/#breadcrumb","itemListElement":[{"@type":"ListItem","position":1,"name":"Home","item":"https:\/\/shopbanh.azdigi.shop\/"},{"@type":"ListItem","position":2,"name":"C\u1eeda h\u00e0ng","item":"https:\/\/shopbanh.azdigi.shop\/index.php\/cua-hang\/"},{"@type":"ListItem","position":3,"name":"B\u00e1nh Tiramisu"}]},{"@type":"WebSite","@id":"https:\/\/shopbanh.azdigi.shop\/#website","url":"https:\/\/shopbanh.azdigi.shop\/","name":"Beekeray","description":"","publisher":{"@id":"https:\/\/shopbanh.azdigi.shop\/#\/schema\/person\/8cb6f523c7260b11946ab8fec433d460"},"potentialAction":[{"@type":"SearchAction","target":{"@type":"EntryPoint","urlTemplate":"https:\/\/shopbanh.azdigi.shop\/?s={search_term_string}"},"query-input":{"@type":"PropertyValueSpecification","valueRequired":true,"valueName":"search_term_string"}}],"inLanguage":"vi"},{"@type":["Person","Organization"],"@id":"https:\/\/shopbanh.azdigi.shop\/#\/schema\/person\/8cb6f523c7260b11946ab8fec433d460","name":"phuoc thanh","image":{"@type":"ImageObject","inLanguage":"vi","@id":"https:\/\/shopbanh.azdigi.shop\/#\/schema\/person\/image\/","url":"https:\/\/shopbanh.azdigi.shop\/wp-content\/uploads\/2026\/01\/ong-ban-banh-xp.png","contentUrl":"https:\/\/shopbanh.azdigi.shop\/wp-content\/uploads\/2026\/01\/ong-ban-banh-xp.png","width":290,"height":290,"caption":"phuoc thanh"},"logo":{"@id":"https:\/\/shopbanh.azdigi.shop\/#\/schema\/person\/image\/"},"sameAs":["https:\/\/shopbanh.azdigi.shop"]}]}},"_links":{"self":[{"href":"https:\/\/shopbanh.azdigi.shop\/index.php\/wp-json\/wp\/v2\/product\/193","targetHints":{"allow":["GET"]}}],"collection":[{"href":"https:\/\/shopbanh.azdigi.shop\/index.php\/wp-json\/wp\/v2\/product"}],"about":[{"href":"https:\/\/shopbanh.azdigi.shop\/index.php\/wp-json\/wp\/v2\/types\/product"}],"replies":[{"embeddable":true,"href":"https:\/\/shopbanh.azdigi.shop\/index.php\/wp-json\/wp\/v2\/comments?post=193"}],"wp:featuredmedia":[{"embeddable":true,"href":"https:\/\/shopbanh.azdigi.shop\/index.php\/wp-json\/wp\/v2\/media\/458"}],"wp:attachment":[{"href":"https:\/\/shopbanh.azdigi.shop\/index.php\/wp-json\/wp\/v2\/media?parent=193"}],"wp:term":[{"taxonomy":"product_brand","embeddable":true,"href":"https:\/\/shopbanh.azdigi.shop\/index.php\/wp-json\/wp\/v2\/product_brand?post=193"},{"taxonomy":"product_cat","embeddable":true,"href":"https:\/\/shopbanh.azdigi.shop\/index.php\/wp-json\/wp\/v2\/product_cat?post=193"},{"taxonomy":"product_tag","embeddable":true,"href":"https:\/\/shopbanh.azdigi.shop\/index.php\/wp-json\/wp\/v2\/product_tag?post=193"}],"curies":[{"name":"wp","href":"https:\/\/api.w.org\/{rel}","templated":true}]}}