{"id":607,"date":"2026-04-15T16:05:52","date_gmt":"2026-04-15T16:05:52","guid":{"rendered":"https:\/\/shopbanh.azdigi.shop\/?page_id=607"},"modified":"2026-04-18T08:06:18","modified_gmt":"2026-04-18T08:06:18","slug":"dieu-khoan-su-dung","status":"publish","type":"page","link":"https:\/\/shopbanh.azdigi.shop\/index.php\/dieu-khoan-su-dung\/","title":{"rendered":"\u0110i\u1ec1u kho\u1ea3n s\u1eed d\u1ee5ng"},"content":{"rendered":"\n<h3 class=\"wp-block-heading\">\u0110I\u1ec0U KHO\u1ea2N S\u1eec D\u1ee4NG &#8211; THE BEEKERAY<\/h3>\n\n\n\n<p>Xin ch\u00e0o b\u1ea1n \u0111\u1ebfn v\u1edbi Website c\u1ee7a <strong>Ti\u1ec7m b\u00e1nh The Beekeray<\/strong>! Ch\u00fang t\u00f4i c\u00f3 th\u1ec3 c\u1eadp nh\u1eadt c\u00e1c \u0111i\u1ec1u kho\u1ea3n th\u1ecfa thu\u1eadn v\u1ec1 s\u1eed d\u1ee5ng Trang Web m\u00e0 kh\u00f4ng c\u1ea7n th\u00f4ng b\u00e1o tr\u01b0\u1edbc. Vi\u1ec7c b\u1ea1n ti\u1ebfp t\u1ee5c s\u1eed d\u1ee5ng trang web n\u00e0y \u0111\u1ed3ng ngh\u0129a v\u1edbi vi\u1ec7c b\u1ea1n \u0111\u1ed3ng \u00fd v\u1edbi c\u00e1c \u0111i\u1ec1u kho\u1ea3n sau \u0111\u00e2y.<\/p>\n\n\n\n<p><strong>1. Tr\u00e1ch nhi\u1ec7m c\u1ee7a ng\u01b0\u1eddi s\u1eed d\u1ee5ng<\/strong><\/p>\n\n\n\n<ul class=\"wp-block-list\">\n<li>Khi truy c\u1eadp v\u00e0o trang web, b\u1ea1n cam k\u1ebft r\u1eb1ng m\u00ecnh c\u00f3 \u0111\u1ee7 tu\u1ed5i lu\u1eadt \u0111\u1ecbnh v\u00e0 kh\u00f4ng ph\u1ea3i l\u00e0 ng\u01b0\u1eddi b\u1ecb h\u1ea1n ch\u1ebf nh\u1eadn c\u00e1c d\u1ecbch v\u1ee5 theo ph\u00e1p lu\u1eadt \u0111\u1ec3 x\u00e1c l\u1eadp m\u1ed9t h\u1ee3p \u0111\u1ed3ng c\u00f3 t\u00ednh r\u00e0ng bu\u1ed9c.<\/li>\n\n\n\n<li>B\u1ea1n hi\u1ec3u v\u00e0 \u0111\u1ed3ng \u00fd ch\u1ea5p nh\u1eadn c\u00e1c chi ph\u00ed cho vi\u1ec7c ti\u1ebfp c\u1eadn trang web (nh\u01b0 ph\u00ed cho nh\u00e0 cung c\u1ea5p d\u1ecbch v\u1ee5 internet, ph\u00ed \u0111\u01b0\u1eddng truy\u1ec1n thi\u1ebft b\u1ecb) ph\u00e1t sinh tr\u1ef1c ti\u1ebfp ho\u1eb7c gi\u00e1n ti\u1ebfp.<\/li>\n\n\n\n<li>B\u1ea1n t\u1ef1 ch\u1ecbu tr\u00e1ch nhi\u1ec7m ho\u00e0n to\u00e0n \u0111\u1ed1i v\u1edbi c\u00e1c r\u1ee7i ro c\u00f3 th\u1ec3 x\u1ea3y ra cho vi\u1ec7c truy c\u1eadp trang web, bao g\u1ed3m thi\u1ec7t h\u1ea1i cho thi\u1ebft b\u1ecb ho\u1eb7c m\u1ea5t d\u1eef li\u1ec7u do t\u1ea3i xu\u1ed1ng t\u00e0i li\u1ec7u b\u1ecb virus; h\u00e0nh \u0111\u1ed9ng ph\u00e1 ho\u1ea1i c\u1ee7a h\u1ec7 th\u1ed1ng m\u00e1y t\u00ednh kh\u00e1c, ph\u1ea7n m\u1ec1m, l\u1ed7i ch\u01b0\u01a1ng tr\u00ecnh&#8230;<\/li>\n\n\n\n<li>B\u1ea1n \u0111\u1ed3ng \u00fd r\u1eb1ng D\u1ecbch V\u1ee5 c\u00f3 th\u1ec3 bao g\u1ed3m c\u00e1c th\u00f4ng tin qu\u1ea3ng c\u00e1o, th\u00f4ng tin li\u00ean l\u1ea1c l\u00e0 m\u1ed9t ph\u1ea7n trong vi\u1ec7c tham gia trang web c\u1ee7a ch\u00fang t\u00f4i.<\/li>\n<\/ul>\n\n\n\n<p><strong>2. N\u1ed9i dung trang web<\/strong> Ch\u00fang t\u00f4i l\u1ef1a ch\u1ecdn k\u1ef9 l\u01b0\u1ee1ng th\u00f4ng tin t\u1eeb c\u00e1c ngu\u1ed3n tin c\u1eady \u0111\u1ec3 cung c\u1ea5p cho b\u1ea1n nh\u1eefng m\u00f4 t\u1ea3 ch\u00e2n th\u1ef1c nh\u1ea5t v\u1ec1 c\u00e1c d\u00f2ng b\u00e1nh v\u00e0 s\u1ea3n ph\u1ea9m. Tuy nhi\u00ean, ch\u00fang t\u00f4i kh\u00f4ng \u0111\u1ea3m b\u1ea3o t\u00ednh m\u1edbi nh\u1ea5t, ch\u00ednh x\u00e1c v\u00e0 \u0111\u1ea7y \u0111\u1ee7 ho\u00e0n to\u00e0n m\u1ecdi l\u00fac, m\u1eb7c d\u00f9 \u0111\u1ed9i ng\u0169 The Beekeray lu\u00f4n c\u1ed1 g\u1eafng c\u1eadp nh\u1eadt th\u01b0\u1eddng xuy\u00ean c\u00e1c n\u1ed9i dung t\u1ea1i trang web.<\/p>\n\n\n\n<p><strong>3. Quy\u1ec1n s\u1edf h\u1eefu<\/strong><\/p>\n\n\n\n<ul class=\"wp-block-list\">\n<li>Ch\u00fang t\u00f4i l\u00e0 ch\u1ee7 s\u1edf h\u1eefu c\u1ee7a trang web n\u00e0y. B\u1ea5t c\u1ee9 ph\u1ea7n m\u1ec1m, h\u00ecnh \u1ea3nh s\u1ea3n ph\u1ea9m v\u00e0 th\u00f4ng tin gi\u1edbi thi\u1ec7u qua trang web \u0111\u1ec1u \u0111\u01b0\u1ee3c b\u1ea3o v\u1ec7 b\u1edfi lu\u1eadt b\u1ea3n quy\u1ec1n v\u00e0 s\u1edf h\u1eefu tr\u00ed tu\u1ec7 hi\u1ec7n h\u00e0nh.<\/li>\n\n\n\n<li>Ch\u00fang t\u00f4i c\u00f3 th\u1ea9m quy\u1ec1n ch\u1ec9nh s\u1eeda, c\u1eadp nh\u1eadt, thay \u0111\u1ed5i, x\u00f3a b\u1ecf ho\u1eb7c ch\u1ea5m d\u1ee9t ngay b\u1ea5t k\u1ef3 n\u1ed9i dung n\u00e0o m\u00e0 kh\u00f4ng c\u1ea7n th\u00f4ng b\u00e1o cho ng\u01b0\u1eddi s\u1eed d\u1ee5ng.<\/li>\n\n\n\n<li>Vi\u1ec7c s\u1eeda \u0111\u1ed5i, sao ch\u00e9p, thi\u1ebft k\u1ebf l\u1ea1i, t\u00ecm c\u00e1ch ph\u00e1t hi\u1ec7n m\u00e3 ngu\u1ed3n, ph\u00e1 ho\u1ea1i ho\u1eb7c s\u1eed d\u1ee5ng h\u00ecnh \u1ea3nh c\u1ee7a The Beekeray cho b\u1ea5t k\u1ef3 m\u1ee5c \u0111\u00edch n\u00e0o m\u00e0 ch\u00fang t\u00f4i cho r\u1eb1ng kh\u00f4ng th\u00edch h\u1ee3p \u0111\u1ec1u l\u00e0 vi ph\u1ea1m quy\u1ec1n s\u1edf h\u1eefu h\u1ee3p ph\u00e1p. T\u00f9y theo tr\u01b0\u1eddng h\u1ee3p, ch\u00fang t\u00f4i s\u1ebd ch\u1ea5m d\u1ee9t quy\u1ec1n truy c\u1eadp trang web c\u1ee7a ng\u01b0\u1eddi vi ph\u1ea1m m\u00e0 kh\u00f4ng c\u1ea7n th\u00f4ng b\u00e1o tr\u01b0\u1edbc.<\/li>\n<\/ul>\n\n\n\n<p><strong>4. S\u1eed d\u1ee5ng n\u1ed9i dung \u0111\u01b0a l\u00ean ho\u1eb7c ph\u00e1t tr\u00ean trang web<\/strong> Vi\u1ec7c b\u1ea1n g\u1eedi cho ch\u00fang t\u00f4i th\u00f4ng tin \u0111\u00e1nh gi\u00e1, \u00fd t\u01b0\u1edfng s\u00e1ng t\u1ea1o, \u0111\u1ec1 xu\u1ea5t h\u01b0\u01a1ng v\u1ecb b\u00e1nh \u0111\u1ed3ng ngh\u0129a v\u1edbi vi\u1ec7c b\u1ea1n \u0111\u1ed3ng \u00fd:<\/p>\n\n\n\n<ul class=\"wp-block-list\">\n<li>Ch\u00fang t\u00f4i kh\u00f4ng bu\u1ed9c ph\u1ea3i xem nh\u1eefng th\u00f4ng tin n\u00e0y l\u00e0 th\u00f4ng tin m\u1eadt v\u00e0 kh\u00f4ng c\u00f3 tr\u00e1ch nhi\u1ec7m l\u01b0u tr\u1eef ch\u00fang.<\/li>\n\n\n\n<li>Ch\u00fang t\u00f4i kh\u00f4ng c\u00f3 tr\u00e1ch nhi\u1ec7m nghi\u00ean c\u1ee9u, \u0111\u00e1nh gi\u00e1 hay \u00e1p d\u1ee5ng th\u00f4ng tin n\u00e0y. N\u1ebfu ch\u00fang t\u00f4i v\u00f4 t\u00ecnh \u00e1p d\u1ee5ng m\u1ed9t \u00fd t\u01b0\u1edfng t\u01b0\u01a1ng t\u1ef1, ch\u00fang t\u00f4i kh\u00f4ng c\u00f3 tr\u00e1ch nhi\u1ec7m b\u1ed3i th\u01b0\u1eddng thi\u1ec7t h\u1ea1i.<\/li>\n\n\n\n<li>Ch\u00fang t\u00f4i c\u00f3 th\u1ec3 d\u00f9ng th\u00f4ng tin thu th\u1eadp \u0111\u01b0\u1ee3c \u0111\u1ec3 th\u00f4ng b\u00e1o cho b\u1ea1n v\u1ec1 s\u1ea3n ph\u1ea9m m\u1edbi, ch\u01b0\u01a1ng tr\u00ecnh khuy\u1ebfn m\u00e3i, ho\u1eb7c \u0111\u1ec3 xin \u00fd ki\u1ebfn c\u1ee7a b\u1ea1n nh\u1eb1m n\u00e2ng cao ch\u1ea5t l\u01b0\u1ee3ng b\u00e1nh v\u00e0 d\u1ecbch v\u1ee5.<\/li>\n<\/ul>\n\n\n\n<p id=\"p-rc_8a8e5d1d89a8b97d-20\"><strong>5. H\u1ea1n ch\u1ebf \u0111\u01b0a th\u00f4ng tin l\u00ean t<sup><\/sup>rang web<\/strong> Ch\u00fang t\u00f4i li\u00ean t\u1ee5c ki\u1ec3m so\u00e1t v\u00e0 lo\u1ea1i b\u1ecf ngay l\u1eadp t\u1ee9c c\u00e1c th\u00f4ng tin b\u00ecnh lu\u1eadn, \u0111\u00e1nh gi\u00e1 c\u00f3 t\u00ednh ch\u1ea5t:<\/p>\n\n\n\n<ul class=\"wp-block-list\">\n<li>Ch\u1ed1ng ph\u00e1 nh\u00e0 n\u01b0\u1edbc CHXHCN Vi\u1ec7t Nam; ph\u1ea1m ph\u00e1p h\u00ecnh s\u1ef1.<\/li>\n\n\n\n<li>X\u00e2m ph\u1ea1m quy\u1ec1n t\u1ef1 do c\u00e1 nh\u00e2n, l\u00e0m nh\u1ee5c, ph\u1ec9 b\u00e1ng, b\u00f4i nh\u1ecd ng\u01b0\u1eddi kh\u00e1c.<\/li>\n\n\n\n<li>Truy\u1ec1n b\u00e1 th\u00f4ng tin c\u00e1 nh\u00e2n c\u1ee7a b\u00ean th\u1ee9 ba m\u00e0 kh\u00f4ng \u0111\u01b0\u1ee3c s\u1ef1 ch\u1ea5p thu\u1eadn.<\/li>\n\n\n\n<li>Truy\u1ec1n \u0111i t\u1eadp tin nhi\u1ec5m virus g\u00e2y h\u01b0 h\u1ea1i ho\u1ea1t \u0111\u1ed9ng c\u1ee7a h\u1ec7 th\u1ed1ng.<\/li>\n\n\n\n<li>S\u1eed d\u1ee5ng robot, nh\u1ec7n m\u00e1y (spiders) v\u00e0\/ho\u1eb7c thi\u1ebft b\u1ecb t\u1ef1 \u0111\u1ed9ng \u0111\u1ec3 thu th\u1eadp t\u00e0i li\u1ec7u website tr\u00e1i ph\u00e9p.<\/li>\n\n\n\n<li>X\u00e2m ph\u1ea1m \u0111\u1ebfn ho\u1ea1t \u0111\u1ed9ng \u1ed5n \u0111\u1ecbnh c\u1ee7a website.<\/li>\n\n\n\n<li>B\u1ea5t k\u1ef3 h\u00e0nh \u0111\u1ed9ng n\u00e0o kh\u00f4ng h\u1ee3p ph\u00e1p ho\u1eb7c b\u1ecb c\u1ea5m b\u1edfi ph\u00e1p lu\u1eadt.<\/li>\n<\/ul>\n\n\n\n<p><strong>6. Li\u00ean k\u1ebft v\u1edbi trang web kh\u00e1c<\/strong> Trang web n\u00e0y c\u00f3 th\u1ec3 ch\u1ee9a c\u00e1c li\u00ean k\u1ebft \u0111\u1ebfn trang web b\u00ean th\u1ee9 ba (v\u00ed d\u1ee5: c\u1ed5ng thanh to\u00e1n, \u0111\u01a1n v\u1ecb v\u1eadn chuy\u1ec3n). B\u1ea1n ph\u1ea3i ch\u1ecbu s\u1ef1 \u0111i\u1ec1u ch\u1ec9nh c\u1ee7a c\u00e1c \u0111i\u1ec1u kho\u1ea3n ri\u00eang t\u1eeb c\u00e1c trang web \u0111\u00f3. The Beekeray s\u1ebd kh\u00f4ng ch\u1ecbu tr\u00e1ch nhi\u1ec7m ph\u00e1p l\u00fd \u0111\u1ed1i v\u1edbi n\u1ed9i dung hay ho\u1ea1t \u0111\u1ed9ng c\u1ee7a c\u00e1c trang web li\u00ean k\u1ebft n\u00e0y.<\/p>\n\n\n\n<p><strong>7. B\u1ea3o m\u1eadt th\u00f4ng tin c\u00e1 nh\u00e2n<\/strong> The Beekeray cam k\u1ebft b\u1ea3o m\u1eadt tuy\u1ec7t \u0111\u1ed1i th\u00f4ng tin c\u00e1 nh\u00e2n c\u1ee7a b\u1ea1n:<\/p>\n\n\n\n<ul class=\"wp-block-list\">\n<li><strong>Thu th\u1eadp th\u00f4ng tin:<\/strong> Ch\u00fang t\u00f4i thu th\u1eadp h\u1ecd t\u00ean, email, s\u1ed1 \u0111i\u1ec7n tho\u1ea1i, \u0111\u1ecba ch\u1ec9 giao h\u00e0ng&#8230; khi b\u1ea1n \u0111\u0103ng k\u00fd t\u00e0i kho\u1ea3n ho\u1eb7c \u0111\u1eb7t b\u00e1nh.<\/li>\n\n\n\n<li><strong>S\u1eed d\u1ee5ng th\u00f4ng tin:<\/strong> Nh\u1eb1m x\u1eed l\u00fd \u0111\u01a1n h\u00e0ng, \u0111i\u1ec1u ph\u1ed1i giao nh\u1eadn, h\u1ed7 tr\u1ee3 kh\u00e1ch h\u00e0ng v\u00e0 g\u1eedi th\u00f4ng b\u00e1o khuy\u1ebfn m\u00e3i ph\u00f9 h\u1ee3p.<\/li>\n\n\n\n<li><strong>B\u1ea3o m\u1eadt:<\/strong> \u00c1p d\u1ee5ng bi\u1ec7n ph\u00e1p c\u00f4ng ngh\u1ec7 v\u00e0 qu\u1ea3n l\u00fd nghi\u00eam ng\u1eb7t \u0111\u1ec3 tr\u00e1nh r\u00f2 r\u1ec9 d\u1eef li\u1ec7u. Ch\u1ec9 nh\u00e2n vi\u00ean c\u00f3 th\u1ea9m quy\u1ec1n m\u1edbi \u0111\u01b0\u1ee3c x\u1eed l\u00fd th\u00f4ng tin \u0111\u01a1n h\u00e0ng.<\/li>\n\n\n\n<li><strong>Chia s\u1ebb th\u00f4ng tin:<\/strong> Ch\u1ec9 cung c\u1ea5p cho \u0111\u1ed1i t\u00e1c \u0111\u01b0\u1ee3c \u1ee7y quy\u1ec1n (nh\u01b0 \u0111\u01a1n v\u1ecb v\u1eadn chuy\u1ec3n) \u0111\u1ec3 th\u1ef1c hi\u1ec7n d\u1ecbch v\u1ee5, tuy\u1ec7t \u0111\u1ed1i kh\u00f4ng b\u00e1n d\u1eef li\u1ec7u cho b\u00ean th\u1ee9 ba.<\/li>\n\n\n\n<li><strong>Quy\u1ec1n ng\u01b0\u1eddi d\u00f9ng:<\/strong> B\u1ea1n c\u00f3 quy\u1ec1n y\u00eau c\u1ea7u truy c\u1eadp, ch\u1ec9nh s\u1eeda, x\u00f3a th\u00f4ng tin ho\u1eb7c t\u1eeb ch\u1ed1i nh\u1eadn email qu\u1ea3ng c\u00e1o b\u1ea5t c\u1ee9 l\u00fac n\u00e0o qua n\u00fat \u201cH\u1ee7y \u0111\u0103ng k\u00fd\u201d.<\/li>\n<\/ul>\n\n\n\n<p>N\u1ebfu b\u1ea1n c\u00f3 b\u1ea5t k\u1ef3 th\u1eafc m\u1eafc n\u00e0o v\u1ec1 ch\u00ednh s\u00e1ch, vui l\u00f2ng li\u00ean h\u1ec7 v\u1edbi ch\u00fang t\u00f4i qua c\u00e1c k\u00eanh h\u1ed7 tr\u1ee3 \u0111\u01b0\u1ee3c cung c\u1ea5p tr\u00ean website.<\/p>\n\n\n\n<p><strong>C\u1ea3m \u01a1n b\u1ea1n \u0111\u00e3 tin t\u01b0\u1edfng v\u00e0 \u0111\u1ed3ng h\u00e0nh c\u00f9ng The Beekeray!<\/strong><\/p>\n\n\n","protected":false},"excerpt":{"rendered":"<p>\u0110I\u1ec0U KHO\u1ea2N S\u1eec D\u1ee4NG &#8211; THE BEEKERAY Xin ch\u00e0o b\u1ea1n \u0111\u1ebfn v\u1edbi Website c\u1ee7a Ti\u1ec7m b\u00e1nh The Beekeray! Ch\u00fang t\u00f4i c\u00f3 th\u1ec3 c\u1eadp nh\u1eadt c\u00e1c \u0111i\u1ec1u kho\u1ea3n th\u1ecfa thu\u1eadn v\u1ec1 s\u1eed d\u1ee5ng Trang Web m\u00e0 kh\u00f4ng c\u1ea7n th\u00f4ng b\u00e1o tr\u01b0\u1edbc. Vi\u1ec7c b\u1ea1n ti\u1ebfp t\u1ee5c s\u1eed d\u1ee5ng trang web n\u00e0y \u0111\u1ed3ng ngh\u0129a v\u1edbi vi\u1ec7c b\u1ea1n \u0111\u1ed3ng [&#8230;]\n","protected":false},"author":1,"featured_media":0,"parent":0,"menu_order":0,"comment_status":"closed","ping_status":"closed","template":"","meta":{"footnotes":""},"class_list":["post-607","page","type-page","status-publish","hentry"],"yoast_head":"<!-- This site is optimized with the Yoast SEO plugin v27.1.1 - https:\/\/yoast.com\/product\/yoast-seo-wordpress\/ -->\n<title>\u0110i\u1ec1u kho\u1ea3n s\u1eed d\u1ee5ng - Beekeray<\/title>\n<meta name=\"robots\" content=\"index, follow, max-snippet:-1, max-image-preview:large, max-video-preview:-1\" \/>\n<link rel=\"canonical\" href=\"https:\/\/shopbanh.azdigi.shop\/index.php\/dieu-khoan-su-dung\/\" \/>\n<meta property=\"og:locale\" content=\"vi_VN\" \/>\n<meta property=\"og:type\" content=\"article\" \/>\n<meta property=\"og:title\" content=\"\u0110i\u1ec1u kho\u1ea3n s\u1eed d\u1ee5ng - Beekeray\" \/>\n<meta property=\"og:description\" content=\"\u0110I\u1ec0U KHO\u1ea2N S\u1eec D\u1ee4NG &#8211; THE BEEKERAY Xin ch\u00e0o b\u1ea1n \u0111\u1ebfn v\u1edbi Website c\u1ee7a Ti\u1ec7m b\u00e1nh The Beekeray! Ch\u00fang t\u00f4i c\u00f3 th\u1ec3 c\u1eadp nh\u1eadt c\u00e1c \u0111i\u1ec1u kho\u1ea3n th\u1ecfa thu\u1eadn v\u1ec1 s\u1eed d\u1ee5ng Trang Web m\u00e0 kh\u00f4ng c\u1ea7n th\u00f4ng b\u00e1o tr\u01b0\u1edbc. Vi\u1ec7c b\u1ea1n ti\u1ebfp t\u1ee5c s\u1eed d\u1ee5ng trang web n\u00e0y \u0111\u1ed3ng ngh\u0129a v\u1edbi vi\u1ec7c b\u1ea1n \u0111\u1ed3ng [...]\" \/>\n<meta property=\"og:url\" content=\"https:\/\/shopbanh.azdigi.shop\/index.php\/dieu-khoan-su-dung\/\" \/>\n<meta property=\"og:site_name\" content=\"Beekeray\" \/>\n<meta property=\"article:modified_time\" content=\"2026-04-18T08:06:18+00:00\" \/>\n<meta name=\"twitter:card\" content=\"summary_large_image\" \/>\n<meta name=\"twitter:label1\" content=\"\u01af\u1edbc t\u00ednh th\u1eddi gian \u0111\u1ecdc\" \/>\n\t<meta name=\"twitter:data1\" content=\"6 ph\u00fat\" \/>\n<script type=\"application\/ld+json\" class=\"yoast-schema-graph\">{\"@context\":\"https:\/\/schema.org\",\"@graph\":[{\"@type\":\"WebPage\",\"@id\":\"https:\/\/shopbanh.azdigi.shop\/index.php\/dieu-khoan-su-dung\/\",\"url\":\"https:\/\/shopbanh.azdigi.shop\/index.php\/dieu-khoan-su-dung\/\",\"name\":\"\u0110i\u1ec1u kho\u1ea3n s\u1eed d\u1ee5ng - Beekeray\",\"isPartOf\":{\"@id\":\"https:\/\/shopbanh.azdigi.shop\/#website\"},\"datePublished\":\"2026-04-15T16:05:52+00:00\",\"dateModified\":\"2026-04-18T08:06:18+00:00\",\"breadcrumb\":{\"@id\":\"https:\/\/shopbanh.azdigi.shop\/index.php\/dieu-khoan-su-dung\/#breadcrumb\"},\"inLanguage\":\"vi\",\"potentialAction\":[{\"@type\":\"ReadAction\",\"target\":[\"https:\/\/shopbanh.azdigi.shop\/index.php\/dieu-khoan-su-dung\/\"]}]},{\"@type\":\"BreadcrumbList\",\"@id\":\"https:\/\/shopbanh.azdigi.shop\/index.php\/dieu-khoan-su-dung\/#breadcrumb\",\"itemListElement\":[{\"@type\":\"ListItem\",\"position\":1,\"name\":\"Home\",\"item\":\"https:\/\/shopbanh.azdigi.shop\/\"},{\"@type\":\"ListItem\",\"position\":2,\"name\":\"\u0110i\u1ec1u kho\u1ea3n s\u1eed d\u1ee5ng\"}]},{\"@type\":\"WebSite\",\"@id\":\"https:\/\/shopbanh.azdigi.shop\/#website\",\"url\":\"https:\/\/shopbanh.azdigi.shop\/\",\"name\":\"Beekeray\",\"description\":\"\",\"publisher\":{\"@id\":\"https:\/\/shopbanh.azdigi.shop\/#\/schema\/person\/8cb6f523c7260b11946ab8fec433d460\"},\"potentialAction\":[{\"@type\":\"SearchAction\",\"target\":{\"@type\":\"EntryPoint\",\"urlTemplate\":\"https:\/\/shopbanh.azdigi.shop\/?s={search_term_string}\"},\"query-input\":{\"@type\":\"PropertyValueSpecification\",\"valueRequired\":true,\"valueName\":\"search_term_string\"}}],\"inLanguage\":\"vi\"},{\"@type\":[\"Person\",\"Organization\"],\"@id\":\"https:\/\/shopbanh.azdigi.shop\/#\/schema\/person\/8cb6f523c7260b11946ab8fec433d460\",\"name\":\"phuoc thanh\",\"image\":{\"@type\":\"ImageObject\",\"inLanguage\":\"vi\",\"@id\":\"https:\/\/shopbanh.azdigi.shop\/#\/schema\/person\/image\/\",\"url\":\"https:\/\/shopbanh.azdigi.shop\/wp-content\/uploads\/2026\/01\/ong-ban-banh-xp.png\",\"contentUrl\":\"https:\/\/shopbanh.azdigi.shop\/wp-content\/uploads\/2026\/01\/ong-ban-banh-xp.png\",\"width\":290,\"height\":290,\"caption\":\"phuoc thanh\"},\"logo\":{\"@id\":\"https:\/\/shopbanh.azdigi.shop\/#\/schema\/person\/image\/\"},\"sameAs\":[\"https:\/\/shopbanh.azdigi.shop\"]}]}<\/script>\n<!-- \/ Yoast SEO plugin. -->","yoast_head_json":{"title":"\u0110i\u1ec1u kho\u1ea3n s\u1eed d\u1ee5ng - Beekeray","robots":{"index":"index","follow":"follow","max-snippet":"max-snippet:-1","max-image-preview":"max-image-preview:large","max-video-preview":"max-video-preview:-1"},"canonical":"https:\/\/shopbanh.azdigi.shop\/index.php\/dieu-khoan-su-dung\/","og_locale":"vi_VN","og_type":"article","og_title":"\u0110i\u1ec1u kho\u1ea3n s\u1eed d\u1ee5ng - Beekeray","og_description":"\u0110I\u1ec0U KHO\u1ea2N S\u1eec D\u1ee4NG &#8211; THE BEEKERAY Xin ch\u00e0o b\u1ea1n \u0111\u1ebfn v\u1edbi Website c\u1ee7a Ti\u1ec7m b\u00e1nh The Beekeray! Ch\u00fang t\u00f4i c\u00f3 th\u1ec3 c\u1eadp nh\u1eadt c\u00e1c \u0111i\u1ec1u kho\u1ea3n th\u1ecfa thu\u1eadn v\u1ec1 s\u1eed d\u1ee5ng Trang Web m\u00e0 kh\u00f4ng c\u1ea7n th\u00f4ng b\u00e1o tr\u01b0\u1edbc. Vi\u1ec7c b\u1ea1n ti\u1ebfp t\u1ee5c s\u1eed d\u1ee5ng trang web n\u00e0y \u0111\u1ed3ng ngh\u0129a v\u1edbi vi\u1ec7c b\u1ea1n \u0111\u1ed3ng [...]","og_url":"https:\/\/shopbanh.azdigi.shop\/index.php\/dieu-khoan-su-dung\/","og_site_name":"Beekeray","article_modified_time":"2026-04-18T08:06:18+00:00","twitter_card":"summary_large_image","twitter_misc":{"\u01af\u1edbc t\u00ednh th\u1eddi gian \u0111\u1ecdc":"6 ph\u00fat"},"schema":{"@context":"https:\/\/schema.org","@graph":[{"@type":"WebPage","@id":"https:\/\/shopbanh.azdigi.shop\/index.php\/dieu-khoan-su-dung\/","url":"https:\/\/shopbanh.azdigi.shop\/index.php\/dieu-khoan-su-dung\/","name":"\u0110i\u1ec1u kho\u1ea3n s\u1eed d\u1ee5ng - Beekeray","isPartOf":{"@id":"https:\/\/shopbanh.azdigi.shop\/#website"},"datePublished":"2026-04-15T16:05:52+00:00","dateModified":"2026-04-18T08:06:18+00:00","breadcrumb":{"@id":"https:\/\/shopbanh.azdigi.shop\/index.php\/dieu-khoan-su-dung\/#breadcrumb"},"inLanguage":"vi","potentialAction":[{"@type":"ReadAction","target":["https:\/\/shopbanh.azdigi.shop\/index.php\/dieu-khoan-su-dung\/"]}]},{"@type":"BreadcrumbList","@id":"https:\/\/shopbanh.azdigi.shop\/index.php\/dieu-khoan-su-dung\/#breadcrumb","itemListElement":[{"@type":"ListItem","position":1,"name":"Home","item":"https:\/\/shopbanh.azdigi.shop\/"},{"@type":"ListItem","position":2,"name":"\u0110i\u1ec1u kho\u1ea3n s\u1eed d\u1ee5ng"}]},{"@type":"WebSite","@id":"https:\/\/shopbanh.azdigi.shop\/#website","url":"https:\/\/shopbanh.azdigi.shop\/","name":"Beekeray","description":"","publisher":{"@id":"https:\/\/shopbanh.azdigi.shop\/#\/schema\/person\/8cb6f523c7260b11946ab8fec433d460"},"potentialAction":[{"@type":"SearchAction","target":{"@type":"EntryPoint","urlTemplate":"https:\/\/shopbanh.azdigi.shop\/?s={search_term_string}"},"query-input":{"@type":"PropertyValueSpecification","valueRequired":true,"valueName":"search_term_string"}}],"inLanguage":"vi"},{"@type":["Person","Organization"],"@id":"https:\/\/shopbanh.azdigi.shop\/#\/schema\/person\/8cb6f523c7260b11946ab8fec433d460","name":"phuoc thanh","image":{"@type":"ImageObject","inLanguage":"vi","@id":"https:\/\/shopbanh.azdigi.shop\/#\/schema\/person\/image\/","url":"https:\/\/shopbanh.azdigi.shop\/wp-content\/uploads\/2026\/01\/ong-ban-banh-xp.png","contentUrl":"https:\/\/shopbanh.azdigi.shop\/wp-content\/uploads\/2026\/01\/ong-ban-banh-xp.png","width":290,"height":290,"caption":"phuoc thanh"},"logo":{"@id":"https:\/\/shopbanh.azdigi.shop\/#\/schema\/person\/image\/"},"sameAs":["https:\/\/shopbanh.azdigi.shop"]}]}},"_links":{"self":[{"href":"https:\/\/shopbanh.azdigi.shop\/index.php\/wp-json\/wp\/v2\/pages\/607","targetHints":{"allow":["GET"]}}],"collection":[{"href":"https:\/\/shopbanh.azdigi.shop\/index.php\/wp-json\/wp\/v2\/pages"}],"about":[{"href":"https:\/\/shopbanh.azdigi.shop\/index.php\/wp-json\/wp\/v2\/types\/page"}],"author":[{"embeddable":true,"href":"https:\/\/shopbanh.azdigi.shop\/index.php\/wp-json\/wp\/v2\/users\/1"}],"replies":[{"embeddable":true,"href":"https:\/\/shopbanh.azdigi.shop\/index.php\/wp-json\/wp\/v2\/comments?post=607"}],"version-history":[{"count":1,"href":"https:\/\/shopbanh.azdigi.shop\/index.php\/wp-json\/wp\/v2\/pages\/607\/revisions"}],"predecessor-version":[{"id":608,"href":"https:\/\/shopbanh.azdigi.shop\/index.php\/wp-json\/wp\/v2\/pages\/607\/revisions\/608"}],"wp:attachment":[{"href":"https:\/\/shopbanh.azdigi.shop\/index.php\/wp-json\/wp\/v2\/media?parent=607"}],"curies":[{"name":"wp","href":"https:\/\/api.w.org\/{rel}","templated":true}]}}