{"id":172,"date":"2026-03-29T07:00:26","date_gmt":"2026-03-29T07:00:26","guid":{"rendered":"https:\/\/shopbanh.azdigi.shop\/index.php\/gio-hang\/"},"modified":"2026-04-19T04:29:56","modified_gmt":"2026-04-19T04:29:56","slug":"gio-hang","status":"publish","type":"page","link":"https:\/\/shopbanh.azdigi.shop\/index.php\/gio-hang\/","title":{"rendered":"Gi\u1ecf h\u00e0ng"},"content":{"rendered":"\n<div data-block-name=\"woocommerce\/cart\" class=\"wp-block-woocommerce-cart alignwide is-loading\">\n<div data-block-name=\"woocommerce\/filled-cart-block\" class=\"wp-block-woocommerce-filled-cart-block\">\n<div data-block-name=\"woocommerce\/cart-items-block\" class=\"wp-block-woocommerce-cart-items-block\">\n<div data-block-name=\"woocommerce\/cart-line-items-block\" class=\"wp-block-woocommerce-cart-line-items-block\"><\/div>\n\n\n<\/div>\n\n\n\n<div data-block-name=\"woocommerce\/cart-totals-block\" class=\"wp-block-woocommerce-cart-totals-block\">\n<div data-block-name=\"woocommerce\/cart-order-summary-block\" class=\"wp-block-woocommerce-cart-order-summary-block\">\n<div data-block-name=\"woocommerce\/cart-order-summary-heading-block\" data-content=\"T\u1ed5ng c\u1ed9ng gi\u1ecf h\u00e0ng\" class=\"wp-block-woocommerce-cart-order-summary-heading-block\"><\/div>\n\n\n\n<div data-block-name=\"woocommerce\/cart-order-summary-coupon-form-block\" class=\"wp-block-woocommerce-cart-order-summary-coupon-form-block\"><\/div>\n\n\n\n<div data-block-name=\"woocommerce\/cart-order-summary-totals-block\" class=\"wp-block-woocommerce-cart-order-summary-totals-block\">\n<div data-block-name=\"woocommerce\/cart-order-summary-subtotal-block\" class=\"wp-block-woocommerce-cart-order-summary-subtotal-block\"><\/div>\n\n\n\n<div data-block-name=\"woocommerce\/cart-order-summary-fee-block\" class=\"wp-block-woocommerce-cart-order-summary-fee-block\"><\/div>\n\n\n\n<div data-block-name=\"woocommerce\/cart-order-summary-discount-block\" class=\"wp-block-woocommerce-cart-order-summary-discount-block\"><\/div>\n\n\n\n<div data-block-name=\"woocommerce\/cart-order-summary-shipping-block\" class=\"wp-block-woocommerce-cart-order-summary-shipping-block\"><\/div>\n\n\n\n<div data-block-name=\"woocommerce\/cart-order-summary-taxes-block\" class=\"wp-block-woocommerce-cart-order-summary-taxes-block\"><\/div>\n<\/div>\n<\/div>\n\n\n\n<div data-block-name=\"woocommerce\/cart-express-payment-block\" class=\"wp-block-woocommerce-cart-express-payment-block\"><\/div>\n\n\n\n<div data-block-name=\"woocommerce\/proceed-to-checkout-block\" class=\"wp-block-woocommerce-proceed-to-checkout-block\"><\/div>\n\n\n\n<div data-block-name=\"woocommerce\/cart-accepted-payment-methods-block\" class=\"wp-block-woocommerce-cart-accepted-payment-methods-block\"><\/div>\n<\/div>\n<\/div>\n\n\n\n<div data-block-name=\"woocommerce\/empty-cart-block\" class=\"wp-block-woocommerce-empty-cart-block\">\n<h2 class=\"wp-block-heading has-text-align-center with-empty-cart-icon wc-block-cart__empty-cart__title\">Gi\u1ecf h\u00e0ng hi\u1ec7n t\u1ea1i ch\u01b0a c\u00f3 s\u1ea3n ph\u1ea9m n\u00e0o!<\/h2>\n\n\n\n<hr class=\"wp-block-separator has-alpha-channel-opacity is-style-dots\"\/>\n\n\n\n<h2 class=\"wp-block-heading has-text-align-center\">M\u1edbi trong c\u1eeda h\u00e0ng<\/h2>\n\n\n<div data-block-name=\"woocommerce\/product-new\" data-columns=\"4\" data-rows=\"1\" class=\"wc-block-grid wp-block-product-new wp-block-woocommerce-product-new wc-block-product-new has-4-columns\"><ul class=\"wc-block-grid__products\"><li class=\"wc-block-grid__product\">\n\t\t\t\t<a href=\"https:\/\/shopbanh.azdigi.shop\/index.php\/san-pham\/banh-quy-yen-mach-hanh-nhan-healthy\/\" class=\"wc-block-grid__product-link\">\n\t\t\t\t\t\n\t\t\t\t\t<div class=\"wc-block-grid__product-image\"><img loading=\"lazy\" decoding=\"async\" width=\"300\" height=\"300\" src=\"https:\/\/shopbanh.azdigi.shop\/wp-content\/uploads\/2026\/04\/download-15-300x300.jpg\" class=\"attachment-woocommerce_thumbnail size-woocommerce_thumbnail\" alt=\"B\u00e1nh Quy Y\u1ebfn M\u1ea1ch H\u1ea1nh Nh\u00e2n\" srcset=\"https:\/\/shopbanh.azdigi.shop\/wp-content\/uploads\/2026\/04\/download-15-300x300.jpg 300w, https:\/\/shopbanh.azdigi.shop\/wp-content\/uploads\/2026\/04\/download-15-150x150.jpg 150w, https:\/\/shopbanh.azdigi.shop\/wp-content\/uploads\/2026\/04\/download-15-100x100.jpg 100w\" sizes=\"auto, (max-width: 300px) 100vw, 300px\" \/><\/div>\n\t\t\t\t\t<div class=\"wc-block-grid__product-title\">B\u00e1nh Quy Y\u1ebfn M\u1ea1ch H\u1ea1nh Nh\u00e2n<\/div>\n\t\t\t\t<\/a>\n\t\t\t\t<div class=\"wc-block-grid__product-price price\"><span class=\"woocommerce-Price-amount amount\" aria-hidden=\"true\">20.000&nbsp;<span class=\"woocommerce-Price-currencySymbol\">&#8363;<\/span><\/span> <span aria-hidden=\"true\">&ndash;<\/span> <span class=\"woocommerce-Price-amount amount\" aria-hidden=\"true\">25.000&nbsp;<span class=\"woocommerce-Price-currencySymbol\">&#8363;<\/span><\/span><span class=\"screen-reader-text\">Kho\u1ea3ng gi\u00e1: t\u1eeb 20.000&nbsp;&#8363; \u0111\u1ebfn 25.000&nbsp;&#8363;<\/span><\/div>\n\t\t\t\t\n\t\t\t\t<div class=\"wp-block-button wc-block-grid__product-add-to-cart\"><a href=\"https:\/\/shopbanh.azdigi.shop\/index.php\/san-pham\/banh-quy-yen-mach-hanh-nhan-healthy\/\" aria-label=\"L\u1ef1a ch\u1ecdn cho &ldquo;B\u00e1nh Quy Y\u1ebfn M\u1ea1ch H\u1ea1nh Nh\u00e2n&rdquo;\" data-quantity=\"1\" data-product_id=\"774\" data-product_sku=\"\" data-price=\"20000\" rel=\"nofollow\" class=\"wp-block-button__link  add_to_cart_button\">Ch\u1ecdn<\/a><\/div>\n\t\t\t<\/li><li class=\"wc-block-grid__product\">\n\t\t\t\t<a href=\"https:\/\/shopbanh.azdigi.shop\/index.php\/san-pham\/banh-khuc-cay-socola-giang-sinh-truyen-thong\/\" class=\"wc-block-grid__product-link\">\n\t\t\t\t\t<div class=\"wc-block-grid__product-onsale\">\n\t\t\t<span aria-hidden=\"true\">Khuy\u1ebfn m\u1ea1i<\/span>\n\t\t\t<span class=\"screen-reader-text\">S\u1ea3n ph\u1ea9m \u0111ang gi\u1ea3m gi\u00e1<\/span>\n\t\t<\/div>\n\t\t\t\t\t<div class=\"wc-block-grid__product-image\"><img loading=\"lazy\" decoding=\"async\" width=\"300\" height=\"300\" src=\"https:\/\/shopbanh.azdigi.shop\/wp-content\/uploads\/2026\/04\/download-12-300x300.jpg\" class=\"attachment-woocommerce_thumbnail size-woocommerce_thumbnail\" alt=\"B\u00e1nh Kh\u00fac C\u00e2y Socola Gi\u00e1ng Sinh\" srcset=\"https:\/\/shopbanh.azdigi.shop\/wp-content\/uploads\/2026\/04\/download-12-300x300.jpg 300w, https:\/\/shopbanh.azdigi.shop\/wp-content\/uploads\/2026\/04\/download-12-150x150.jpg 150w, https:\/\/shopbanh.azdigi.shop\/wp-content\/uploads\/2026\/04\/download-12-600x600.jpg 600w, https:\/\/shopbanh.azdigi.shop\/wp-content\/uploads\/2026\/04\/download-12-100x100.jpg 100w, https:\/\/shopbanh.azdigi.shop\/wp-content\/uploads\/2026\/04\/download-12.jpg 736w\" sizes=\"auto, (max-width: 300px) 100vw, 300px\" \/><\/div>\n\t\t\t\t\t<div class=\"wc-block-grid__product-title\">B\u00e1nh Kh\u00fac C\u00e2y Socola Gi\u00e1ng Sinh<\/div>\n\t\t\t\t<\/a>\n\t\t\t\t<div class=\"wc-block-grid__product-price price\"><span class=\"woocommerce-Price-amount amount\" aria-hidden=\"true\">111.000&nbsp;<span class=\"woocommerce-Price-currencySymbol\">&#8363;<\/span><\/span> <span aria-hidden=\"true\">&ndash;<\/span> <span class=\"woocommerce-Price-amount amount\" aria-hidden=\"true\">139.000&nbsp;<span class=\"woocommerce-Price-currencySymbol\">&#8363;<\/span><\/span><span class=\"screen-reader-text\">Kho\u1ea3ng gi\u00e1: t\u1eeb 111.000&nbsp;&#8363; \u0111\u1ebfn 139.000&nbsp;&#8363;<\/span><\/div>\n\t\t\t\t\n\t\t\t\t<div class=\"wp-block-button wc-block-grid__product-add-to-cart\"><a href=\"https:\/\/shopbanh.azdigi.shop\/index.php\/san-pham\/banh-khuc-cay-socola-giang-sinh-truyen-thong\/\" aria-label=\"L\u1ef1a ch\u1ecdn cho &ldquo;B\u00e1nh Kh\u00fac C\u00e2y Socola Gi\u00e1ng Sinh&rdquo;\" data-quantity=\"1\" data-product_id=\"769\" data-product_sku=\"\" data-price=\"111000\" rel=\"nofollow\" class=\"wp-block-button__link  add_to_cart_button\">Ch\u1ecdn<\/a><\/div>\n\t\t\t<\/li><li class=\"wc-block-grid__product\">\n\t\t\t\t<a href=\"https:\/\/shopbanh.azdigi.shop\/index.php\/san-pham\/banh-muffin-rau-cu\/\" class=\"wc-block-grid__product-link\">\n\t\t\t\t\t<div class=\"wc-block-grid__product-onsale\">\n\t\t\t<span aria-hidden=\"true\">Khuy\u1ebfn m\u1ea1i<\/span>\n\t\t\t<span class=\"screen-reader-text\">S\u1ea3n ph\u1ea9m \u0111ang gi\u1ea3m gi\u00e1<\/span>\n\t\t<\/div>\n\t\t\t\t\t<div class=\"wc-block-grid__product-image\"><img loading=\"lazy\" decoding=\"async\" width=\"300\" height=\"300\" src=\"https:\/\/shopbanh.azdigi.shop\/wp-content\/uploads\/2026\/04\/Carrot-Cake-Zucchini-Muffins-300x300.jpg\" class=\"attachment-woocommerce_thumbnail size-woocommerce_thumbnail\" alt=\"B\u00e1nh Muffin Rau C\u1ee7\" srcset=\"https:\/\/shopbanh.azdigi.shop\/wp-content\/uploads\/2026\/04\/Carrot-Cake-Zucchini-Muffins-300x300.jpg 300w, https:\/\/shopbanh.azdigi.shop\/wp-content\/uploads\/2026\/04\/Carrot-Cake-Zucchini-Muffins-150x150.jpg 150w, https:\/\/shopbanh.azdigi.shop\/wp-content\/uploads\/2026\/04\/Carrot-Cake-Zucchini-Muffins-100x100.jpg 100w\" sizes=\"auto, (max-width: 300px) 100vw, 300px\" \/><\/div>\n\t\t\t\t\t<div class=\"wc-block-grid__product-title\">B\u00e1nh Muffin Rau C\u1ee7<\/div>\n\t\t\t\t<\/a>\n\t\t\t\t<div class=\"wc-block-grid__product-price price\"><span class=\"woocommerce-Price-amount amount\" aria-hidden=\"true\">15.000&nbsp;<span class=\"woocommerce-Price-currencySymbol\">&#8363;<\/span><\/span> <span aria-hidden=\"true\">&ndash;<\/span> <span class=\"woocommerce-Price-amount amount\" aria-hidden=\"true\">45.000&nbsp;<span class=\"woocommerce-Price-currencySymbol\">&#8363;<\/span><\/span><span class=\"screen-reader-text\">Kho\u1ea3ng gi\u00e1: t\u1eeb 15.000&nbsp;&#8363; \u0111\u1ebfn 45.000&nbsp;&#8363;<\/span><\/div>\n\t\t\t\t\n\t\t\t\t<div class=\"wp-block-button wc-block-grid__product-add-to-cart\"><a href=\"https:\/\/shopbanh.azdigi.shop\/index.php\/san-pham\/banh-muffin-rau-cu\/\" aria-label=\"L\u1ef1a ch\u1ecdn cho &ldquo;B\u00e1nh Muffin Rau C\u1ee7&rdquo;\" data-quantity=\"1\" data-product_id=\"658\" data-product_sku=\"\" data-price=\"15000\" rel=\"nofollow\" class=\"wp-block-button__link  add_to_cart_button\">Ch\u1ecdn<\/a><\/div>\n\t\t\t<\/li><li class=\"wc-block-grid__product\">\n\t\t\t\t<a href=\"https:\/\/shopbanh.azdigi.shop\/index.php\/san-pham\/banh-biscotti-nguyen-cam-an-kieng-healthy\/\" class=\"wc-block-grid__product-link\">\n\t\t\t\t\t<div class=\"wc-block-grid__product-onsale\">\n\t\t\t<span aria-hidden=\"true\">Khuy\u1ebfn m\u1ea1i<\/span>\n\t\t\t<span class=\"screen-reader-text\">S\u1ea3n ph\u1ea9m \u0111ang gi\u1ea3m gi\u00e1<\/span>\n\t\t<\/div>\n\t\t\t\t\t<div class=\"wc-block-grid__product-image\"><img loading=\"lazy\" decoding=\"async\" width=\"300\" height=\"300\" src=\"https:\/\/shopbanh.azdigi.shop\/wp-content\/uploads\/2026\/04\/Almond-Biscotti-Cookie-Recipe-300x300.jpg\" class=\"attachment-woocommerce_thumbnail size-woocommerce_thumbnail\" alt=\"B\u00e1nh Biscotti\" srcset=\"https:\/\/shopbanh.azdigi.shop\/wp-content\/uploads\/2026\/04\/Almond-Biscotti-Cookie-Recipe-300x300.jpg 300w, https:\/\/shopbanh.azdigi.shop\/wp-content\/uploads\/2026\/04\/Almond-Biscotti-Cookie-Recipe-150x150.jpg 150w, https:\/\/shopbanh.azdigi.shop\/wp-content\/uploads\/2026\/04\/Almond-Biscotti-Cookie-Recipe-100x100.jpg 100w\" sizes=\"auto, (max-width: 300px) 100vw, 300px\" \/><\/div>\n\t\t\t\t\t<div class=\"wc-block-grid__product-title\">B\u00e1nh Biscotti<\/div>\n\t\t\t\t<\/a>\n\t\t\t\t<div class=\"wc-block-grid__product-price price\"><span class=\"woocommerce-Price-amount amount\" aria-hidden=\"true\">30.000&nbsp;<span class=\"woocommerce-Price-currencySymbol\">&#8363;<\/span><\/span> <span aria-hidden=\"true\">&ndash;<\/span> <span class=\"woocommerce-Price-amount amount\" aria-hidden=\"true\">80.000&nbsp;<span class=\"woocommerce-Price-currencySymbol\">&#8363;<\/span><\/span><span class=\"screen-reader-text\">Kho\u1ea3ng gi\u00e1: t\u1eeb 30.000&nbsp;&#8363; \u0111\u1ebfn 80.000&nbsp;&#8363;<\/span><\/div>\n\t\t\t\t\n\t\t\t\t<div class=\"wp-block-button wc-block-grid__product-add-to-cart\"><a href=\"https:\/\/shopbanh.azdigi.shop\/index.php\/san-pham\/banh-biscotti-nguyen-cam-an-kieng-healthy\/\" aria-label=\"L\u1ef1a ch\u1ecdn cho &ldquo;B\u00e1nh Biscotti&rdquo;\" data-quantity=\"1\" data-product_id=\"649\" data-product_sku=\"\" data-price=\"30000\" rel=\"nofollow\" class=\"wp-block-button__link  add_to_cart_button\">Ch\u1ecdn<\/a><\/div>\n\t\t\t<\/li><\/ul><\/div><\/div>\n<\/div>\n","protected":false},"excerpt":{"rendered":"","protected":false},"author":1,"featured_media":0,"parent":0,"menu_order":0,"comment_status":"closed","ping_status":"closed","template":"","meta":{"footnotes":""},"class_list":["post-172","page","type-page","status-publish","hentry"],"yoast_head":"<!-- This site is optimized with the Yoast SEO plugin v27.1.1 - https:\/\/yoast.com\/product\/yoast-seo-wordpress\/ -->\n<title>Gi\u1ecf h\u00e0ng - Beekeray<\/title>\n<meta name=\"description\" content=\"gi\u1ecf h\u00e0ng n\u01a1i thanh to\u00e1n m\u1ecdi giao d\u1ecbch\" \/>\n<meta name=\"robots\" content=\"index, follow, max-snippet:-1, max-image-preview:large, max-video-preview:-1\" \/>\n<link rel=\"canonical\" href=\"https:\/\/shopbanh.azdigi.shop\/index.php\/gio-hang\/\" \/>\n<meta property=\"og:locale\" content=\"vi_VN\" \/>\n<meta property=\"og:type\" content=\"article\" \/>\n<meta property=\"og:title\" content=\"Gi\u1ecf h\u00e0ng - Beekeray\" \/>\n<meta property=\"og:description\" content=\"gi\u1ecf h\u00e0ng n\u01a1i thanh to\u00e1n m\u1ecdi giao d\u1ecbch\" \/>\n<meta property=\"og:url\" content=\"https:\/\/shopbanh.azdigi.shop\/index.php\/gio-hang\/\" \/>\n<meta property=\"og:site_name\" content=\"Beekeray\" \/>\n<meta property=\"article:modified_time\" content=\"2026-04-19T04:29:56+00:00\" \/>\n<meta name=\"twitter:card\" content=\"summary_large_image\" \/>\n<meta name=\"twitter:label1\" content=\"\u01af\u1edbc t\u00ednh th\u1eddi gian \u0111\u1ecdc\" \/>\n\t<meta name=\"twitter:data1\" content=\"1 ph\u00fat\" \/>\n<script type=\"application\/ld+json\" class=\"yoast-schema-graph\">{\"@context\":\"https:\/\/schema.org\",\"@graph\":[{\"@type\":\"WebPage\",\"@id\":\"https:\/\/shopbanh.azdigi.shop\/index.php\/gio-hang\/\",\"url\":\"https:\/\/shopbanh.azdigi.shop\/index.php\/gio-hang\/\",\"name\":\"Gi\u1ecf h\u00e0ng - Beekeray\",\"isPartOf\":{\"@id\":\"https:\/\/shopbanh.azdigi.shop\/#website\"},\"datePublished\":\"2026-03-29T07:00:26+00:00\",\"dateModified\":\"2026-04-19T04:29:56+00:00\",\"description\":\"gi\u1ecf h\u00e0ng n\u01a1i thanh to\u00e1n m\u1ecdi giao d\u1ecbch\",\"breadcrumb\":{\"@id\":\"https:\/\/shopbanh.azdigi.shop\/index.php\/gio-hang\/#breadcrumb\"},\"inLanguage\":\"vi\",\"potentialAction\":[{\"@type\":\"ReadAction\",\"target\":[\"https:\/\/shopbanh.azdigi.shop\/index.php\/gio-hang\/\"]}]},{\"@type\":\"BreadcrumbList\",\"@id\":\"https:\/\/shopbanh.azdigi.shop\/index.php\/gio-hang\/#breadcrumb\",\"itemListElement\":[{\"@type\":\"ListItem\",\"position\":1,\"name\":\"Home\",\"item\":\"https:\/\/shopbanh.azdigi.shop\/\"},{\"@type\":\"ListItem\",\"position\":2,\"name\":\"Gi\u1ecf h\u00e0ng\"}]},{\"@type\":\"WebSite\",\"@id\":\"https:\/\/shopbanh.azdigi.shop\/#website\",\"url\":\"https:\/\/shopbanh.azdigi.shop\/\",\"name\":\"Beekeray\",\"description\":\"\",\"publisher\":{\"@id\":\"https:\/\/shopbanh.azdigi.shop\/#\/schema\/person\/8cb6f523c7260b11946ab8fec433d460\"},\"potentialAction\":[{\"@type\":\"SearchAction\",\"target\":{\"@type\":\"EntryPoint\",\"urlTemplate\":\"https:\/\/shopbanh.azdigi.shop\/?s={search_term_string}\"},\"query-input\":{\"@type\":\"PropertyValueSpecification\",\"valueRequired\":true,\"valueName\":\"search_term_string\"}}],\"inLanguage\":\"vi\"},{\"@type\":[\"Person\",\"Organization\"],\"@id\":\"https:\/\/shopbanh.azdigi.shop\/#\/schema\/person\/8cb6f523c7260b11946ab8fec433d460\",\"name\":\"phuoc thanh\",\"image\":{\"@type\":\"ImageObject\",\"inLanguage\":\"vi\",\"@id\":\"https:\/\/shopbanh.azdigi.shop\/#\/schema\/person\/image\/\",\"url\":\"https:\/\/shopbanh.azdigi.shop\/wp-content\/uploads\/2026\/01\/ong-ban-banh-xp.png\",\"contentUrl\":\"https:\/\/shopbanh.azdigi.shop\/wp-content\/uploads\/2026\/01\/ong-ban-banh-xp.png\",\"width\":290,\"height\":290,\"caption\":\"phuoc thanh\"},\"logo\":{\"@id\":\"https:\/\/shopbanh.azdigi.shop\/#\/schema\/person\/image\/\"},\"sameAs\":[\"https:\/\/shopbanh.azdigi.shop\"]}]}<\/script>\n<!-- \/ Yoast SEO plugin. -->","yoast_head_json":{"title":"Gi\u1ecf h\u00e0ng - Beekeray","description":"gi\u1ecf h\u00e0ng n\u01a1i thanh to\u00e1n m\u1ecdi giao d\u1ecbch","robots":{"index":"index","follow":"follow","max-snippet":"max-snippet:-1","max-image-preview":"max-image-preview:large","max-video-preview":"max-video-preview:-1"},"canonical":"https:\/\/shopbanh.azdigi.shop\/index.php\/gio-hang\/","og_locale":"vi_VN","og_type":"article","og_title":"Gi\u1ecf h\u00e0ng - Beekeray","og_description":"gi\u1ecf h\u00e0ng n\u01a1i thanh to\u00e1n m\u1ecdi giao d\u1ecbch","og_url":"https:\/\/shopbanh.azdigi.shop\/index.php\/gio-hang\/","og_site_name":"Beekeray","article_modified_time":"2026-04-19T04:29:56+00:00","twitter_card":"summary_large_image","twitter_misc":{"\u01af\u1edbc t\u00ednh th\u1eddi gian \u0111\u1ecdc":"1 ph\u00fat"},"schema":{"@context":"https:\/\/schema.org","@graph":[{"@type":"WebPage","@id":"https:\/\/shopbanh.azdigi.shop\/index.php\/gio-hang\/","url":"https:\/\/shopbanh.azdigi.shop\/index.php\/gio-hang\/","name":"Gi\u1ecf h\u00e0ng - Beekeray","isPartOf":{"@id":"https:\/\/shopbanh.azdigi.shop\/#website"},"datePublished":"2026-03-29T07:00:26+00:00","dateModified":"2026-04-19T04:29:56+00:00","description":"gi\u1ecf h\u00e0ng n\u01a1i thanh to\u00e1n m\u1ecdi giao d\u1ecbch","breadcrumb":{"@id":"https:\/\/shopbanh.azdigi.shop\/index.php\/gio-hang\/#breadcrumb"},"inLanguage":"vi","potentialAction":[{"@type":"ReadAction","target":["https:\/\/shopbanh.azdigi.shop\/index.php\/gio-hang\/"]}]},{"@type":"BreadcrumbList","@id":"https:\/\/shopbanh.azdigi.shop\/index.php\/gio-hang\/#breadcrumb","itemListElement":[{"@type":"ListItem","position":1,"name":"Home","item":"https:\/\/shopbanh.azdigi.shop\/"},{"@type":"ListItem","position":2,"name":"Gi\u1ecf h\u00e0ng"}]},{"@type":"WebSite","@id":"https:\/\/shopbanh.azdigi.shop\/#website","url":"https:\/\/shopbanh.azdigi.shop\/","name":"Beekeray","description":"","publisher":{"@id":"https:\/\/shopbanh.azdigi.shop\/#\/schema\/person\/8cb6f523c7260b11946ab8fec433d460"},"potentialAction":[{"@type":"SearchAction","target":{"@type":"EntryPoint","urlTemplate":"https:\/\/shopbanh.azdigi.shop\/?s={search_term_string}"},"query-input":{"@type":"PropertyValueSpecification","valueRequired":true,"valueName":"search_term_string"}}],"inLanguage":"vi"},{"@type":["Person","Organization"],"@id":"https:\/\/shopbanh.azdigi.shop\/#\/schema\/person\/8cb6f523c7260b11946ab8fec433d460","name":"phuoc thanh","image":{"@type":"ImageObject","inLanguage":"vi","@id":"https:\/\/shopbanh.azdigi.shop\/#\/schema\/person\/image\/","url":"https:\/\/shopbanh.azdigi.shop\/wp-content\/uploads\/2026\/01\/ong-ban-banh-xp.png","contentUrl":"https:\/\/shopbanh.azdigi.shop\/wp-content\/uploads\/2026\/01\/ong-ban-banh-xp.png","width":290,"height":290,"caption":"phuoc thanh"},"logo":{"@id":"https:\/\/shopbanh.azdigi.shop\/#\/schema\/person\/image\/"},"sameAs":["https:\/\/shopbanh.azdigi.shop"]}]}},"_links":{"self":[{"href":"https:\/\/shopbanh.azdigi.shop\/index.php\/wp-json\/wp\/v2\/pages\/172","targetHints":{"allow":["GET"]}}],"collection":[{"href":"https:\/\/shopbanh.azdigi.shop\/index.php\/wp-json\/wp\/v2\/pages"}],"about":[{"href":"https:\/\/shopbanh.azdigi.shop\/index.php\/wp-json\/wp\/v2\/types\/page"}],"author":[{"embeddable":true,"href":"https:\/\/shopbanh.azdigi.shop\/index.php\/wp-json\/wp\/v2\/users\/1"}],"replies":[{"embeddable":true,"href":"https:\/\/shopbanh.azdigi.shop\/index.php\/wp-json\/wp\/v2\/comments?post=172"}],"version-history":[{"count":2,"href":"https:\/\/shopbanh.azdigi.shop\/index.php\/wp-json\/wp\/v2\/pages\/172\/revisions"}],"predecessor-version":[{"id":766,"href":"https:\/\/shopbanh.azdigi.shop\/index.php\/wp-json\/wp\/v2\/pages\/172\/revisions\/766"}],"wp:attachment":[{"href":"https:\/\/shopbanh.azdigi.shop\/index.php\/wp-json\/wp\/v2\/media?parent=172"}],"curies":[{"name":"wp","href":"https:\/\/api.w.org\/{rel}","templated":true}]}}